{"id":8265,"date":"2019-06-13T12:19:03","date_gmt":"2019-06-13T16:19:03","guid":{"rendered":"http:\/\/isuarsivik.ca\/?page_id=8265"},"modified":"2025-04-07T04:55:02","modified_gmt":"2025-04-07T08:55:02","slug":"nouvelles","status":"publish","type":"page","link":"https:\/\/isuarsivik.ca\/fr\/nouvelles\/","title":{"rendered":"Nouvelles et medias"},"content":{"rendered":"<div class=\"wpb-content-wrapper\"><p>[vc_row][vc_column][vc_row_inner css=\u00a0\u00bb.vc_custom_1732789762684{margin-bottom: 60px !important;padding-top: 40px !important;padding-right: 5% !important;padding-bottom: 10px !important;padding-left: 5% !important;background-color: #cc9a2e !important;border-radius: 20px !important;}\u00a0\u00bb][vc_column_inner width=\u00a0\u00bb2\/3&Prime; css=\u00a0\u00bb.vc_custom_1699015704417{padding-top: 0px !important;padding-right: 10% !important;padding-bottom: 0px !important;padding-left: 0px !important;}\u00a0\u00bb][vc_column_text]<\/p>\n<h3 style=\"color: white;\">Isuarsivik a un nouvel hymne !<\/h3>\n<p style=\"font-size: 18px; color: white;\">D\u00e9couvrez le nouvel hymne d&rsquo;Isuarsivik,, <strong>Tasiulaurluk<\/strong>, \u00e9crit et interpr\u00e9t\u00e9 par Beatrice Deer !<\/p>\n<p>[\/vc_column_text][vc_btn title=\u00a0\u00bbD\u00e9couvrez\u00a0\u00bb style=\u00a0\u00bbcustom\u00a0\u00bb custom_background=\u00a0\u00bb#454545&Prime; custom_text=\u00a0\u00bb#ffffff\u00a0\u00bb shape=\u00a0\u00bbround\u00a0\u00bb css=\u00a0\u00bb\u00a0\u00bb link=\u00a0\u00bburl:https%3A%2F%2Fisuarsivik.ca%2Ffr%2Ftasiulaurluk-lhymne-disuarsivik%2F|title:Tasiulaurluk%2C%20l%27hymne%20d%27Isuarsivik|\u00a0\u00bb el_class=\u00a0\u00bbbutton-2023&Prime;][\/vc_column_inner][vc_column_inner width=\u00a0\u00bb1\/3&Prime; css=\u00a0\u00bb.vc_custom_1699015969973{padding-top: 20px !important;padding-bottom: 0px !important;}\u00a0\u00bb][vc_single_image image=\u00a0\u00bb20385&Prime; img_size=\u00a0\u00bbmedium\u00a0\u00bb alignment=\u00a0\u00bbcenter\u00a0\u00bb][\/vc_column_inner][\/vc_row_inner][\/vc_column][\/vc_row][vc_row css=\u00a0\u00bb.vc_custom_1686084248444{margin-top: 5% !important;}\u00a0\u00bb][vc_column][vc_column_text][\/vc_column_text][\/vc_column][\/vc_row]<\/p>\n<\/div>","protected":false},"excerpt":{"rendered":"<p>[vc_row][vc_column][vc_row_inner css=\u00a0\u00bb.vc_custom_1732789762684{margin-bottom: 60px !important;padding-top: 40px !important;padding-right: 5% !important;padding-bottom: 10px !important;padding-left: 5% !important;background-color: #cc9a2e !important;border-radius: 20px !important;}\u00a0\u00bb][vc_column_inner width=\u00a0\u00bb2\/3&Prime; css=\u00a0\u00bb.vc_custom_1699015704417{padding-top: 0px !important;padding-right: 10% !important;padding-bottom: 0px !important;padding-left: 0px !important;}\u00a0\u00bb][vc_column_text] Isuarsivik a un nouvel hymne ! D\u00e9couvrez le nouvel hymne d&rsquo;Isuarsivik,, Tasiulaurluk, \u00e9crit et &hellip; <a href=\"https:\/\/isuarsivik.ca\/fr\/nouvelles\/\">Continue reading <span class=\"meta-nav\">&rarr;<\/span><\/a><\/p>\n","protected":false},"author":5,"featured_media":0,"parent":0,"menu_order":0,"comment_status":"closed","ping_status":"closed","template":"","meta":{"footnotes":""},"wf_page_folders":[266,257],"class_list":["post-8265","page","type-page","status-publish","hentry"],"_links":{"self":[{"href":"https:\/\/isuarsivik.ca\/fr\/wp-json\/wp\/v2\/pages\/8265","targetHints":{"allow":["GET"]}}],"collection":[{"href":"https:\/\/isuarsivik.ca\/fr\/wp-json\/wp\/v2\/pages"}],"about":[{"href":"https:\/\/isuarsivik.ca\/fr\/wp-json\/wp\/v2\/types\/page"}],"author":[{"embeddable":true,"href":"https:\/\/isuarsivik.ca\/fr\/wp-json\/wp\/v2\/users\/5"}],"replies":[{"embeddable":true,"href":"https:\/\/isuarsivik.ca\/fr\/wp-json\/wp\/v2\/comments?post=8265"}],"version-history":[{"count":3,"href":"https:\/\/isuarsivik.ca\/fr\/wp-json\/wp\/v2\/pages\/8265\/revisions"}],"predecessor-version":[{"id":23897,"href":"https:\/\/isuarsivik.ca\/fr\/wp-json\/wp\/v2\/pages\/8265\/revisions\/23897"}],"wp:attachment":[{"href":"https:\/\/isuarsivik.ca\/fr\/wp-json\/wp\/v2\/media?parent=8265"}],"wp:term":[{"taxonomy":"wf_page_folders","embeddable":true,"href":"https:\/\/isuarsivik.ca\/fr\/wp-json\/wp\/v2\/wf_page_folders?post=8265"}],"curies":[{"name":"wp","href":"https:\/\/api.w.org\/{rel}","templated":true}]}}