{"id":22998,"date":"2024-09-19T11:07:27","date_gmt":"2024-09-19T15:07:27","guid":{"rendered":"https:\/\/isuarsivik.ca\/?page_id=22998"},"modified":"2024-09-19T11:07:27","modified_gmt":"2024-09-19T15:07:27","slug":"conseiller-et-conseillere-en-soins-continus-puvirnituq","status":"publish","type":"page","link":"https:\/\/isuarsivik.ca\/fr\/nos-offres-demploi\/conseiller-et-conseillere-en-soins-continus-puvirnituq\/","title":{"rendered":"Conseiller et conseill\u00e8re en soins continus (Puvirnituq)"},"content":{"rendered":"<div class=\"wpb-content-wrapper\"><p>[vc_row css=\u00a0\u00bb.vc_custom_1650943584164{background-color: #f8f8f5 !important;}\u00a0\u00bb][vc_column offset=\u00a0\u00bbvc_hidden-xs\u00a0\u00bb][vc_empty_space height=\u00a0\u00bb60px\u00a0\u00bb][\/vc_column][\/vc_row][vc_row css=\u00a0\u00bb.vc_custom_1650995018858{padding-bottom: 50px !important;background-color: #f8f8f5 !important;}\u00a0\u00bb][vc_column][vc_row_inner el_class=\u00a0\u00bbintro-title\u00a0\u00bb][vc_column_inner width=\u00a0\u00bb2\/3&Prime;][vc_column_text]<\/p>\n<h1>Conseiller et conseill\u00e8re en soins continus (Puvirnituq)<\/h1>\n<p>[\/vc_column_text][\/vc_column_inner][vc_column_inner el_class=\u00a0\u00bbbloc-intro-CTA\u00a0\u00bb width=\u00a0\u00bb1\/3&Prime;]<a data-hover=\"font-size:14px;color:#ffffff;background-color:#8bb9ad;margin:50px 0;padding:14px 35px;opacity:1;filter:alpha(opacity=100);\" class=\"wd-shortcode-button  CTA-new\" style=\"font-size:14px;color:#ffffff;background-color:#cc9a2e;margin:50px 0;padding:14px 35px;opacity:1;filter:alpha(opacity=100);\" href=\"#job-form\">Je postule<\/a>[\/vc_column_inner][\/vc_row_inner][vc_row_inner gap=\u00a0\u00bb35&Prime; css=\u00a0\u00bb.vc_custom_1651605656280{padding-top: 30px !important;}\u00a0\u00bb][vc_column_inner width=\u00a0\u00bb1\/3&Prime; css=\u00a0\u00bb.vc_custom_1650995395638{padding-right: 15% !important;}\u00a0\u00bb][vc_column_text css=\u00a0\u00bb.vc_custom_1669047429570{padding-bottom: 20px !important;}\u00a0\u00bb]<\/p>\n<h6 style=\"color: #8bb9ad; text-transform: uppercase; font-weight: 500; margin-bottom: 0px;\">CONDITIONS<\/h6>\n<p style=\"font-size: 14px;\">Poste permanent \u00e0 temps plein<\/p>\n<p>[\/vc_column_text][vc_column_text css=\u00a0\u00bb.vc_custom_1669047445292{padding-bottom: 20px !important;}\u00a0\u00bb]<\/p>\n<h6 style=\"color: #8bb9ad; text-transform: uppercase; font-weight: 500; margin-bottom: 0px;\">d\u00c9partEment<\/h6>\n<p style=\"font-size: 14px;\">Direction des soins continus<\/p>\n<p>[\/vc_column_text][vc_column_text css=\u00a0\u00bb.vc_custom_1726758431377{padding-bottom: 20px !important;}\u00a0\u00bb]<\/p>\n<h6 style=\"color: #8bb9ad; text-transform: uppercase; font-weight: 500; margin-bottom: 0px;\">Emplacement<\/h6>\n<p style=\"font-size: 14px;\">Puvirnituq, Qu\u00e9bec<\/p>\n<p>[\/vc_column_text][vc_column_text css=\u00a0\u00bb.vc_custom_1726756958357{padding-bottom: 20px !important;}\u00a0\u00bb]<\/p>\n<h6 style=\"color: #8bb9ad; text-transform: uppercase; font-weight: 500; margin-bottom: 0px;\">Job posting end date<\/h6>\n<p><strong>30 Septembre 2024<\/strong>[\/vc_column_text][\/vc_column_inner][vc_column_inner width=\u00a0\u00bb2\/3&Prime;][vc_column_text css=\u00a0\u00bb.vc_custom_1726757082495{padding-bottom: 30px !important;}\u00a0\u00bb]Le Centre r\u00e9gional de r\u00e9tablissement Isuarsivik agit \u00e0 titre de centre de r\u00e9tablissement pour les 14\u00a0communaut\u00e9s du Nunavik, au nord du Qu\u00e9bec. Le centre propose un programme interne de huit semaines ainsi que divers services de soins continus, notamment des s\u00e9ances individuelles, de couple et de famille\u2009; des activit\u00e9s de groupe de soutien communautaire\u2009; ainsi que des s\u00e9ances de r\u00e9tablissement directement sur la terre.<\/p>\n<p>&nbsp;<\/p>\n<p>Dans ce contexte, <strong>le conseiller ou la conseill\u00e8re en soins continus<\/strong> joue un r\u00f4le crucial\u00a0:<\/p>\n<ul>\n<li>Assurer l\u2019offre de services communautaires sp\u00e9cialis\u00e9s en toxicomanie pour soutenir le r\u00e9tablissement des Nunavimmiut dans leur communaut\u00e9 d\u2019origine.<\/li>\n<li>Offrir des services de soutien aux usager(\u00e8re)s du Centre de r\u00e9tablissement pour assurer leur bien-\u00eatre physique et mental apr\u00e8s le programme de traitement. Aussi, veiller \u00e0 ce que des services de soutien ad\u00e9quats soient en place lorsque les usager(\u00e8re)s retournent dans leur collectivit\u00e9 d\u2019origine (suivi, services sp\u00e9cialis\u00e9s, etc.).<\/li>\n<li>Promouvoir et incarner quotidiennement les valeurs du Centre aupr\u00e8s des coll\u00e8gues, des usager(\u00e8re)s et des intervenant(e)s.<\/li>\n<li>Mettre en place des pratiques de bien-\u00eatre et de s\u00e9curit\u00e9 afin de favoriser un lieu de travail positif et stimulant pour tous et toutes.<\/li>\n<\/ul>\n<p>[\/vc_column_text][\/vc_column_inner][\/vc_row_inner][\/vc_column][\/vc_row][vc_row gap=\u00a0\u00bb35&Prime; css=\u00a0\u00bb.vc_custom_1651605702531{margin-top: 5% !important;margin-bottom: 5% !important;}\u00a0\u00bb][vc_column width=\u00a0\u00bb1\/3&Prime; css=\u00a0\u00bb.vc_custom_1651605734680{padding-bottom: 15px !important;}\u00a0\u00bb][vc_column_text]<\/p>\n<h4 style=\"font-size: 23px;\">Objectif du poste<\/h4>\n<p>[\/vc_column_text][\/vc_column][vc_column width=\u00a0\u00bb2\/3&Prime;][vc_column_text]Sous la direction de la coordonnatrice des soins continus, le conseiller ou la conseill\u00e8re en soins continus est responsable d\u2019assurer la prestation des services communautaires sp\u00e9cialis\u00e9s en toxicomanie aux Nunavimmiut engag\u00e9s dans un processus de r\u00e9tablissement. Les conseillers et conseill\u00e8res en soins continus travaillent avec les usager(\u00e8re)s pour \u00e9tablir un plan d\u2019intervention individuel qui traitera des questions de toxicomanie et d\u2019autres probl\u00e8mes connexes.[\/vc_column_text][\/vc_column][\/vc_row][vc_row gap=\u00a0\u00bb35&Prime; css=\u00a0\u00bb.vc_custom_1651605749592{margin-top: 5% !important;margin-bottom: 5% !important;}\u00a0\u00bb][vc_column width=\u00a0\u00bb1\/3&Prime; css=\u00a0\u00bb.vc_custom_1651605875256{padding-bottom: 15px !important;}\u00a0\u00bb][vc_column_text]<\/p>\n<h4 style=\"font-size: 23px; line-height: 110%;\">Fonctions et responsabilit\u00e9s essentielles<\/h4>\n<p>[\/vc_column_text][\/vc_column][vc_column width=\u00a0\u00bb2\/3&Prime;][vc_column_text css=\u00a0\u00bb.vc_custom_1726757109316{padding-bottom: 50px !important;}\u00a0\u00bb]<\/p>\n<ul>\n<li>\u00c9valuer, soutenir et conseiller les personnes admises dans le cadre du projet pilote de la \u00ab\u2009Cours du mieux-\u00eatre\u2009\u00bb du Nunavik (programme de traitement judiciaire) en collaboration avec l\u2019\u00e9quipe locale de Saqijuq.<\/li>\n<li>Faire des interventions apr\u00e8s-traitement et des suivis aupr\u00e8s des personnes qui ont suivi un traitement\u2009; utiliser les techniques et les approches appropri\u00e9es.<\/li>\n<li>Conseiller les personnes et les membres de la famille touch\u00e9s par les probl\u00e8mes de toxicomanie d\u2019un \u00eatre cher.<\/li>\n<li>Collaborer avec d\u2019autres ressources locales et r\u00e9gionales pour aider les usager(\u00e8re)s \u00e0 acc\u00e9der aux services (travailleurs et travailleuses aupr\u00e8s des jeunes et des familles, en bien-\u00eatre communautaire, en sant\u00e9 mentale et en pr\u00e9vention du suicide\u2009; centres de traitement\u2009; et intervenants et intervenantes cl\u00e9s en toxicomanie des centres de sant\u00e9).<\/li>\n<li>Collaborer \u00e0 des initiatives r\u00e9gionales et locales de sensibilisation du public et de pr\u00e9vention de la toxicomanie.<\/li>\n<li>Faciliter la cr\u00e9ation et le maintien de groupes d\u2019entraide\/th\u00e9rapeutiques dans le respect de l\u2019approche du d\u00e9veloppement communautaire.<\/li>\n<li>Le poste est bas\u00e9 \u00e0 Isuarsivik\u2009; la capacit\u00e9 de se rendre dans une communaut\u00e9 au besoin est requise.<\/li>\n<li>Performer toutes autres t\u00e2ches assign\u00e9es par la direction.<\/li>\n<\/ul>\n<p>[\/vc_column_text][\/vc_column][\/vc_row][vc_row gap=\u00a0\u00bb35&Prime; css=\u00a0\u00bb.vc_custom_1651605762423{margin-top: 5% !important;margin-bottom: 5% !important;}\u00a0\u00bb][vc_column width=\u00a0\u00bb1\/3&Prime; css=\u00a0\u00bb.vc_custom_1651605882173{padding-bottom: 15px !important;}\u00a0\u00bb][vc_column_text]<\/p>\n<h4 style=\"font-size: 23px; line-height: 110%;\">Qualifications<\/h4>\n<p>[\/vc_column_text][\/vc_column][vc_column width=\u00a0\u00bb2\/3&Prime;][vc_column_text css=\u00a0\u00bb.vc_custom_1726757122310{padding-bottom: 50px !important;}\u00a0\u00bb]<\/p>\n<h5 style=\"color: #cc9a2e; font-size: 16px;\">\u00c9ducation<\/h5>\n<div class=\"wpb_text_column wpb_content_element vc_custom_1668508779605\">\n<div class=\"wpb_wrapper\">\n<ul>\n<li>Dipl\u00f4me universitaire en intervention sociale (requis pour l\u2019un des postes).<\/li>\n<li>Dipl\u00f4me de c\u00e9gep dans une discipline li\u00e9e \u00e0 l\u2019intervention sociale.<\/li>\n<\/ul>\n<\/div>\n<\/div>\n<div class=\"wpb_text_column wpb_content_element vc_custom_1668508801664\">\n<div class=\"wpb_wrapper\"><\/div>\n<\/div>\n<p>[\/vc_column_text][vc_column_text css=\u00a0\u00bb.vc_custom_1726757137281{padding-bottom: 50px !important;}\u00a0\u00bb]<\/p>\n<h5 style=\"color: #cc9a2e; font-size: 16px;\">Exp\u00e9rience de travail<\/h5>\n<ul>\n<li>Deux ans dans le domaine de l\u2019intervention sociale ou du conseil.<\/li>\n<li>Exp\u00e9rience dans le domaine de l\u2019intervention sociale, de la d\u00e9pendance ou du bien-\u00eatre.<\/li>\n<\/ul>\n<p>[\/vc_column_text][vc_column_text css=\u00a0\u00bb.vc_custom_1726757153425{padding-bottom: 50px !important;}\u00a0\u00bb]<\/p>\n<h5 style=\"color: #cc9a2e; font-size: 16px;\">Connaissances et comp\u00e9tences<\/h5>\n<ul>\n<li>Excellentes aptitudes \u00e0 la communication verbale et \u00e9crite.<\/li>\n<li>Excellentes habilet\u00e9s en communications interpersonnelles, y compris la capacit\u00e9 \u00e0 faire preuve de tact et de diplomatie et \u00e0 travailler sous pression.<\/li>\n<li>Exp\u00e9rience personnelle et professionnelle dans un contexte interculturel.<\/li>\n<li>Capacit\u00e9 \u00e0 r\u00e9diger des rapports, des documents et des plans de travail sur un ordinateur.<\/li>\n<li>Forte autonomie et bonne capacit\u00e9 \u00e0 travailler en \u00e9quipe.<\/li>\n<li>Capacit\u00e9 \u00e0 travailler en dehors des heures normales de bureau.<\/li>\n<li>Bonne connaissance de la suite Office, notamment Word, Excel et Outlook.<\/li>\n<li>V\u00e9rification du casier judiciaire.<\/li>\n<\/ul>\n<p>[\/vc_column_text][vc_column_text]<\/p>\n<h5 style=\"color: #cc9a2e; font-size: 16px;\">Langues<\/h5>\n<ul>\n<li>Capacit\u00e9 \u00e0 lire, \u00e9crire et parler l\u2019inuktitut (un atout majeur)\u2009; l\u2019anglais est obligatoire.<\/li>\n<li>Capacit\u00e9 \u00e0 lire, \u00e9crire et parler fran\u00e7ais (un atout).<\/li>\n<\/ul>\n<p>[\/vc_column_text][\/vc_column][\/vc_row][vc_row gap=\u00a0\u00bb35&Prime; css=\u00a0\u00bb.vc_custom_1651605776186{margin-top: 5% !important;margin-bottom: 5% !important;}\u00a0\u00bb][vc_column width=\u00a0\u00bb1\/3&Prime; css=\u00a0\u00bb.vc_custom_1651605894475{padding-bottom: 15px !important;}\u00a0\u00bb][vc_column_text]<\/p>\n<h4 style=\"font-size: 23px; line-height: 110%;\">Environnement de travail<\/h4>\n<p>[\/vc_column_text][\/vc_column][vc_column width=\u00a0\u00bb2\/3&Prime;][vc_column_text]<\/p>\n<div class=\"wpb_row row vc_row-fluid vc_custom_1651605776186\">\n<div class=\"row-wide\">\n<div class=\"wd_row_content\">\n<div class=\"vc_col-sm-8 wpb_column vc_column_container\">\n<div class=\"vc_column-inner \">\n<div class=\"wpb_wrapper\">\n<div class=\"wpb_text_column wpb_content_element \">\n<div class=\"wpb_wrapper\">\n<ul>\n<li>La personne qui occupera ce poste doit trouver un \u00e9quilibre entre les multiples demandes et les besoins urgents des usager(\u00e8re)s, du personnel et des partenaires.<\/li>\n<li>Vous devez \u00eatre pr\u00eat(e) \u00e0 relever les d\u00e9fis personnels et professionnels associ\u00e9s \u00e0 la vie dans une communaut\u00e9 nordique isol\u00e9e dont les ressources sont limit\u00e9es.<\/li>\n<li>Nous nous effor\u00e7ons de d\u00e9velopper les talents locaux et d\u2019assurer une solide rel\u00e8ve pour les Inuit.<\/li>\n<li><em>L\u2019embauche de b\u00e9n\u00e9ficiaires Inuit est une priorit\u00e9 pour Isuarsivik. <\/em><\/li>\n<\/ul>\n<\/div>\n<\/div>\n<\/div>\n<\/div>\n<\/div>\n<\/div>\n<\/div>\n<\/div>\n<div class=\"wpb_row row vc_row-fluid vc_custom_1651605790362\">\n<div class=\"row-wide\">\n<div class=\"wd_row_content\">\n<div class=\"vc_col-sm-4 wpb_column vc_column_container vc_custom_1651605903540\">\n<div class=\"vc_column-inner vc_custom_1651605903540\">\n<div class=\"wpb_wrapper\">\n<div class=\"wpb_text_column wpb_content_element \">\n<div class=\"wpb_wrapper\"><\/div>\n<\/div>\n<\/div>\n<\/div>\n<\/div>\n<\/div>\n<\/div>\n<\/div>\n<p>[\/vc_column_text][\/vc_column][\/vc_row][vc_row gap=\u00a0\u00bb35&Prime; css=\u00a0\u00bb.vc_custom_1651605790362{margin-top: 5% !important;margin-bottom: 5% !important;}\u00a0\u00bb][vc_column width=\u00a0\u00bb1\/3&Prime; css=\u00a0\u00bb.vc_custom_1651605903540{padding-bottom: 15px !important;}\u00a0\u00bb][vc_column_text]<\/p>\n<h4 style=\"font-size: 23px; line-height: 110%;\">Salaires et avantages<\/h4>\n<p>[\/vc_column_text][\/vc_column][vc_column width=\u00a0\u00bb2\/3&Prime;][vc_column_text]<\/p>\n<ul>\n<li>Les conditions de travail sont celles pr\u00e9vues par le r\u00e9seau de la sant\u00e9 et des services sociaux du Nunavik.<\/li>\n<li>Le salaire sera \u00e9tabli en fonction des qualifications et de l\u2019exp\u00e9rience.<\/li>\n<li>Il y a une p\u00e9riode de probation.<\/li>\n<li>Programme de mentorat ou de formation offert (si les exigences ne sont pas satisfaites)<\/li>\n<\/ul>\n<p style=\"font-size: 12px;\">Isuarsivik favorise l\u2019embauche des b\u00e9n\u00e9ficiaires d\u2019un des accords sur les revendications territoriales des Inuit. Par cons\u00e9quent, il est \u00e0 la discr\u00e9tion du conseil d\u2019administration de renoncer \u00e0 l\u2019une ou l\u2019autre des exigences de qualification et de mettre en \u0153uvre un plan de formation ou de mentorat si n\u00e9cessaire.<\/p>\n<p>[\/vc_column_text][\/vc_column][\/vc_row][vc_row css=\u00a0\u00bb.vc_custom_1652381784103{margin-top: 200px !important;padding-bottom: 100px !important;background-color: #8bb9ad !important;}\u00a0\u00bb el_id=\u00a0\u00bbjob-form\u00a0\u00bb][vc_column el_id=\u00a0\u00bbjob-form\u00a0\u00bb][vc_column_text css=\u00a0\u00bb.vc_custom_1651606438385{background-color: #f8f8f5 !important;border-radius: 35px !important;}\u00a0\u00bb el_class=\u00a0\u00bbformulaire-career\u00a0\u00bb]\n<div class=\"wpcf7 no-js\" id=\"wpcf7-f13621-o1\" lang=\"en-US\" dir=\"ltr\" data-wpcf7-id=\"13621\">\n<div class=\"screen-reader-response\"><p role=\"status\" aria-live=\"polite\" aria-atomic=\"true\"><\/p> <ul><\/ul><\/div>\n<form action=\"\/fr\/wp-json\/wp\/v2\/pages\/22998?doing_wp_cron=1776767122.7794930934906005859375#wpcf7-f13621-o1\" method=\"post\" class=\"wpcf7-form init\" aria-label=\"Contact form\" enctype=\"multipart\/form-data\" novalidate=\"novalidate\" data-status=\"init\">\n<fieldset class=\"hidden-fields-container\"><input type=\"hidden\" name=\"_wpcf7\" value=\"13621\" \/><input type=\"hidden\" name=\"_wpcf7_version\" value=\"6.1.5\" \/><input type=\"hidden\" name=\"_wpcf7_locale\" value=\"en_US\" \/><input type=\"hidden\" name=\"_wpcf7_unit_tag\" value=\"wpcf7-f13621-o1\" \/><input type=\"hidden\" name=\"_wpcf7_container_post\" value=\"0\" \/><input type=\"hidden\" name=\"_wpcf7_posted_data_hash\" value=\"\" \/><input type=\"hidden\" name=\"_wpcf7_recaptcha_response\" value=\"\" \/>\n<\/fieldset>\n<div id=\"job-form\">\n<h2 class=\"career-form-title\" style=\"text-align:center; padding:40px 0;\">Apply for this job posting<\/h2>\n\n<div class=\"one-half\">\n   <label> First name* <span class=\"wpcf7-form-control-wrap\" data-name=\"First-name\"><input size=\"40\" maxlength=\"400\" class=\"wpcf7-form-control wpcf7-text wpcf7-validates-as-required\" aria-required=\"true\" aria-invalid=\"false\" value=\"\" type=\"text\" name=\"First-name\" \/><\/span><\/label>\n<\/div>\n \n<div class=\"one-half last\">\n     <label> Last name* <span class=\"wpcf7-form-control-wrap\" data-name=\"Last-name\"><input size=\"40\" maxlength=\"400\" class=\"wpcf7-form-control wpcf7-text wpcf7-validates-as-required\" aria-required=\"true\" aria-invalid=\"false\" value=\"\" type=\"text\" name=\"Last-name\" \/><\/span><\/label>\n<\/div>\n\n<div class=\"one-half\">\n      <label> Your email* <span class=\"wpcf7-form-control-wrap\" data-name=\"your-email\"><input size=\"40\" maxlength=\"400\" class=\"wpcf7-form-control wpcf7-email wpcf7-validates-as-required wpcf7-text wpcf7-validates-as-email\" aria-required=\"true\" aria-invalid=\"false\" value=\"\" type=\"email\" name=\"your-email\" \/><\/span> <\/label>\n<\/div>\n \n<div class=\"one-half last\">\n       <label> Phone number <span class=\"wpcf7-form-control-wrap\" data-name=\"Phonenumber\"><input size=\"40\" maxlength=\"400\" class=\"wpcf7-form-control wpcf7-tel wpcf7-text wpcf7-validates-as-tel\" aria-invalid=\"false\" value=\"\" type=\"tel\" name=\"Phonenumber\" \/><\/span><\/label>\n<\/div>\n\n<div class=\"one-half\">\n      <label> Confirm your email* <span class=\"wpcf7-form-control-wrap\" data-name=\"your-email\"><input size=\"40\" maxlength=\"400\" class=\"wpcf7-form-control wpcf7-email wpcf7-validates-as-required wpcf7-text wpcf7-validates-as-email\" aria-required=\"true\" aria-invalid=\"false\" value=\"\" type=\"email\" name=\"your-email\" \/><\/span> <\/label>\n<\/div>\n \n<div class=\"one-half last\">\n       <label> Confirm your phone number <span class=\"wpcf7-form-control-wrap\" data-name=\"Phonenumber\"><input size=\"40\" maxlength=\"400\" class=\"wpcf7-form-control wpcf7-tel wpcf7-text wpcf7-validates-as-tel\" aria-invalid=\"false\" value=\"\" type=\"tel\" name=\"Phonenumber\" \/><\/span><\/label>\n<\/div>\n\n\n<div class=\"one-half\">\n   <label> Community\/City* <span class=\"wpcf7-form-control-wrap\" data-name=\"City\"><input size=\"40\" maxlength=\"400\" class=\"wpcf7-form-control wpcf7-text wpcf7-validates-as-required\" aria-required=\"true\" aria-invalid=\"false\" value=\"\" type=\"text\" name=\"City\" \/><\/span> <\/label>\n<\/div>\n \n<div class=\"one-half last\">\n   <label> Province <span class=\"wpcf7-form-control-wrap\" data-name=\"Provinces\"><select class=\"wpcf7-form-control wpcf7-select\" aria-invalid=\"false\" name=\"Provinces\"><option value=\"Alberta\">Alberta<\/option><option value=\"Colombie-Britannique\">Colombie-Britannique<\/option><option value=\"\u00cele-du-Prince-\u00c9douard\">\u00cele-du-Prince-\u00c9douard<\/option><option value=\"Manitoba\">Manitoba<\/option><option value=\"Nouveau-Brunswick\">Nouveau-Brunswick<\/option><option value=\"Nouvelle-\u00c9cosse\">Nouvelle-\u00c9cosse<\/option><option value=\"Ontario\">Ontario<\/option><option value=\"Qu\u00e9bec\">Qu\u00e9bec<\/option><option value=\"Saskatchewan\">Saskatchewan<\/option><option value=\"Terre-Neuve-et-Labrador\">Terre-Neuve-et-Labrador<\/option><\/select><\/span><\/label>\n<\/div>\n\n<label> Are you a beneficiary of any of the Inuit land claims agreements\n<span style=\"font-weight:500;\">(Nunavik, Nunavut, Inuvialuit, Nunatsiavut)?<\/span><\/label>\n<span class=\"wpcf7-form-control-wrap\" data-name=\"radio-246\"><span class=\"wpcf7-form-control wpcf7-radio\"><span class=\"wpcf7-list-item first\"><label><input type=\"radio\" name=\"radio-246\" value=\"Yes\" checked=\"checked\" \/><span class=\"wpcf7-list-item-label\">Yes<\/span><\/label><\/span><span class=\"wpcf7-list-item last\"><label><input type=\"radio\" name=\"radio-246\" value=\"No\" \/><span class=\"wpcf7-list-item-label\">No<\/span><\/label><\/span><\/span><\/span> \n\n\n<label>Tell us about your interest in working at Isuarsivik <span class=\"wpcf7-form-control-wrap\" data-name=\"your-message\"><textarea cols=\"40\" rows=\"10\" maxlength=\"2000\" class=\"wpcf7-form-control wpcf7-textarea\" aria-invalid=\"false\" name=\"your-message\"><\/textarea><\/span> <\/label>\n\n<label>Where were your previous workplaces? <span class=\"wpcf7-form-control-wrap\" data-name=\"previous-workplace\"><textarea cols=\"40\" rows=\"10\" maxlength=\"2000\" class=\"wpcf7-form-control wpcf7-textarea\" aria-invalid=\"false\" name=\"previous-workplace\"><\/textarea><\/span> <\/label>\n\n<label>What are your professional competencies and skills? <span class=\"wpcf7-form-control-wrap\" data-name=\"competencies\"><textarea cols=\"40\" rows=\"10\" maxlength=\"2000\" class=\"wpcf7-form-control wpcf7-textarea\" aria-invalid=\"false\" name=\"competencies\"><\/textarea><\/span> <\/label>\n\n<label>Why should we hire you? <span class=\"wpcf7-form-control-wrap\" data-name=\"why-hire\"><textarea cols=\"40\" rows=\"10\" maxlength=\"2000\" class=\"wpcf7-form-control wpcf7-textarea\" aria-invalid=\"false\" name=\"why-hire\"><\/textarea><\/span> <\/label>\n\n<label>Which job offer would you like to apply for?*\n<span class=\"wpcf7-form-control-wrap\" data-name=\"Jobposting\"><select class=\"wpcf7-form-control wpcf7-select\" aria-invalid=\"false\" name=\"Jobposting\"><option value=\"No specific job posting\">No specific job posting<\/option><option value=\"Accounting Technician\">Accounting Technician<\/option><option value=\"Attendant\">Attendant<\/option><option value=\"Continued Care Counsellor\">Continued Care Counsellor<\/option><option value=\"Community Counsellor (Kangirsuk)\">Community Counsellor (Kangirsuk)<\/option><option value=\"Community Counsellor (Puvirnituq)\">Community Counsellor (Puvirnituq)<\/option><option value=\"Director of Finance, Administration, and Human Resources\">Director of Finance, Administration, and Human Resources<\/option><option value=\"Human Resources Technician\">Human Resources Technician<\/option><option value=\"Interpreter\">Interpreter<\/option><option value=\"IT Services Specialist\">IT Services Specialist<\/option><option value=\"Recovery Counsellor\">Recovery Counsellor<\/option><option value=\"Teacher\/Tutor\">Teacher\/Tutor<\/option><\/select><\/span>  <\/label>\n\n<label> Motivation Letter\/Resume\n<span class=\"wpcf7-form-control-wrap\" data-name=\"LettredemotivationCV\"><input size=\"40\" class=\"wpcf7-form-control wpcf7-file\" accept=\".png,.jpg,.doc,.ppt,.pdf,.docx\" aria-invalid=\"false\" type=\"file\" name=\"LettredemotivationCV\" \/><\/span><\/label>\n\n<label> Add files\n<span class=\"wpcf7-form-control-wrap\" data-name=\"Document\"><input size=\"40\" class=\"wpcf7-form-control wpcf7-file\" accept=\".png,.jpg,.doc,.ppt,.pdf,.docx\" aria-invalid=\"false\" type=\"file\" name=\"Document\" \/><\/span><\/label>\n\n<label style=\"margin-bottom:30px;\">Where did you hear about Isuarsivik\u2019s career opportunities?\n<span class=\"wpcf7-form-control-wrap\" data-name=\"Pointdecontact\"><select class=\"wpcf7-form-control wpcf7-select\" aria-invalid=\"false\" name=\"Pointdecontact\"><option value=\"Magazine\/Newspaper\">Magazine\/Newspaper<\/option><option value=\"Social Media (Facebook, Instagram, Linkedin, etc.)\">Social Media (Facebook, Instagram, Linkedin, etc.)<\/option><option value=\"Floor displays at airport and co-ops\">Floor displays at airport and co-ops<\/option><option value=\"Flyers\/Mailings\">Flyers\/Mailings<\/option><option value=\"Family and friends\">Family and friends<\/option><option value=\"Spotify\">Spotify<\/option><option value=\"Others\">Others<\/option><\/select><\/span><\/label>\n\n<input class=\"wpcf7-form-control wpcf7-submit has-spinner\" type=\"submit\" value=\"Submit your candidacy\" \/>\n\n\n<\/div><input type=\"hidden\" id=\"ct_checkjs_cf7_dc82d632c9fcecb0778afbc7924494a6\" name=\"ct_checkjs_cf7\" value=\"0\" \/><div class=\"wpcf7-response-output\" aria-hidden=\"true\"><\/div>\n<\/form>\n<\/div>\n[\/vc_column_text][\/vc_column][\/vc_row]<\/p>\n<\/div>","protected":false},"excerpt":{"rendered":"<p>[vc_row css=\u00a0\u00bb.vc_custom_1650943584164{background-color: #f8f8f5 !important;}\u00a0\u00bb][vc_column offset=\u00a0\u00bbvc_hidden-xs\u00a0\u00bb][vc_empty_space height=\u00a0\u00bb60px\u00a0\u00bb][\/vc_column][\/vc_row][vc_row css=\u00a0\u00bb.vc_custom_1650995018858{padding-bottom: 50px !important;background-color: #f8f8f5 !important;}\u00a0\u00bb][vc_column][vc_row_inner el_class=\u00a0\u00bbintro-title\u00a0\u00bb][vc_column_inner width=\u00a0\u00bb2\/3&Prime;][vc_column_text] Conseiller et conseill\u00e8re en soins continus (Puvirnituq) [\/vc_column_text][\/vc_column_inner][vc_column_inner el_class=\u00a0\u00bbbloc-intro-CTA\u00a0\u00bb width=\u00a0\u00bb1\/3&Prime;][\/vc_column_inner][\/vc_row_inner][vc_row_inner gap=\u00a0\u00bb35&Prime; css=\u00a0\u00bb.vc_custom_1651605656280{padding-top: 30px !important;}\u00a0\u00bb][vc_column_inner width=\u00a0\u00bb1\/3&Prime; css=\u00a0\u00bb.vc_custom_1650995395638{padding-right: 15% !important;}\u00a0\u00bb][vc_column_text css=\u00a0\u00bb.vc_custom_1669047429570{padding-bottom: 20px !important;}\u00a0\u00bb] CONDITIONS Poste permanent \u00e0 temps plein &hellip; <a href=\"https:\/\/isuarsivik.ca\/fr\/nos-offres-demploi\/conseiller-et-conseillere-en-soins-continus-puvirnituq\/\">Continue reading <span class=\"meta-nav\">&rarr;<\/span><\/a><\/p>\n","protected":false},"author":12,"featured_media":0,"parent":14206,"menu_order":0,"comment_status":"closed","ping_status":"closed","template":"page-templates\/fullwidth-template.php","meta":{"footnotes":""},"wf_page_folders":[244],"class_list":["post-22998","page","type-page","status-publish","hentry"],"_links":{"self":[{"href":"https:\/\/isuarsivik.ca\/fr\/wp-json\/wp\/v2\/pages\/22998","targetHints":{"allow":["GET"]}}],"collection":[{"href":"https:\/\/isuarsivik.ca\/fr\/wp-json\/wp\/v2\/pages"}],"about":[{"href":"https:\/\/isuarsivik.ca\/fr\/wp-json\/wp\/v2\/types\/page"}],"author":[{"embeddable":true,"href":"https:\/\/isuarsivik.ca\/fr\/wp-json\/wp\/v2\/users\/12"}],"replies":[{"embeddable":true,"href":"https:\/\/isuarsivik.ca\/fr\/wp-json\/wp\/v2\/comments?post=22998"}],"version-history":[{"count":1,"href":"https:\/\/isuarsivik.ca\/fr\/wp-json\/wp\/v2\/pages\/22998\/revisions"}],"predecessor-version":[{"id":23001,"href":"https:\/\/isuarsivik.ca\/fr\/wp-json\/wp\/v2\/pages\/22998\/revisions\/23001"}],"up":[{"embeddable":true,"href":"https:\/\/isuarsivik.ca\/fr\/wp-json\/wp\/v2\/pages\/14206"}],"wp:attachment":[{"href":"https:\/\/isuarsivik.ca\/fr\/wp-json\/wp\/v2\/media?parent=22998"}],"wp:term":[{"taxonomy":"wf_page_folders","embeddable":true,"href":"https:\/\/isuarsivik.ca\/fr\/wp-json\/wp\/v2\/wf_page_folders?post=22998"}],"curies":[{"name":"wp","href":"https:\/\/api.w.org\/{rel}","templated":true}]}}