{"id":22595,"date":"2024-05-14T14:51:58","date_gmt":"2024-05-14T18:51:58","guid":{"rendered":"https:\/\/isuarsivik.ca\/?page_id=22595"},"modified":"2026-03-18T18:06:44","modified_gmt":"2026-03-18T22:06:44","slug":"commis-de-cuisine-contrat","status":"publish","type":"page","link":"https:\/\/isuarsivik.ca\/fr\/nos-offres-demploi\/commis-de-cuisine-contrat\/","title":{"rendered":"Commis de cuisine (Contrat)"},"content":{"rendered":"<div class=\"wpb-content-wrapper\"><p>[vc_row css=\u00a0\u00bb.vc_custom_1650943584164{background-color: #f8f8f5 !important;}\u00a0\u00bb][vc_column offset=\u00a0\u00bbvc_hidden-xs\u00a0\u00bb][vc_empty_space height=\u00a0\u00bb60px\u00a0\u00bb][\/vc_column][\/vc_row][vc_row css=\u00a0\u00bb.vc_custom_1650995018858{padding-bottom: 50px !important;background-color: #f8f8f5 !important;}\u00a0\u00bb][vc_column][vc_row_inner el_class=\u00a0\u00bbintro-title\u00a0\u00bb][vc_column_inner width=\u00a0\u00bb2\/3&Prime;][vc_column_text]<\/p>\n<h2>Commis de cuisine (Contrat)<\/h2>\n<p>[\/vc_column_text][\/vc_column_inner][vc_column_inner el_class=\u00a0\u00bbbloc-intro-CTA\u00a0\u00bb width=\u00a0\u00bb1\/3&Prime;]<a data-hover=\"font-size:14px;color:#ffffff;background-color:#8bb9ad;margin:50px 0;padding:14px 35px;opacity:1;filter:alpha(opacity=100);\" class=\"wd-shortcode-button  CTA-new\" style=\"font-size:14px;color:#ffffff;background-color:#cc9a2e;margin:50px 0;padding:14px 35px;opacity:1;filter:alpha(opacity=100);\" href=\"#job-form\">Je postule<\/a>[\/vc_column_inner][\/vc_row_inner][vc_row_inner gap=\u00a0\u00bb35&Prime; css=\u00a0\u00bb.vc_custom_1651605656280{padding-top: 30px !important;}\u00a0\u00bb][vc_column_inner width=\u00a0\u00bb1\/3&Prime; css=\u00a0\u00bb.vc_custom_1650995395638{padding-right: 15% !important;}\u00a0\u00bb][vc_column_text css=\u00a0\u00bb.vc_custom_1715712787448{padding-bottom: 20px !important;}\u00a0\u00bb]<\/p>\n<h6 style=\"color: #8bb9ad; text-transform: uppercase; font-weight: 500; margin-bottom: 0px;\">Conditions<\/h6>\n<p style=\"font-size: 14px;\">Contrat<\/p>\n<p>[\/vc_column_text][vc_column_text css=\u00a0\u00bb.vc_custom_1652371726234{padding-bottom: 20px !important;}\u00a0\u00bb]<\/p>\n<h6 style=\"color: #8bb9ad; text-transform: uppercase; font-weight: 500; margin-bottom: 0px;\">D\u00e9partement<\/h6>\n<p style=\"font-size: 14px;\">Administration<\/p>\n<p>[\/vc_column_text][vc_column_text css=\u00a0\u00bb.vc_custom_1650994504389{padding-bottom: 20px !important;}\u00a0\u00bb]<\/p>\n<h6 style=\"color: #8bb9ad; text-transform: uppercase; font-weight: 500; margin-bottom: 0px;\">Emplacement<\/h6>\n<p style=\"font-size: 14px;\">Kuujjuaq, Qu\u00e9bec<\/p>\n<p>[\/vc_column_text][vc_column_text css=\u00a0\u00bb.vc_custom_1718801790131{padding-bottom: 20px !important;}\u00a0\u00bb]<\/p>\n<h6 style=\"color: #8bb9ad; text-transform: uppercase; font-weight: 500; margin-bottom: 0px;\">job posting end date<\/h6>\n<p style=\"font-size: 14px;\"><b class=\"b4\">Jusqu<\/b><b class=\"b3\">&lsquo;\u00e0 c<\/b><b class=\"b2\">e que <\/b><b class=\"b3\">le poste soit combl\u00e9<\/b>.<\/p>\n<p>[\/vc_column_text][\/vc_column_inner][vc_column_inner width=\u00a0\u00bb2\/3&Prime;][vc_column_text]Le ou la <strong>commis de cuisine<\/strong> joue le r\u00f4le fondamental. Il ou elle :<\/p>\n<ul>\n<li>Pr\u00e9pare une vari\u00e9t\u00e9 de repas sains et nutritifs aux usagers (\u00e8res),<\/li>\n<li>Entretient la cuisine et la salle \u00e0 manger.<\/li>\n<\/ul>\n<p>[\/vc_column_text][\/vc_column_inner][\/vc_row_inner][\/vc_column][\/vc_row][vc_row gap=\u00a0\u00bb35&Prime; css=\u00a0\u00bb.vc_custom_1651605702531{margin-top: 5% !important;margin-bottom: 5% !important;}\u00a0\u00bb][vc_column width=\u00a0\u00bb1\/3&Prime; css=\u00a0\u00bb.vc_custom_1651605734680{padding-bottom: 15px !important;}\u00a0\u00bb][vc_column_text]<\/p>\n<h4 style=\"font-size: 23px;\">Objectif du poste<\/h4>\n<p>[\/vc_column_text][\/vc_column][vc_column width=\u00a0\u00bb2\/3&Prime;][vc_column_text]Sous la direction du (de la) directeur (trice) de l\u2019administration et la supervision quotidienne du (de la) cuisinier(\u00e8re), le ou la <strong>commis de cuisine<\/strong> est responsable de l\u2019aide en cuisine et de la pr\u00e9paration des repas pour les usagers (\u00e8res) qui s\u00e9journent au Centre.[\/vc_column_text][\/vc_column][\/vc_row][vc_row gap=\u00a0\u00bb35&Prime; css=\u00a0\u00bb.vc_custom_1651605749592{margin-top: 5% !important;margin-bottom: 5% !important;}\u00a0\u00bb][vc_column width=\u00a0\u00bb1\/3&Prime; css=\u00a0\u00bb.vc_custom_1651605875256{padding-bottom: 15px !important;}\u00a0\u00bb][vc_column_text]<\/p>\n<h4 style=\"font-size: 23px; line-height: 110%;\">Fonctions<br \/>\net responsabilit\u00e9s essentielles<\/h4>\n<p>[\/vc_column_text][\/vc_column][vc_column width=\u00a0\u00bb2\/3&Prime;][vc_column_text css=\u00a0\u00bb.vc_custom_1657164472521{padding-bottom: 50px !important;}\u00a0\u00bb]<\/p>\n<h5 style=\"color: #cc9a2e; font-size: 16px;\">Pr\u00e9paration et planification des repas :<\/h5>\n<ul>\n<li>Participer \u00e0 la planification des menus hebdomadaires.<\/li>\n<li>Aider \u00e0 la pr\u00e9paration des repas et des collations sur une base quotidienne.<\/li>\n<li>Se r\u00e9f\u00e9rer \u00e0 la liste de pr\u00e9paration quotidienne au d\u00e9but de chaque quart de travail pour les t\u00e2ches assign\u00e9es.<\/li>\n<li>Aider \u00e0 la pr\u00e9paration d\u2019une vari\u00e9t\u00e9 de viandes, de fruits de mer, de volailles, de l\u00e9gumes et d\u2019autres aliments \u00e0 cuire dans des grils, des fours, des grilles, des friteuses et une vari\u00e9t\u00e9 d\u2019autres \u00e9quipements de cuisine.<\/li>\n<li>Stocker et maintenir les bonnes quantit\u00e9s de produits alimentaires.<\/li>\n<li>Manipuler, stocker, \u00e9tiqueter et faire la rotation de tous les produits correctement et conform\u00e9ment aux lois en vigueur.<\/li>\n<\/ul>\n<p>[\/vc_column_text][vc_column_text css=\u00a0\u00bb.vc_custom_1657164509435{padding-bottom: 50px !important;}\u00a0\u00bb]<\/p>\n<h5 style=\"color: #cc9a2e; font-size: 16px;\">Cuisine<\/h5>\n<ul>\n<li>Faire l\u2019ouverture et la fermeture de la cuisine et suivre la liste de contr\u00f4le.<\/li>\n<li>Maintenir un poste de travail propre et ordonn\u00e9 en lavant et d\u00e9sinfectant l\u2019espace et l\u2019\u00e9quipement de cuisine.<\/li>\n<li>Signaler rapidement les probl\u00e8mes d\u2019\u00e9quipement, de qualit\u00e9 ou de manque d\u2019aliments.<\/li>\n<li>Conna\u00eetre et respecter syst\u00e9matiquement la taille des portions standard, les m\u00e9thodes de cuisson, les normes de qualit\u00e9 et les r\u00e8gles, les recettes, les politiques et les proc\u00e9dures de la cuisine.<\/li>\n<\/ul>\n<p>[\/vc_column_text][vc_column_text css=\u00a0\u00bb.vc_custom_1657164521462{padding-bottom: 50px !important;}\u00a0\u00bb]<\/p>\n<h5 style=\"color: #cc9a2e; font-size: 16px;\">Exigences en mati\u00e8re d\u2019uniforme<\/h5>\n<ul>\n<li>Chaussures propres et antid\u00e9rapantes.<\/li>\n<li>Tablier propre (fourni).<\/li>\n<li>Port d\u2019un filet \u00e0 cheveux ou d\u2019un chapeau (fourni).<\/li>\n<\/ul>\n<p>[\/vc_column_text][vc_column_text css=\u00a0\u00bb.vc_custom_1657164532030{padding-bottom: 50px !important;}\u00a0\u00bb]<\/p>\n<h5 style=\"color: #cc9a2e; font-size: 16px;\">Administration<\/h5>\n<ul>\n<li>Participe \u00e0 toutes les r\u00e9unions pr\u00e9vues avec le personnel et fait des suggestions d\u2019am\u00e9lioration.<\/li>\n<\/ul>\n<p>[\/vc_column_text][\/vc_column][\/vc_row][vc_row gap=\u00a0\u00bb35&Prime; css=\u00a0\u00bb.vc_custom_1651605776186{margin-top: 5% !important;margin-bottom: 5% !important;}\u00a0\u00bb][vc_column width=\u00a0\u00bb1\/3&Prime; css=\u00a0\u00bb.vc_custom_1651605894475{padding-bottom: 15px !important;}\u00a0\u00bb][vc_column_text]<\/p>\n<h4 style=\"font-size: 23px; line-height: 110%;\">Autres fonctions et responsabilit\u00e9s<\/h4>\n<p>[\/vc_column_text][\/vc_column][vc_column width=\u00a0\u00bb2\/3&Prime;][vc_column_text]Sous la direction du (de la) directeur (trice) de l\u2019administration et du (de la) cuisinier(\u00e8re), le ou la commis de cuisine effectue d\u2019autres t\u00e2ches connexes selon les besoins.[\/vc_column_text][\/vc_column][\/vc_row][vc_row gap=\u00a0\u00bb35&Prime; css=\u00a0\u00bb.vc_custom_1651605762423{margin-top: 5% !important;margin-bottom: 5% !important;}\u00a0\u00bb][vc_column width=\u00a0\u00bb1\/3&Prime; css=\u00a0\u00bb.vc_custom_1651605882173{padding-bottom: 15px !important;}\u00a0\u00bb][vc_column_text]<\/p>\n<h4 style=\"font-size: 23px; line-height: 110%;\">Qualifications<\/h4>\n<p>[\/vc_column_text][\/vc_column][vc_column width=\u00a0\u00bb2\/3&Prime;][vc_column_text css=\u00a0\u00bb.vc_custom_1657164624562{padding-bottom: 50px !important;}\u00a0\u00bb]<\/p>\n<h5 style=\"color: #cc9a2e; font-size: 16px;\">\u00c9ducation<\/h5>\n<ul>\n<li>Dipl\u00f4me d\u2019\u00e9tudes secondaires (un atout).<\/li>\n<li>Formation sp\u00e9cialis\u00e9e dans le domaine des aliments et des boissons (un atout).<\/li>\n<li>Volont\u00e9 de s\u2019inscrire \u00e0 un programme de formation.<\/li>\n<\/ul>\n<p>[\/vc_column_text][vc_column_text css=\u00a0\u00bb.vc_custom_1657164648238{padding-bottom: 50px !important;}\u00a0\u00bb]<\/p>\n<h5 style=\"color: #cc9a2e; font-size: 16px;\">Exp\u00e9rience de travail<\/h5>\n<ul>\n<li>Un an d\u2019exp\u00e9rience dans un poste similaire.<\/li>\n<li>Connaissance des aliments locaux et de leur pr\u00e9paration.<\/li>\n<li>Exp\u00e9rience dans la planification d\u2019\u00e9v\u00e8nements (un atout).<\/li>\n<\/ul>\n<p>[\/vc_column_text][vc_column_text css=\u00a0\u00bb.vc_custom_1657164662302{padding-bottom: 50px !important;}\u00a0\u00bb]<\/p>\n<h5 style=\"color: #cc9a2e; font-size: 16px;\">Connaissances et comp\u00e9tences<\/h5>\n<ul>\n<li>Exp\u00e9rience personnelle et professionnelle dans un cadre interculturel.<\/li>\n<li>Faire preuve d\u2019une forte autonomie et d\u2019une bonne capacit\u00e9 \u00e0 travailler en \u00e9quipe ;<\/li>\n<li>\u00catre capable de travailler en dehors des heures normales de bureau.<\/li>\n<li>Conna\u00eetre la suite Microsoft Office, notamment Word, Excel et Outlook (un atout).<\/li>\n<\/ul>\n<p>[\/vc_column_text][vc_column_text]<\/p>\n<h5 style=\"color: #cc9a2e; font-size: 16px;\">Langues<\/h5>\n<ul>\n<li>\u00catre capable de lire, d\u2019\u00e9crire et de parler Inuktitut et anglais.<\/li>\n<\/ul>\n<p>[\/vc_column_text][\/vc_column][\/vc_row][vc_row gap=\u00a0\u00bb35&Prime; css=\u00a0\u00bb.vc_custom_1651605776186{margin-top: 5% !important;margin-bottom: 5% !important;}\u00a0\u00bb][vc_column width=\u00a0\u00bb1\/3&Prime; css=\u00a0\u00bb.vc_custom_1651605894475{padding-bottom: 15px !important;}\u00a0\u00bb][vc_column_text]<\/p>\n<h4 style=\"font-size: 23px; line-height: 110%;\">Environnement de travail<\/h4>\n<p>[\/vc_column_text][\/vc_column][vc_column width=\u00a0\u00bb2\/3&Prime;][vc_column_text]<\/p>\n<ul>\n<li>Isuarsivik conna\u00eet une importante p\u00e9riode de croissance qui exige de la flexibilit\u00e9 et de la cr\u00e9ativit\u00e9.<\/li>\n<li>Le titulaire ou la titulaire du poste devra trouver un \u00e9quilibre entre les demandes multiples et urgentes des usagers, du personnel et des partenaires.<\/li>\n<li>Vous devez \u00eatre pr\u00eat ou pr\u00eate \u00e0 relever les d\u00e9fis personnels et professionnels associ\u00e9s \u00e0 la vie dans une communaut\u00e9 nordique isol\u00e9e dont les ressources sont limit\u00e9es.<\/li>\n<\/ul>\n<p>[\/vc_column_text][\/vc_column][\/vc_row][vc_row gap=\u00a0\u00bb35&Prime; css=\u00a0\u00bb.vc_custom_1651605790362{margin-top: 5% !important;margin-bottom: 5% !important;}\u00a0\u00bb][vc_column width=\u00a0\u00bb1\/3&Prime; css=\u00a0\u00bb.vc_custom_1651605903540{padding-bottom: 15px !important;}\u00a0\u00bb][vc_column_text]<\/p>\n<h4 style=\"font-size: 23px; line-height: 110%;\">Salaires et avantages<\/h4>\n<p>[\/vc_column_text][\/vc_column][vc_column width=\u00a0\u00bb2\/3&Prime;][vc_column_text]<\/p>\n<ul>\n<li>Les conditions de travail sont celles pr\u00e9vues par le r\u00e9seau de la sant\u00e9 et des services sociaux du Nunavik.<\/li>\n<li>Le salaire sera \u00e9tabli en fonction des qualifications et de l\u2019exp\u00e9rience.<\/li>\n<li>Il y a une p\u00e9riode de probation.<\/li>\n<li>Programme de mentorat ou de formation offert (si les exigences ne sont pas satisfaites).<\/li>\n<\/ul>\n<p style=\"font-size: 12px;\">Isuarsivik favorise l\u2019embauche des b\u00e9n\u00e9ficiaires d\u2019un des accords sur les revendications territoriales des Inuit. Par cons\u00e9quent, il est \u00e0 la discr\u00e9tion du conseil d\u2019administration de renoncer \u00e0 l\u2019une ou l\u2019autre des exigences de qualification et de mettre en \u0153uvre un plan de formation ou de mentorat si n\u00e9cessaire.<\/p>\n<p>[\/vc_column_text][\/vc_column][\/vc_row][vc_row css=\u00a0\u00bb.vc_custom_1652386257682{margin-top: 200px !important;padding-bottom: 100px !important;background-color: #8bb9ad !important;}\u00a0\u00bb][vc_column][vc_column_text css=\u00a0\u00bb.vc_custom_1651606438385{background-color: #f8f8f5 !important;border-radius: 35px !important;}\u00a0\u00bb el_class=\u00a0\u00bbformulaire-career\u00a0\u00bb]\n<div class=\"wpcf7 no-js\" id=\"wpcf7-f13621-o1\" lang=\"en-US\" dir=\"ltr\" data-wpcf7-id=\"13621\">\n<div class=\"screen-reader-response\"><p role=\"status\" aria-live=\"polite\" aria-atomic=\"true\"><\/p> <ul><\/ul><\/div>\n<form action=\"\/fr\/wp-json\/wp\/v2\/pages\/22595?doing_wp_cron=1775408653.5972819328308105468750#wpcf7-f13621-o1\" method=\"post\" class=\"wpcf7-form init\" aria-label=\"Contact form\" enctype=\"multipart\/form-data\" novalidate=\"novalidate\" data-status=\"init\">\n<fieldset class=\"hidden-fields-container\"><input type=\"hidden\" name=\"_wpcf7\" value=\"13621\" \/><input type=\"hidden\" name=\"_wpcf7_version\" value=\"6.1.5\" \/><input type=\"hidden\" name=\"_wpcf7_locale\" value=\"en_US\" \/><input type=\"hidden\" name=\"_wpcf7_unit_tag\" value=\"wpcf7-f13621-o1\" \/><input type=\"hidden\" name=\"_wpcf7_container_post\" value=\"0\" \/><input type=\"hidden\" name=\"_wpcf7_posted_data_hash\" value=\"\" \/><input type=\"hidden\" name=\"_wpcf7_recaptcha_response\" value=\"\" \/>\n<\/fieldset>\n<div id=\"job-form\">\n<h2 class=\"career-form-title\" style=\"text-align:center; padding:40px 0;\">Apply for this job posting<\/h2>\n\n<div class=\"one-half\">\n   <label> First name* <span class=\"wpcf7-form-control-wrap\" data-name=\"First-name\"><input size=\"40\" maxlength=\"400\" class=\"wpcf7-form-control wpcf7-text wpcf7-validates-as-required\" aria-required=\"true\" aria-invalid=\"false\" value=\"\" type=\"text\" name=\"First-name\" \/><\/span><\/label>\n<\/div>\n \n<div class=\"one-half last\">\n     <label> Last name* <span class=\"wpcf7-form-control-wrap\" data-name=\"Last-name\"><input size=\"40\" maxlength=\"400\" class=\"wpcf7-form-control wpcf7-text wpcf7-validates-as-required\" aria-required=\"true\" aria-invalid=\"false\" value=\"\" type=\"text\" name=\"Last-name\" \/><\/span><\/label>\n<\/div>\n\n<div class=\"one-half\">\n      <label> Your email* <span class=\"wpcf7-form-control-wrap\" data-name=\"your-email\"><input size=\"40\" maxlength=\"400\" class=\"wpcf7-form-control wpcf7-email wpcf7-validates-as-required wpcf7-text wpcf7-validates-as-email\" aria-required=\"true\" aria-invalid=\"false\" value=\"\" type=\"email\" name=\"your-email\" \/><\/span> <\/label>\n<\/div>\n \n<div class=\"one-half last\">\n       <label> Phone number <span class=\"wpcf7-form-control-wrap\" data-name=\"Phonenumber\"><input size=\"40\" maxlength=\"400\" class=\"wpcf7-form-control wpcf7-tel wpcf7-text wpcf7-validates-as-tel\" aria-invalid=\"false\" value=\"\" type=\"tel\" name=\"Phonenumber\" \/><\/span><\/label>\n<\/div>\n\n<div class=\"one-half\">\n      <label> Confirm your email* <span class=\"wpcf7-form-control-wrap\" data-name=\"your-email\"><input size=\"40\" maxlength=\"400\" class=\"wpcf7-form-control wpcf7-email wpcf7-validates-as-required wpcf7-text wpcf7-validates-as-email\" aria-required=\"true\" aria-invalid=\"false\" value=\"\" type=\"email\" name=\"your-email\" \/><\/span> <\/label>\n<\/div>\n \n<div class=\"one-half last\">\n       <label> Confirm your phone number <span class=\"wpcf7-form-control-wrap\" data-name=\"Phonenumber\"><input size=\"40\" maxlength=\"400\" class=\"wpcf7-form-control wpcf7-tel wpcf7-text wpcf7-validates-as-tel\" aria-invalid=\"false\" value=\"\" type=\"tel\" name=\"Phonenumber\" \/><\/span><\/label>\n<\/div>\n\n\n<div class=\"one-half\">\n   <label> Community\/City* <span class=\"wpcf7-form-control-wrap\" data-name=\"City\"><input size=\"40\" maxlength=\"400\" class=\"wpcf7-form-control wpcf7-text wpcf7-validates-as-required\" aria-required=\"true\" aria-invalid=\"false\" value=\"\" type=\"text\" name=\"City\" \/><\/span> <\/label>\n<\/div>\n \n<div class=\"one-half last\">\n   <label> Province <span class=\"wpcf7-form-control-wrap\" data-name=\"Provinces\"><select class=\"wpcf7-form-control wpcf7-select\" aria-invalid=\"false\" name=\"Provinces\"><option value=\"Alberta\">Alberta<\/option><option value=\"Colombie-Britannique\">Colombie-Britannique<\/option><option value=\"\u00cele-du-Prince-\u00c9douard\">\u00cele-du-Prince-\u00c9douard<\/option><option value=\"Manitoba\">Manitoba<\/option><option value=\"Nouveau-Brunswick\">Nouveau-Brunswick<\/option><option value=\"Nouvelle-\u00c9cosse\">Nouvelle-\u00c9cosse<\/option><option value=\"Ontario\">Ontario<\/option><option value=\"Qu\u00e9bec\">Qu\u00e9bec<\/option><option value=\"Saskatchewan\">Saskatchewan<\/option><option value=\"Terre-Neuve-et-Labrador\">Terre-Neuve-et-Labrador<\/option><\/select><\/span><\/label>\n<\/div>\n\n<label> Are you a beneficiary of any of the Inuit land claims agreements\n<span style=\"font-weight:500;\">(Nunavik, Nunavut, Inuvialuit, Nunatsiavut)?<\/span><\/label>\n<span class=\"wpcf7-form-control-wrap\" data-name=\"radio-246\"><span class=\"wpcf7-form-control wpcf7-radio\"><span class=\"wpcf7-list-item first\"><label><input type=\"radio\" name=\"radio-246\" value=\"Yes\" checked=\"checked\" \/><span class=\"wpcf7-list-item-label\">Yes<\/span><\/label><\/span><span class=\"wpcf7-list-item last\"><label><input type=\"radio\" name=\"radio-246\" value=\"No\" \/><span class=\"wpcf7-list-item-label\">No<\/span><\/label><\/span><\/span><\/span> \n\n\n<label>Tell us about your interest in working at Isuarsivik <span class=\"wpcf7-form-control-wrap\" data-name=\"your-message\"><textarea cols=\"40\" rows=\"10\" maxlength=\"2000\" class=\"wpcf7-form-control wpcf7-textarea\" aria-invalid=\"false\" name=\"your-message\"><\/textarea><\/span> <\/label>\n\n<label>Where were your previous workplaces? <span class=\"wpcf7-form-control-wrap\" data-name=\"previous-workplace\"><textarea cols=\"40\" rows=\"10\" maxlength=\"2000\" class=\"wpcf7-form-control wpcf7-textarea\" aria-invalid=\"false\" name=\"previous-workplace\"><\/textarea><\/span> <\/label>\n\n<label>What are your professional competencies and skills? <span class=\"wpcf7-form-control-wrap\" data-name=\"competencies\"><textarea cols=\"40\" rows=\"10\" maxlength=\"2000\" class=\"wpcf7-form-control wpcf7-textarea\" aria-invalid=\"false\" name=\"competencies\"><\/textarea><\/span> <\/label>\n\n<label>Why should we hire you? <span class=\"wpcf7-form-control-wrap\" data-name=\"why-hire\"><textarea cols=\"40\" rows=\"10\" maxlength=\"2000\" class=\"wpcf7-form-control wpcf7-textarea\" aria-invalid=\"false\" name=\"why-hire\"><\/textarea><\/span> <\/label>\n\n<label>Which job offer would you like to apply for?*\n<span class=\"wpcf7-form-control-wrap\" data-name=\"Jobposting\"><select class=\"wpcf7-form-control wpcf7-select\" aria-invalid=\"false\" name=\"Jobposting\"><option value=\"No specific job posting\">No specific job posting<\/option><option value=\"Accounting Technician\">Accounting Technician<\/option><option value=\"Attendant\">Attendant<\/option><option value=\"Continued Care Counsellor\">Continued Care Counsellor<\/option><option value=\"Community Counsellor (Kangirsuk)\">Community Counsellor (Kangirsuk)<\/option><option value=\"Community Counsellor (Puvirnituq)\">Community Counsellor (Puvirnituq)<\/option><option value=\"Director of Finance, Administration, and Human Resources\">Director of Finance, Administration, and Human Resources<\/option><option value=\"Human Resources Technician\">Human Resources Technician<\/option><option value=\"Interpreter\">Interpreter<\/option><option value=\"IT Services Specialist\">IT Services Specialist<\/option><option value=\"Recovery Counsellor\">Recovery Counsellor<\/option><option value=\"Teacher\/Tutor\">Teacher\/Tutor<\/option><\/select><\/span>  <\/label>\n\n<label> Motivation Letter\/Resume\n<span class=\"wpcf7-form-control-wrap\" data-name=\"LettredemotivationCV\"><input size=\"40\" class=\"wpcf7-form-control wpcf7-file\" accept=\".png,.jpg,.doc,.ppt,.pdf,.docx\" aria-invalid=\"false\" type=\"file\" name=\"LettredemotivationCV\" \/><\/span><\/label>\n\n<label> Add files\n<span class=\"wpcf7-form-control-wrap\" data-name=\"Document\"><input size=\"40\" class=\"wpcf7-form-control wpcf7-file\" accept=\".png,.jpg,.doc,.ppt,.pdf,.docx\" aria-invalid=\"false\" type=\"file\" name=\"Document\" \/><\/span><\/label>\n\n<label style=\"margin-bottom:30px;\">Where did you hear about Isuarsivik\u2019s career opportunities?\n<span class=\"wpcf7-form-control-wrap\" data-name=\"Pointdecontact\"><select class=\"wpcf7-form-control wpcf7-select\" aria-invalid=\"false\" name=\"Pointdecontact\"><option value=\"Magazine\/Newspaper\">Magazine\/Newspaper<\/option><option value=\"Social Media (Facebook, Instagram, Linkedin, etc.)\">Social Media (Facebook, Instagram, Linkedin, etc.)<\/option><option value=\"Floor displays at airport and co-ops\">Floor displays at airport and co-ops<\/option><option value=\"Flyers\/Mailings\">Flyers\/Mailings<\/option><option value=\"Family and friends\">Family and friends<\/option><option value=\"Spotify\">Spotify<\/option><option value=\"Others\">Others<\/option><\/select><\/span><\/label>\n\n<input class=\"wpcf7-form-control wpcf7-submit has-spinner\" type=\"submit\" value=\"Submit your candidacy\" \/>\n\n\n<\/div><input type=\"hidden\" id=\"ct_checkjs_cf7_430c3626b879b4005d41b8a46172e0c0\" name=\"ct_checkjs_cf7\" value=\"0\" \/><div class=\"wpcf7-response-output\" aria-hidden=\"true\"><\/div>\n<\/form>\n<\/div>\n[\/vc_column_text][\/vc_column][\/vc_row]<\/p>\n<\/div>","protected":false},"excerpt":{"rendered":"<p>[vc_row css=\u00a0\u00bb.vc_custom_1650943584164{background-color: #f8f8f5 !important;}\u00a0\u00bb][vc_column offset=\u00a0\u00bbvc_hidden-xs\u00a0\u00bb][vc_empty_space height=\u00a0\u00bb60px\u00a0\u00bb][\/vc_column][\/vc_row][vc_row css=\u00a0\u00bb.vc_custom_1650995018858{padding-bottom: 50px !important;background-color: #f8f8f5 !important;}\u00a0\u00bb][vc_column][vc_row_inner el_class=\u00a0\u00bbintro-title\u00a0\u00bb][vc_column_inner width=\u00a0\u00bb2\/3&Prime;][vc_column_text] Commis de cuisine (Contrat) [\/vc_column_text][\/vc_column_inner][vc_column_inner el_class=\u00a0\u00bbbloc-intro-CTA\u00a0\u00bb width=\u00a0\u00bb1\/3&Prime;][\/vc_column_inner][\/vc_row_inner][vc_row_inner gap=\u00a0\u00bb35&Prime; css=\u00a0\u00bb.vc_custom_1651605656280{padding-top: 30px !important;}\u00a0\u00bb][vc_column_inner width=\u00a0\u00bb1\/3&Prime; css=\u00a0\u00bb.vc_custom_1650995395638{padding-right: 15% !important;}\u00a0\u00bb][vc_column_text css=\u00a0\u00bb.vc_custom_1715712787448{padding-bottom: 20px !important;}\u00a0\u00bb] Conditions Contrat [\/vc_column_text][vc_column_text css=\u00a0\u00bb.vc_custom_1652371726234{padding-bottom: 20px !important;}\u00a0\u00bb] D\u00e9partement Administration [\/vc_column_text][vc_column_text &hellip; <a href=\"https:\/\/isuarsivik.ca\/fr\/nos-offres-demploi\/commis-de-cuisine-contrat\/\">Continue reading <span class=\"meta-nav\">&rarr;<\/span><\/a><\/p>\n","protected":false},"author":12,"featured_media":0,"parent":14206,"menu_order":0,"comment_status":"closed","ping_status":"closed","template":"page-templates\/fullwidth-template.php","meta":{"footnotes":""},"wf_page_folders":[244],"class_list":["post-22595","page","type-page","status-publish","hentry"],"_links":{"self":[{"href":"https:\/\/isuarsivik.ca\/fr\/wp-json\/wp\/v2\/pages\/22595","targetHints":{"allow":["GET"]}}],"collection":[{"href":"https:\/\/isuarsivik.ca\/fr\/wp-json\/wp\/v2\/pages"}],"about":[{"href":"https:\/\/isuarsivik.ca\/fr\/wp-json\/wp\/v2\/types\/page"}],"author":[{"embeddable":true,"href":"https:\/\/isuarsivik.ca\/fr\/wp-json\/wp\/v2\/users\/12"}],"replies":[{"embeddable":true,"href":"https:\/\/isuarsivik.ca\/fr\/wp-json\/wp\/v2\/comments?post=22595"}],"version-history":[{"count":4,"href":"https:\/\/isuarsivik.ca\/fr\/wp-json\/wp\/v2\/pages\/22595\/revisions"}],"predecessor-version":[{"id":22731,"href":"https:\/\/isuarsivik.ca\/fr\/wp-json\/wp\/v2\/pages\/22595\/revisions\/22731"}],"up":[{"embeddable":true,"href":"https:\/\/isuarsivik.ca\/fr\/wp-json\/wp\/v2\/pages\/14206"}],"wp:attachment":[{"href":"https:\/\/isuarsivik.ca\/fr\/wp-json\/wp\/v2\/media?parent=22595"}],"wp:term":[{"taxonomy":"wf_page_folders","embeddable":true,"href":"https:\/\/isuarsivik.ca\/fr\/wp-json\/wp\/v2\/wf_page_folders?post=22595"}],"curies":[{"name":"wp","href":"https:\/\/api.w.org\/{rel}","templated":true}]}}