{"id":21841,"date":"2024-03-04T09:57:22","date_gmt":"2024-03-04T14:57:22","guid":{"rendered":"https:\/\/isuarsivik.ca\/?page_id=21841"},"modified":"2026-05-14T15:31:06","modified_gmt":"2026-05-14T19:31:06","slug":"coordinator-community-services","status":"publish","type":"page","link":"https:\/\/isuarsivik.ca\/fr\/coordinator-community-services\/","title":{"rendered":"Coordinator &#8211; Community Services"},"content":{"rendered":"<div class=\"wpb-content-wrapper\"><p>[vc_row css=\u00a0\u00bb.vc_custom_1650943584164{background-color: #f8f8f5 !important;}\u00a0\u00bb][vc_column offset=\u00a0\u00bbvc_hidden-xs\u00a0\u00bb][vc_empty_space height=\u00a0\u00bb60px\u00a0\u00bb][\/vc_column][\/vc_row][vc_row css=\u00a0\u00bb.vc_custom_1650995018858{padding-bottom: 50px !important;background-color: #f8f8f5 !important;}\u00a0\u00bb][vc_column][vc_row_inner el_class=\u00a0\u00bbintro-title\u00a0\u00bb][vc_column_inner width=\u00a0\u00bb2\/3&Prime;][vc_column_text]<\/p>\n<h2>Coordonnateur ou Coordonnatrice des Services Communautaires<\/h2>\n<p>[\/vc_column_text][\/vc_column_inner][vc_column_inner el_class=\u00a0\u00bbbloc-intro-CTA\u00a0\u00bb width=\u00a0\u00bb1\/3&Prime;]<a data-hover=\"font-size:14px;color:#ffffff;background-color:#8bb9ad;margin:50px 0;padding:14px 35px;opacity:1;filter:alpha(opacity=100);\" class=\"wd-shortcode-button  CTA-new\" style=\"font-size:14px;color:#ffffff;background-color:#cc9a2e;margin:50px 0;padding:14px 35px;opacity:1;filter:alpha(opacity=100);\" href=\"#job-form\">Je postule<\/a>[\/vc_column_inner][\/vc_row_inner][vc_row_inner gap=\u00a0\u00bb35&Prime; css=\u00a0\u00bb.vc_custom_1651605656280{padding-top: 30px !important;}\u00a0\u00bb][vc_column_inner width=\u00a0\u00bb1\/3&Prime; css=\u00a0\u00bb.vc_custom_1650995395638{padding-right: 15% !important;}\u00a0\u00bb][vc_column_text css=\u00a0\u00bb.vc_custom_1709563502272{padding-bottom: 20px !important;}\u00a0\u00bb]<\/p>\n<h6 style=\"color: #8bb9ad; text-transform: uppercase; font-weight: 500; margin-bottom: 0px;\">CONDITIONS<\/h6>\n<p style=\"font-size: 14px;\">Poste permanent \u00e0 temps plein<\/p>\n<p>[\/vc_column_text][vc_column_text css=\u00a0\u00bb.vc_custom_1709563513852{padding-bottom: 20px !important;}\u00a0\u00bb]<\/p>\n<h6 style=\"color: #8bb9ad; text-transform: uppercase; font-weight: 500; margin-bottom: 0px;\">DIVISION<\/h6>\n<p style=\"font-size: 14px;\">Soins continus<\/p>\n<p>[\/vc_column_text][vc_column_text css=\u00a0\u00bb.vc_custom_1709563538781{padding-bottom: 20px !important;}\u00a0\u00bb]<\/p>\n<h6 style=\"color: #8bb9ad; text-transform: uppercase; font-weight: 500; margin-bottom: 0px;\">SUPERVISEUR(E) DIRECT(E)<\/h6>\n<p style=\"font-size: 14px;\">Responsable des soins continus<\/p>\n<p>[\/vc_column_text][vc_column_text css=\u00a0\u00bb.vc_custom_1709563550008{padding-bottom: 20px !important;}\u00a0\u00bb]<\/p>\n<h6 style=\"color: #8bb9ad; text-transform: uppercase; font-weight: 500; margin-bottom: 0px;\">EMPLACEMENT<\/h6>\n<p style=\"font-size: 14px;\">Kuujjuaq, Qu\u00e9bec<\/p>\n<p>[\/vc_column_text][vc_column_text css=\u00a0\u00bb.vc_custom_1709563575087{padding-bottom: 20px !important;}\u00a0\u00bb]<\/p>\n<h6 style=\"color: #8bb9ad; text-transform: uppercase; font-weight: 500; margin-bottom: 0px;\">DATE DE FIN D\u2019AFFICHAGE DU POSTE<\/h6>\n<p style=\"font-size: 14px;\"><strong>15 Mars 2024<\/strong><\/p>\n<p>[\/vc_column_text][vc_column_text css=\u00a0\u00bb.vc_custom_1709563592483{padding-bottom: 20px !important;}\u00a0\u00bb]<\/p>\n<h6 style=\"color: #8bb9ad; text-transform: uppercase; font-weight: 500; margin-bottom: 0px;\">DATE D\u2019ENTR\u00c9E EN FONCTION<\/h6>\n<p style=\"font-size: 14px;\">\u00c0 discuter<\/p>\n<p>[\/vc_column_text][\/vc_column_inner][vc_column_inner width=\u00a0\u00bb2\/3&Prime;][vc_column_text css=\u00a0\u00bb.vc_custom_1700062005225{padding-bottom: 30px !important;}\u00a0\u00bb][\/vc_column_text][vc_column_text]Le Centre r\u00e9gional de r\u00e9tablissement Isuarsivik agit \u00e0 titre de centre de r\u00e9tablissement pour les 14\u00a0communaut\u00e9s du Nunavik, au nord du Qu\u00e9bec. Le centre propose un programme interne de huit semaines ainsi que divers services de soins continus, notamment des s\u00e9ances individuelles, de couple et de famille\u2009; des activit\u00e9s de groupe de soutien communautaire\u2009; ainsi que des s\u00e9ances de r\u00e9tablissement directement sur la terre.<\/p>\n<p>&nbsp;<\/p>\n<p>Dans ce contexte, le <strong>coordonnateur ou la coordonnatrice des services communautaires <\/strong>joue le r\u00f4le crucial suivant\u00a0:<\/p>\n<ul>\n<li>S\u2019occuper du d\u00e9veloppement g\u00e9n\u00e9ral et de la mise en \u0153uvre des services communautaires (programmes, mise en place de services dans de nouvelles communaut\u00e9s et soins \u00e0 distance)\u2009;<\/li>\n<li>G\u00e9rer les conseillers et conseill\u00e8res en soins continus et contribuer \u00e0 leur d\u00e9veloppement\u2009;<\/li>\n<li>Mettre en place des pratiques de bien-\u00eatre et de s\u00e9curit\u00e9 afin de favoriser un lieu de travail positif et stimulant pour tous et toutes.<\/li>\n<\/ul>\n<p>[\/vc_column_text][\/vc_column_inner][\/vc_row_inner][\/vc_column][\/vc_row][vc_row gap=\u00a0\u00bb35&Prime; css=\u00a0\u00bb.vc_custom_1651605702531{margin-top: 5% !important;margin-bottom: 5% !important;}\u00a0\u00bb][vc_column width=\u00a0\u00bb1\/3&Prime; css=\u00a0\u00bb.vc_custom_1651605734680{padding-bottom: 15px !important;}\u00a0\u00bb][vc_column_text]<\/p>\n<h4 style=\"font-size: 23px;\">Objectif du poste<\/h4>\n<p>[\/vc_column_text][\/vc_column][vc_column width=\u00a0\u00bb2\/3&Prime;][vc_column_text]Sous la direction du gestionnaire des soins continus, le coordonnateur ou la coordonnatrice des services communautaires est responsable de cr\u00e9er et de mettre en \u0153uvre des services dans l\u2019ensemble du Nunavik.[\/vc_column_text][\/vc_column][\/vc_row][vc_row gap=\u00a0\u00bb35&Prime; css=\u00a0\u00bb.vc_custom_1651605749592{margin-top: 5% !important;margin-bottom: 5% !important;}\u00a0\u00bb][vc_column width=\u00a0\u00bb1\/3&Prime; css=\u00a0\u00bb.vc_custom_1651605875256{padding-bottom: 15px !important;}\u00a0\u00bb][vc_column_text]<\/p>\n<h4 style=\"font-size: 23px; line-height: 110%;\">Fonctions et<br \/>\nresponsabilit\u00e9s essentielles<\/h4>\n<p>[\/vc_column_text][\/vc_column][vc_column width=\u00a0\u00bb2\/3&Prime;][vc_column_text css=\u00a0\u00bb.vc_custom_1709563732921{padding-bottom: 50px !important;}\u00a0\u00bb]<strong>Gestion<\/strong><\/p>\n<ul>\n<li>Superviser et soutenir les conseillers et conseill\u00e8res en soins continus dans la prestation quotidienne des services.<\/li>\n<li>G\u00e9rer le fonctionnement quotidien de tous les bureaux r\u00e9gionaux et du programme de soutien.<\/li>\n<li>Superviser les activit\u00e9s et les groupes de soutien au sein des institutions.<\/li>\n<li>Tenir des statistiques sur la participation au programme.<\/li>\n<li>Assurer la liaison avec les responsables des organisations partenaires pour garantir une coordination et une int\u00e9gration ad\u00e9quates des services aux \u00e9chelles communautaire et r\u00e9gionale.<\/li>\n<\/ul>\n<p>&nbsp;<\/p>\n<p><strong>Planification<\/strong><\/p>\n<ul>\n<li>Participer \u00e0 la cr\u00e9ation d\u2019un programme de soins avant et apr\u00e8s traitement.<\/li>\n<li>Veiller \u00e0 ce que tous les documents et dossiers de la client\u00e8le soient \u00e0 jour et prot\u00e9g\u00e9s.<\/li>\n<li>Confirmer que les dossiers et les renseignements sur la client\u00e8le sont prot\u00e9g\u00e9s et qu\u2019ils restent confidentiels.<\/li>\n<li>Confirmer que les dossiers de la client\u00e8le sont transf\u00e9r\u00e9s \u00e0 la sous-division appropri\u00e9e au sein de l\u2019\u00e9quipe des soins continus.<\/li>\n<li>Organiser et de mettre en \u0153uvre le programme de soins de sant\u00e9 pour la r\u00e9gion.<\/li>\n<li>Effectuer d\u2019autres t\u00e2ches connexes qui vous seront confi\u00e9es.<\/li>\n<\/ul>\n<p>[\/vc_column_text][\/vc_column][\/vc_row][vc_row gap=\u00a0\u00bb35&Prime; css=\u00a0\u00bb.vc_custom_1651605762423{margin-top: 5% !important;margin-bottom: 5% !important;}\u00a0\u00bb][vc_column width=\u00a0\u00bb1\/3&Prime; css=\u00a0\u00bb.vc_custom_1651605882173{padding-bottom: 15px !important;}\u00a0\u00bb][vc_column_text]<\/p>\n<h4 style=\"font-size: 23px; line-height: 110%;\">Qualifications<\/h4>\n<p>[\/vc_column_text][\/vc_column][vc_column width=\u00a0\u00bb2\/3&Prime;][vc_column_text css=\u00a0\u00bb.vc_custom_1709563760650{padding-bottom: 50px !important;}\u00a0\u00bb]<\/p>\n<h5 style=\"color: #cc9a2e; font-size: 16px;\">\u00c9ducation<\/h5>\n<ul>\n<li>Dipl\u00f4me universitaire dans une discipline de l\u2019intervention sociale<\/li>\n<li>Formation pertinente en counseling<\/li>\n<\/ul>\n<p>[\/vc_column_text][vc_column_text css=\u00a0\u00bb.vc_custom_1709563789589{padding-bottom: 50px !important;}\u00a0\u00bb]<\/p>\n<h5 style=\"color: #cc9a2e; font-size: 16px;\">Exp\u00e9rience de travail<\/h5>\n<ul>\n<li>5 \u00e0 8\u00a0ans d\u2019exp\u00e9rience dans le domaine de l\u2019intervention sociale ou en counseling<\/li>\n<li>2 \u00e0 5\u00a0ans d\u2019exp\u00e9rience dans la gestion d\u2019une \u00e9quipe de conseillers ou conseill\u00e8res<\/li>\n<li class=\"li2\">Exp\u00e9rience dans des fonctions de direction ou de gestion (un atout)<\/li>\n<\/ul>\n<p>[\/vc_column_text][vc_column_text css=\u00a0\u00bb.vc_custom_1709563888363{padding-bottom: 50px !important;}\u00a0\u00bb]<\/p>\n<h5 style=\"color: #cc9a2e; font-size: 16px;\">Connaissances et comp\u00e9tences<\/h5>\n<ul>\n<li>Comp\u00e9tences informatiques de base<\/li>\n<li>Comp\u00e9tences avanc\u00e9es en mati\u00e8re de facilitation<\/li>\n<li>Autonomie et capacit\u00e9 \u00e0 travailler en \u00e9quipe<\/li>\n<li>Attention particuli\u00e8re \u00e0 la confidentialit\u00e9 et volont\u00e9 de la pr\u00e9server<\/li>\n<li>Capacit\u00e9 \u00e0 r\u00e9soudre des probl\u00e8mes et une attitude orient\u00e9e vers les r\u00e9sultats<\/li>\n<li>Exp\u00e9rience personnelle et professionnelle dans un contexte interculturel<\/li>\n<li>Volont\u00e9 de se soumettre \u00e0 une v\u00e9rification du casier judiciaire<\/li>\n<\/ul>\n<p>[\/vc_column_text][vc_column_text css=\u00a0\u00bb.vc_custom_1709563900684{padding-bottom: 50px !important;}\u00a0\u00bb]<\/p>\n<h5 style=\"color: #cc9a2e; font-size: 16px;\">Langue<\/h5>\n<ul>\n<li class=\"li1\">Inuktitut et anglais (\u00e0 l\u2019oral et \u00e0 l\u2019\u00e9crit)<\/li>\n<\/ul>\n<p>[\/vc_column_text][\/vc_column][\/vc_row][vc_row gap=\u00a0\u00bb35&Prime; css=\u00a0\u00bb.vc_custom_1651605776186{margin-top: 5% !important;margin-bottom: 5% !important;}\u00a0\u00bb][vc_column width=\u00a0\u00bb1\/3&Prime; css=\u00a0\u00bb.vc_custom_1651605894475{padding-bottom: 15px !important;}\u00a0\u00bb][vc_column_text]<\/p>\n<h4 style=\"font-size: 23px; line-height: 110%;\">Environnement de travail<\/h4>\n<p>[\/vc_column_text][\/vc_column][vc_column width=\u00a0\u00bb2\/3&Prime;][vc_column_text]<\/p>\n<ul>\n<li>La personne qui occupera ce poste doit trouver un \u00e9quilibre entre les multiples demandes et les besoins urgents des usager(\u00e8re)s, du personnel et des partenaires.<\/li>\n<li>Vous devez \u00eatre pr\u00eat(e) \u00e0 relever les d\u00e9fis personnels et professionnels associ\u00e9s \u00e0 la vie dans une communaut\u00e9 nordique isol\u00e9e dont les ressources sont limit\u00e9es.<\/li>\n<\/ul>\n<p>[\/vc_column_text][\/vc_column][\/vc_row][vc_row gap=\u00a0\u00bb35&Prime; css=\u00a0\u00bb.vc_custom_1651605790362{margin-top: 5% !important;margin-bottom: 5% !important;}\u00a0\u00bb][vc_column width=\u00a0\u00bb1\/3&Prime; css=\u00a0\u00bb.vc_custom_1651605903540{padding-bottom: 15px !important;}\u00a0\u00bb][vc_column_text]<\/p>\n<h4 style=\"font-size: 23px; line-height: 110%;\">Salaires et Avantages<\/h4>\n<p>[\/vc_column_text][\/vc_column][vc_column width=\u00a0\u00bb2\/3&Prime;][vc_column_text]<\/p>\n<ul>\n<li>Les conditions de travail sont celles pr\u00e9vues par le r\u00e9seau de la sant\u00e9 et des services sociaux du Nunavik.<\/li>\n<li>Le salaire sera \u00e9tabli en fonction des qualifications et de l\u2019exp\u00e9rience.<\/li>\n<li>Il y a une p\u00e9riode de probation.<\/li>\n<li>Programme de mentorat ou de formation offert (si les exigences ne sont pas satisfaites).<\/li>\n<\/ul>\n<p>[\/vc_column_text][\/vc_column][\/vc_row][vc_row css=\u00a0\u00bb.vc_custom_1652381784103{margin-top: 200px !important;padding-bottom: 100px !important;background-color: #8bb9ad !important;}\u00a0\u00bb el_id=\u00a0\u00bbjob-form\u00a0\u00bb][vc_column el_id=\u00a0\u00bbjob-form\u00a0\u00bb][vc_column_text css=\u00a0\u00bb.vc_custom_1709648015434{background-color: #f8f8f5 !important;border-radius: 35px !important;}\u00a0\u00bb el_class=\u00a0\u00bbformulaire-career\u00a0\u00bb]\n<div class=\"wpcf7 no-js\" id=\"wpcf7-f14186-o1\" lang=\"en-US\" dir=\"ltr\" data-wpcf7-id=\"14186\">\n<div class=\"screen-reader-response\"><p role=\"status\" aria-live=\"polite\" aria-atomic=\"true\"><\/p> <ul><\/ul><\/div>\n<form action=\"\/fr\/wp-json\/wp\/v2\/pages\/21841?doing_wp_cron=1778890486.7922511100769042968750#wpcf7-f14186-o1\" method=\"post\" class=\"wpcf7-form init\" aria-label=\"Contact form\" enctype=\"multipart\/form-data\" novalidate=\"novalidate\" data-status=\"init\">\n<fieldset class=\"hidden-fields-container\"><input type=\"hidden\" name=\"_wpcf7\" value=\"14186\" \/><input type=\"hidden\" name=\"_wpcf7_version\" value=\"6.1.6\" \/><input type=\"hidden\" name=\"_wpcf7_locale\" value=\"en_US\" \/><input type=\"hidden\" name=\"_wpcf7_unit_tag\" value=\"wpcf7-f14186-o1\" \/><input type=\"hidden\" name=\"_wpcf7_container_post\" value=\"0\" \/><input type=\"hidden\" name=\"_wpcf7_posted_data_hash\" value=\"\" \/><input type=\"hidden\" name=\"_wpcf7_recaptcha_response\" value=\"\" \/>\n<\/fieldset>\n<div id=\"job-form\">\n<h2 class=\"career-form-title\" style=\"text-align:center; padding:40px 0;\">Soumettre ma candidature pour ce poste<\/h2>\n\n<div class=\"one-half\">\n   <label> Pr\u00e9nom* <span class=\"wpcf7-form-control-wrap\" data-name=\"First-name\"><input size=\"40\" maxlength=\"400\" class=\"wpcf7-form-control wpcf7-text wpcf7-validates-as-required\" aria-required=\"true\" aria-invalid=\"false\" value=\"\" type=\"text\" name=\"First-name\" \/><\/span><\/label>\n<\/div>\n \n<div class=\"one-half last\">\n     <label> Nom* <span class=\"wpcf7-form-control-wrap\" data-name=\"Last-name\"><input size=\"40\" maxlength=\"400\" class=\"wpcf7-form-control wpcf7-text wpcf7-validates-as-required\" aria-required=\"true\" aria-invalid=\"false\" value=\"\" type=\"text\" name=\"Last-name\" \/><\/span><\/label>\n<\/div>\n\n<div class=\"one-half\">\n      <label> Adresse courriel* <span class=\"wpcf7-form-control-wrap\" data-name=\"your-email\"><input size=\"40\" maxlength=\"400\" class=\"wpcf7-form-control wpcf7-email wpcf7-validates-as-required wpcf7-text wpcf7-validates-as-email\" aria-required=\"true\" aria-invalid=\"false\" value=\"\" type=\"email\" name=\"your-email\" \/><\/span> <\/label>\n<\/div>\n \n<div class=\"one-half last\">\n       <label> Num\u00e9ro de t\u00e9l\u00e9phone <span class=\"wpcf7-form-control-wrap\" data-name=\"Phonenumber\"><input size=\"40\" maxlength=\"400\" class=\"wpcf7-form-control wpcf7-tel wpcf7-text wpcf7-validates-as-tel\" aria-invalid=\"false\" value=\"\" type=\"tel\" name=\"Phonenumber\" \/><\/span><\/label>\n<\/div>\n\n<div class=\"one-half\">\n      <label> Confirmer votre adresse courriel* <span class=\"wpcf7-form-control-wrap\" data-name=\"your-email\"><input size=\"40\" maxlength=\"400\" class=\"wpcf7-form-control wpcf7-email wpcf7-validates-as-required wpcf7-text wpcf7-validates-as-email\" aria-required=\"true\" aria-invalid=\"false\" value=\"\" type=\"email\" name=\"your-email\" \/><\/span> <\/label>\n<\/div>\n \n<div class=\"one-half last\">\n       <label> Confirmer votre num\u00e9ro de t\u00e9l\u00e9phone <span class=\"wpcf7-form-control-wrap\" data-name=\"Phonenumber\"><input size=\"40\" maxlength=\"400\" class=\"wpcf7-form-control wpcf7-tel wpcf7-text wpcf7-validates-as-tel\" aria-invalid=\"false\" value=\"\" type=\"tel\" name=\"Phonenumber\" \/><\/span><\/label>\n<\/div>\n\n\n<div class=\"one-half\">\n   <label> Communaut\u00e9\/ville <span class=\"wpcf7-form-control-wrap\" data-name=\"City\"><input size=\"40\" maxlength=\"400\" class=\"wpcf7-form-control wpcf7-text wpcf7-validates-as-required\" aria-required=\"true\" aria-invalid=\"false\" value=\"\" type=\"text\" name=\"City\" \/><\/span> <\/label>\n<\/div>\n \n<div class=\"one-half last\">\n   <label> Province <span class=\"wpcf7-form-control-wrap\" data-name=\"Provinces\"><select class=\"wpcf7-form-control wpcf7-select\" aria-invalid=\"false\" name=\"Provinces\"><option value=\"Alberta\">Alberta<\/option><option value=\"Colombie-Britannique\">Colombie-Britannique<\/option><option value=\"\u00cele-du-Prince-\u00c9douard\">\u00cele-du-Prince-\u00c9douard<\/option><option value=\"Manitoba\">Manitoba<\/option><option value=\"Nouveau-Brunswick\">Nouveau-Brunswick<\/option><option value=\"Nouvelle-\u00c9cosse\">Nouvelle-\u00c9cosse<\/option><option value=\"Ontario\">Ontario<\/option><option value=\"Qu\u00e9bec\">Qu\u00e9bec<\/option><option value=\"Saskatchewan\">Saskatchewan<\/option><option value=\"Terre-Neuve-et-Labrador\">Terre-Neuve-et-Labrador<\/option><\/select><\/span><\/label>\n<\/div>\n\n<label> \u00cates-vous b\u00e9n\u00e9ficiaire de l'une des ententes sur les revendications territoriales des Inuits\n<span style=\"font-weight:500;\">(Nunavik, Nunavut, Inuvialuit, Nunatsiavut)?<\/span><\/label>\n<span class=\"wpcf7-form-control-wrap\" data-name=\"radio-246\"><span class=\"wpcf7-form-control wpcf7-radio\"><span class=\"wpcf7-list-item first\"><label><input type=\"radio\" name=\"radio-246\" value=\"Oui\" checked=\"checked\" \/><span class=\"wpcf7-list-item-label\">Oui<\/span><\/label><\/span><span class=\"wpcf7-list-item last\"><label><input type=\"radio\" name=\"radio-246\" value=\"Non\" \/><span class=\"wpcf7-list-item-label\">Non<\/span><\/label><\/span><\/span><\/span> \n\n<label> Partage-nous ton int\u00e9r\u00eat pour joindre Isuarsivik <span class=\"wpcf7-form-control-wrap\" data-name=\"your-message\"><textarea cols=\"40\" rows=\"10\" maxlength=\"2000\" class=\"wpcf7-form-control wpcf7-textarea\" aria-invalid=\"false\" name=\"your-message\"><\/textarea><\/span> <\/label>\n\n<label>Quels sont vos emplois pr\u00e9c\u00e9dents? <span class=\"wpcf7-form-control-wrap\" data-name=\"previous-workplace\"><textarea cols=\"40\" rows=\"10\" maxlength=\"2000\" class=\"wpcf7-form-control wpcf7-textarea\" aria-invalid=\"false\" name=\"previous-workplace\"><\/textarea><\/span> <\/label>\n\n<label>Quelles sont vos comp\u00e9tences professionnelles? <span class=\"wpcf7-form-control-wrap\" data-name=\"competencies\"><textarea cols=\"40\" rows=\"10\" maxlength=\"2000\" class=\"wpcf7-form-control wpcf7-textarea\" aria-invalid=\"false\" name=\"competencies\"><\/textarea><\/span> <\/label>\n\n<label>Pourquoi devrions-nous vous engager? <span class=\"wpcf7-form-control-wrap\" data-name=\"why-hire\"><textarea cols=\"40\" rows=\"10\" maxlength=\"2000\" class=\"wpcf7-form-control wpcf7-textarea\" aria-invalid=\"false\" name=\"why-hire\"><\/textarea><\/span> <\/label>\n\n<label>Sur quelle offre d'emploi souhaites-tu poser ta candidature?* <\/label>\n<label> \n    <span class=\"wpcf7-form-control-wrap\" data-name=\"Firstchoice\"><select class=\"wpcf7-form-control wpcf7-select wpcf7-validates-as-required\" aria-required=\"true\" aria-invalid=\"false\" name=\"Firstchoice\"><option value=\"Choisissez\">Choisissez<\/option><option value=\"Aucun poste pr\u00e9cis\">Aucun poste pr\u00e9cis<\/option><option value=\"Continued Care Counsellor\">Continued Care Counsellor<\/option><option value=\"Community Counsellor (Kangirsuk)\">Community Counsellor (Kangirsuk)<\/option><option value=\"Community Counsellor (Puvirnituq)\">Community Counsellor (Puvirnituq)<\/option><option value=\"Coordinator - Attendants\">Coordinator - Attendants<\/option><option value=\"Coordinator - Youth Services\">Coordinator - Youth Services<\/option><option value=\"Development Officer, Grants and Donations\">Development Officer, Grants and Donations<\/option><option value=\"Interpreter\">Interpreter<\/option><option value=\"Janitor\">Janitor<\/option><option value=\"Maintenance Worker\">Maintenance Worker<\/option><option value=\"Recovery Counsellor\">Recovery Counsellor<\/option><option value=\"Teacher\/Tutor\">Teacher\/Tutor<\/option><\/select><\/span> \n<\/label>\n\n\n<label> Lettre de motivation ou CV\n<span class=\"wpcf7-form-control-wrap\" data-name=\"LettredemotivationCV\"><input size=\"40\" class=\"wpcf7-form-control wpcf7-file\" accept=\".png,.jpg,.doc,.ppt,.pdf,.docx\" aria-invalid=\"false\" type=\"file\" name=\"LettredemotivationCV\" \/><\/span><\/label>\n\n<label> T\u00e9l\u00e9charger des documents\n<span class=\"wpcf7-form-control-wrap\" data-name=\"Document\"><input size=\"40\" class=\"wpcf7-form-control wpcf7-file\" accept=\".png,.jpg,.doc,.ppt,.pdf,.docx\" aria-invalid=\"false\" type=\"file\" name=\"Document\" \/><\/span><\/label>\n\n<label style=\"margin-bottom:30px;\">O\u00f9 as-tu entendu parler des opportunit\u00e9s de carri\u00e8re d\u2019Isuarsivik?\n<span class=\"wpcf7-form-control-wrap\" data-name=\"Pointdecontact\"><select class=\"wpcf7-form-control wpcf7-select\" aria-invalid=\"false\" name=\"Pointdecontact\"><option value=\"Revue\/Journaux\">Revue\/Journaux<\/option><option value=\"M\u00e9dias sociaux (Facebook, Instagram, Linkedin, etc.)\">M\u00e9dias sociaux (Facebook, Instagram, Linkedin, etc.)<\/option><option value=\"Pr\u00e9sentoirs dans les a\u00e9roports et co-ops\">Pr\u00e9sentoirs dans les a\u00e9roports et co-ops<\/option><option value=\"D\u00e9pliants\/Envois postaux\">D\u00e9pliants\/Envois postaux<\/option><option value=\"Famille\/Amis\">Famille\/Amis<\/option><option value=\"Spotify\">Spotify<\/option><option value=\"Autres\">Autres<\/option><\/select><\/span><\/label>\n<\/div>\n\n<input class=\"wpcf7-form-control wpcf7-submit has-spinner\" type=\"submit\" value=\"Envoyer votre candidature\" \/>\n<\/div><input type=\"hidden\" id=\"ct_checkjs_cf7_faa9afea49ef2ff029a833cccc778fd0\" name=\"ct_checkjs_cf7\" value=\"0\" \/><div class=\"wpcf7-response-output\" aria-hidden=\"true\"><\/div>\n<\/form>\n<\/div>\n[\/vc_column_text][\/vc_column][\/vc_row]<\/p>\n<\/div>","protected":false},"excerpt":{"rendered":"<p>[vc_row css=\u00a0\u00bb.vc_custom_1650943584164{background-color: #f8f8f5 !important;}\u00a0\u00bb][vc_column offset=\u00a0\u00bbvc_hidden-xs\u00a0\u00bb][vc_empty_space height=\u00a0\u00bb60px\u00a0\u00bb][\/vc_column][\/vc_row][vc_row css=\u00a0\u00bb.vc_custom_1650995018858{padding-bottom: 50px !important;background-color: #f8f8f5 !important;}\u00a0\u00bb][vc_column][vc_row_inner el_class=\u00a0\u00bbintro-title\u00a0\u00bb][vc_column_inner width=\u00a0\u00bb2\/3&Prime;][vc_column_text] Coordonnateur ou Coordonnatrice des Services Communautaires [\/vc_column_text][\/vc_column_inner][vc_column_inner el_class=\u00a0\u00bbbloc-intro-CTA\u00a0\u00bb width=\u00a0\u00bb1\/3&Prime;][\/vc_column_inner][\/vc_row_inner][vc_row_inner gap=\u00a0\u00bb35&Prime; css=\u00a0\u00bb.vc_custom_1651605656280{padding-top: 30px !important;}\u00a0\u00bb][vc_column_inner width=\u00a0\u00bb1\/3&Prime; css=\u00a0\u00bb.vc_custom_1650995395638{padding-right: 15% !important;}\u00a0\u00bb][vc_column_text css=\u00a0\u00bb.vc_custom_1709563502272{padding-bottom: 20px !important;}\u00a0\u00bb] CONDITIONS Poste permanent \u00e0 temps plein [\/vc_column_text][vc_column_text &hellip; <a href=\"https:\/\/isuarsivik.ca\/fr\/coordinator-community-services\/\">Continue reading <span class=\"meta-nav\">&rarr;<\/span><\/a><\/p>\n","protected":false},"author":11,"featured_media":0,"parent":0,"menu_order":0,"comment_status":"closed","ping_status":"closed","template":"page-templates\/fullwidth-template.php","meta":{"footnotes":""},"wf_page_folders":[271,244],"class_list":["post-21841","page","type-page","status-publish","hentry"],"_links":{"self":[{"href":"https:\/\/isuarsivik.ca\/fr\/wp-json\/wp\/v2\/pages\/21841","targetHints":{"allow":["GET"]}}],"collection":[{"href":"https:\/\/isuarsivik.ca\/fr\/wp-json\/wp\/v2\/pages"}],"about":[{"href":"https:\/\/isuarsivik.ca\/fr\/wp-json\/wp\/v2\/types\/page"}],"author":[{"embeddable":true,"href":"https:\/\/isuarsivik.ca\/fr\/wp-json\/wp\/v2\/users\/11"}],"replies":[{"embeddable":true,"href":"https:\/\/isuarsivik.ca\/fr\/wp-json\/wp\/v2\/comments?post=21841"}],"version-history":[{"count":4,"href":"https:\/\/isuarsivik.ca\/fr\/wp-json\/wp\/v2\/pages\/21841\/revisions"}],"predecessor-version":[{"id":21934,"href":"https:\/\/isuarsivik.ca\/fr\/wp-json\/wp\/v2\/pages\/21841\/revisions\/21934"}],"wp:attachment":[{"href":"https:\/\/isuarsivik.ca\/fr\/wp-json\/wp\/v2\/media?parent=21841"}],"wp:term":[{"taxonomy":"wf_page_folders","embeddable":true,"href":"https:\/\/isuarsivik.ca\/fr\/wp-json\/wp\/v2\/wf_page_folders?post=21841"}],"curies":[{"name":"wp","href":"https:\/\/api.w.org\/{rel}","templated":true}]}}