{"id":20478,"date":"2023-12-22T09:04:16","date_gmt":"2023-12-22T14:04:16","guid":{"rendered":"https:\/\/isuarsivik.ca\/?page_id=20478"},"modified":"2025-02-07T11:40:47","modified_gmt":"2025-02-07T16:40:47","slug":"le-defi-pingngupaa","status":"publish","type":"page","link":"https:\/\/isuarsivik.ca\/fr\/services\/le-defi-pingngupaa\/","title":{"rendered":"Le d\u00e9fi Pingngupaa"},"content":{"rendered":"<div class=\"wpb-content-wrapper\"><p>[vc_row gap=\u00a0\u00bb35&Prime; css=\u00a0\u00bb.vc_custom_1700601699512{padding-bottom: 4% !important;background-color: #f8f8f5 !important;}\u00a0\u00bb][vc_column css=\u00a0\u00bb.vc_custom_1700601377650{background-position: 0 0 !important;background-repeat: no-repeat !important;}\u00a0\u00bb font_color=\u00a0\u00bb#ffffff\u00a0\u00bb][vc_row_inner el_class=\u00a0\u00bbping24-hero\u00a0\u00bb css=\u00a0\u00bb.vc_custom_1731925760898{padding-top: 4% !important;padding-right: 5% !important;padding-bottom: 4% !important;padding-left: 5% !important;background-image: url(https:\/\/isuarsivik.ca\/wp-content\/uploads\/2024\/11\/14846_ISUAR-Pingngupaa-Challenge-2025_Banniere-Web-2668-X-990-V1-scaled.jpg?id=23159) !important;background-position: center !important;background-repeat: no-repeat !important;background-size: cover !important;border-radius: 25px !important;}\u00a0\u00bb][vc_column_inner width=\u00a0\u00bb1\/2&Prime; css=\u00a0\u00bb.vc_custom_1731926118561{background-image: url(https:\/\/isuarsivik.ca\/wp-content\/uploads\/2022\/01\/shape-dark-green.png?id=12674) !important;background-position: 0 0 !important;background-repeat: no-repeat !important;}\u00a0\u00bb][vc_column_text css=\u00a0\u00bb.vc_custom_1731925855894{margin-top: 30px !important;margin-bottom: 50px !important;}\u00a0\u00bb]<\/p>\n<h1 style=\"color: white;\">Le d\u00e9fi Pingngupaa<\/h1>\n<h5 style=\"color: white;\">Embarque dans un processus de croissance personnelle!<\/h5>\n<p>[\/vc_column_text][vc_column_text]<\/p>\n<div id=\"scroll-down\"><img decoding=\"async\" src=\"https:\/\/isuarsivik.ca\/wp-content\/uploads\/2022\/01\/Icon-scroll.png\" alt=\"\" \/><br \/>\n<a style=\"color: white;\" href=\"#participate\">D\u00e9couvrez et participez<\/a><\/div>\n<p>[\/vc_column_text][\/vc_column_inner][vc_column_inner width=\u00a0\u00bb1\/2&Prime;][\/vc_column_inner][\/vc_row_inner][\/vc_column][\/vc_row][vc_row css=\u00a0\u00bb.vc_custom_1732031345188{background-color: #f8f8f5 !important;}\u00a0\u00bb][vc_column][vc_column_text css=\u00a0\u00bb.vc_custom_1700601857513{margin-bottom: 4% !important;}\u00a0\u00bb]<\/p>\n<h3>A propos du d\u00e9fi<\/h3>\n<p>[\/vc_column_text][vc_row_inner el_id=\u00a0\u00bbparticipate\u00a0\u00bb][vc_column_inner width=\u00a0\u00bb7\/12&Prime;][vc_column_text css=\u00a0\u00bb.vc_custom_1700646154222{padding-right: 5% !important;}\u00a0\u00bb]Chaque ann\u00e9e, en f\u00e9vrier, des dizaines de personnes provenant des 14 communaut\u00e9s du Nunavik et d\u2019ailleurs prennent part au D\u00e9fi Pingngupaa. Cet \u00e9v\u00e9nement d\u2019une dur\u00e9e d\u2019un mois leur permet de donner de l\u2019\u00e9lan \u00e0 un changement de mode de vie et de r\u00e9fl\u00e9chir \u00e0 leur relation \u00e0 l\u2019alcool et \u00e0 la drogue. Les participantes et participants sont invit\u00e9(e)s \u2013 qu\u2019ils veuillent ou non changer leurs habitudes de consommation \u2013 \u00e0 se fixer des objectifs de r\u00e9tablissement r\u00e9alistes et respectueux de leur r\u00e9alit\u00e9. Le D\u00e9fi Pingngupaa leur offre la possibilit\u00e9 d\u2019amorcer un changement positif vers la sobri\u00e9t\u00e9 ou simplement de diminuer leur consommation d\u2019alcool et de drogues. Il encourage \u00e9galement \u00e0 trouver des m\u00e9thodes pour minimiser les risques qui y sont li\u00e9s, ou \u00e0 r\u00e9fl\u00e9chir au r\u00f4le de la consommation de substances dans leur vie.<\/p>\n<p>En mars, Isuarsivik fait tirer des prix pour les participant(e)s ainsi que les personnes qui ont fait un don afin de souligner leur engagement pour la cause du r\u00e9tablissement.[\/vc_column_text][\/vc_column_inner][vc_column_inner width=\u00a0\u00bb5\/12&Prime;][vc_single_image image=\u00a0\u00bb20688&Prime; img_size=\u00a0\u00bbFull\u00a0\u00bb alignment=\u00a0\u00bbcenter\u00a0\u00bb][\/vc_column_inner][\/vc_row_inner][vc_row_inner css=\u00a0\u00bb.vc_custom_1732031451902{margin-top: 60px !important;margin-bottom: 100px !important;}\u00a0\u00bb][vc_column_inner width=\u00a0\u00bb1\/4&Prime; css=\u00a0\u00bb.vc_custom_1700661817398{padding-bottom: 20px !important;}\u00a0\u00bb][vc_column_text]<button class=\"push-pgn\"><a href=\"https:\/\/www.zeffy.com\/en-CA\/ticketing\/34399e1f-04a1-4b58-b398-269abae4fcbe\"><img loading=\"lazy\" decoding=\"async\" class=\"alignleft size-full wp-image-20530\" src=\"https:\/\/isuarsivik.ca\/wp-content\/uploads\/2023\/11\/ISUAR_Illustrations_register.png\" alt=\"\" width=\"139\" height=\"140\" srcset=\"https:\/\/isuarsivik.ca\/wp-content\/uploads\/2023\/11\/ISUAR_Illustrations_register.png 139w, https:\/\/isuarsivik.ca\/wp-content\/uploads\/2023\/11\/ISUAR_Illustrations_register-129x129.png 129w, https:\/\/isuarsivik.ca\/wp-content\/uploads\/2023\/11\/ISUAR_Illustrations_register-23x23.png 23w\" sizes=\"auto, (max-width: 139px) 100vw, 139px\" \/><br \/>\nS&rsquo;inscrire<br \/>\n<i class=\"fa fa-arrow-right fa-1x circle-icon\"><\/i><\/a><\/button>[\/vc_column_text][\/vc_column_inner][vc_column_inner width=\u00a0\u00bb1\/4&Prime; css=\u00a0\u00bb.vc_custom_1700661823781{padding-bottom: 20px !important;}\u00a0\u00bb][vc_column_text]<button class=\"push-pgn\"><a href=\"https:\/\/www.zeffy.com\/en-CA\/peer-to-peer\/2025-pingngupaa-challenge\"><img loading=\"lazy\" decoding=\"async\" class=\"wp-image-20521 size-full alignnone\" src=\"https:\/\/isuarsivik.ca\/wp-content\/uploads\/2023\/11\/ISUAR_Illustrations_Value_respect.png\" alt=\"\" width=\"139\" height=\"140\" srcset=\"https:\/\/isuarsivik.ca\/wp-content\/uploads\/2023\/11\/ISUAR_Illustrations_Value_respect.png 139w, https:\/\/isuarsivik.ca\/wp-content\/uploads\/2023\/11\/ISUAR_Illustrations_Value_respect-129x129.png 129w, https:\/\/isuarsivik.ca\/wp-content\/uploads\/2023\/11\/ISUAR_Illustrations_Value_respect-23x23.png 23w\" sizes=\"auto, (max-width: 139px) 100vw, 139px\" \/><br \/>\nFaire un don<br \/>\n<i class=\"fa fa-arrow-right fa-1x circle-icon\"><\/i><\/a><\/button>[\/vc_column_text][\/vc_column_inner][vc_column_inner width=\u00a0\u00bb1\/4&Prime; css=\u00a0\u00bb.vc_custom_1710494864122{padding-bottom: 20px !important;}\u00a0\u00bb el_id=\u00a0\u00bbmore-info\u00a0\u00bb][vc_column_text]<button class=\"push-pgn\"><a href=\"https:\/\/www.facebook.com\/groups\/pingngupaa\"><img loading=\"lazy\" decoding=\"async\" class=\"wp-image-20536 size-full alignnone\" src=\"https:\/\/isuarsivik.ca\/wp-content\/uploads\/2023\/11\/ISUAR_Illustrations_facebook.png\" alt=\"\" width=\"139\" height=\"140\" srcset=\"https:\/\/isuarsivik.ca\/wp-content\/uploads\/2023\/11\/ISUAR_Illustrations_facebook.png 139w, https:\/\/isuarsivik.ca\/wp-content\/uploads\/2023\/11\/ISUAR_Illustrations_facebook-129x129.png 129w, https:\/\/isuarsivik.ca\/wp-content\/uploads\/2023\/11\/ISUAR_Illustrations_facebook-23x23.png 23w\" sizes=\"auto, (max-width: 139px) 100vw, 139px\" \/><br \/>\nRejoindre le groupe priv\u00e9 sur Facebook<br \/>\n<i class=\"fa fa-arrow-right fa-1x circle-icon\"><\/i><\/a><\/button>[\/vc_column_text][\/vc_column_inner][vc_column_inner width=\u00a0\u00bb1\/4&Prime;][vc_column_text]<button class=\"push-pgn\"><a href=\"#tools\"><img loading=\"lazy\" decoding=\"async\" class=\"wp-image-20533 size-full alignnone\" src=\"https:\/\/isuarsivik.ca\/wp-content\/uploads\/2023\/11\/ISUAR_Illustrations_tools.png\" alt=\"\" width=\"139\" height=\"140\" srcset=\"https:\/\/isuarsivik.ca\/wp-content\/uploads\/2023\/11\/ISUAR_Illustrations_tools.png 139w, https:\/\/isuarsivik.ca\/wp-content\/uploads\/2023\/11\/ISUAR_Illustrations_tools-129x129.png 129w, https:\/\/isuarsivik.ca\/wp-content\/uploads\/2023\/11\/ISUAR_Illustrations_tools-23x23.png 23w\" sizes=\"auto, (max-width: 139px) 100vw, 139px\" \/><br \/>\nPlus d&rsquo;information et d&rsquo;outils<br \/>\n<i class=\"fa fa-arrow-right fa-1x circle-icon\"><\/i><\/a><\/button>[\/vc_column_text][\/vc_column_inner][\/vc_row_inner][\/vc_column][\/vc_row][vc_row el_class=\u00a0\u00bbpgn-gradient\u00a0\u00bb css=\u00a0\u00bb.vc_custom_1732031858766{padding-top: 5% !important;padding-bottom: 8% !important;}\u00a0\u00bb][vc_column css=\u00a0\u00bb.vc_custom_1732031575522{background-image: url(https:\/\/isuarsivik.ca\/wp-content\/uploads\/2023\/11\/ISUAR_points.png?id=20548) !important;background-position: 0 0 !important;background-repeat: no-repeat !important;}\u00a0\u00bb][vc_row_inner el_id=\u00a0\u00bbtools\u00a0\u00bb][vc_column_inner width=\u00a0\u00bb5\/12&Prime; css=\u00a0\u00bb.vc_custom_1732031903171{background-image: url(https:\/\/isuarsivik.ca\/wp-content\/uploads\/2023\/11\/ISUAR_points.png?id=20548) !important;background-position: 0 0 !important;background-repeat: no-repeat !important;}\u00a0\u00bb][vc_column_text]<\/p>\n<h3 style=\"padding-bottom: 30px; color: white;\">Des outils int\u00e9ressants pour vous aider dans votre d\u00e9fi!<\/h3>\n<p><img loading=\"lazy\" decoding=\"async\" class=\"size-full wp-image-17405 alignleft\" src=\"https:\/\/isuarsivik.ca\/wp-content\/uploads\/2023\/05\/Fleche-large-right.png\" alt=\"\" width=\"56\" height=\"25\" \/>[\/vc_column_text][\/vc_column_inner][vc_column_inner width=\u00a0\u00bb2\/12&Prime;][\/vc_column_inner][vc_column_inner width=\u00a0\u00bb5\/12&Prime;][vc_raw_html css=\u00a0\u00bb\u00a0\u00bb]JTNDYSUyMGNsYXNzJTNEJTIyZ3JvdXAtZmxleCUyMiUyMGhyZWYlM0QlMjJodHRwcyUzQSUyRiUyRmlzdWFyc2l2aWsuY2ElMkZ3cC1jb250ZW50JTJGdXBsb2FkcyUyRjIwMjUlMkYwMiUyRlBpbmduZ3VwYWEtVG91ci0yMDI1LVVQREFURUQucGRmJTIyJTIwdGFyZ2V0JTNEJTIyX2JsYW5rJTIyJTNFJTBBJTBBJTNDc3BhbiUzRVQlQzMlQTlsJUMzJUE5Y2hhcmdlciUyMGxlJTIwY2FsZW5kcmllciUyMGRlJTIwbGElMjB0b3VybiVDMyVBOWUlMjByJUMzJUE5Z2lvbmFsZSUyMGRlJTIwUGluZ25ndXBhYSUyMDIwMjUlM0MlMkZzcGFuJTNFJTBBJTBBJTNDc3BhbiUzRSUzQ2ltZyUyMGNsYXNzJTNEJTIyYWxpZ25sZWZ0JTIwc2l6ZS1mdWxsJTIwd3AtaW1hZ2UtMjA1MzMlMjIlMjBzcmMlM0QlMjJodHRwcyUzQSUyRiUyRmlzdWFyc2l2aWsuY2ElMkZ3cC1jb250ZW50JTJGdXBsb2FkcyUyRjIwMjMlMkYxMSUyRklTVUFSX0lsbHVzdHJhdGlvbnNfdG9vbHMucG5nJTIyJTIwYWx0JTNEJTIyJTIyJTIwd2lkdGglM0QlMjIxMzklMjIlMjBoZWlnaHQlM0QlMjIxNDAlMjIlM0UlMEElM0MlMkZzcGFuJTNFJTBBJTNDJTJGYSUzRQ==[\/vc_raw_html][vc_raw_html]PGEgY2xhc3M9Imdyb3VwLWZsZXgiIHRhcmdldD0iX2JsYW5rIj4KCjxzcGFuPlTDqWzDqWNoYXJnZXIgbGUgY2FsZW5kcmllciBtb3RpdmF0aW9ubmVsIDIwMjU8L3NwYW4+Cgo8c3Bhbj48aW1nIGNsYXNzPSJhbGlnbmxlZnQgc2l6ZS1mdWxsIHdwLWltYWdlLTIwNTMzIiBzcmM9Imh0dHBzOi8vaXN1YXJzaXZpay5jYS93cC1jb250ZW50L3VwbG9hZHMvMjAyMy8xMS9JU1VBUl9JbGx1c3RyYXRpb25zX3Rvb2xzLnBuZyIgYWx0PSIiIHdpZHRoPSIxMzkiIGhlaWdodD0iMTQwIj4KPC9zcGFuPgo8L2E+[\/vc_raw_html][vc_raw_html css=\u00a0\u00bb\u00a0\u00bb]JTNDYSUyMGNsYXNzJTNEJTIyZ3JvdXAtZmxleCUyMiUyMGhyZWYlM0QlMjJodHRwcyUzQSUyRiUyRmlzdWFyc2l2aWsuY2ElMkZ3cC1jb250ZW50JTJGdXBsb2FkcyUyRjIwMjQlMkYxMiUyRlBpbmduZ3VwYWEtQ2hhbGxlbmdlLTIwMjVfQm9va2xldF9GUi5wZGYlMjIlMjB0YXJnZXQlM0QlMjJfYmxhbmslMjIlM0UlMEElMEElM0NzcGFuJTNFVCVDMyVBOWwlQzMlQTljaGFyZ2VyJTIwbGUlMjByJUMzJUE5Z2xlbWVudCUyMGRlJTIwcGFydGljaXBhdGlvbiUyMDIwMjUlM0MlMkZzcGFuJTNFJTBBJTBBJTNDc3BhbiUzRSUzQ2ltZyUyMGNsYXNzJTNEJTIyYWxpZ25sZWZ0JTIwc2l6ZS1mdWxsJTIyJTIwc3JjJTNEJTIyaHR0cHMlM0ElMkYlMkZpc3VhcnNpdmlrLmNhJTJGd3AtY29udGVudCUyRnVwbG9hZHMlMkYyMDIzJTJGMTElMkZJU1VBUl9JbGx1c3RyYXRpb25zX3J1bGVzLTEucG5nJTIyJTNFJTBBJTNDJTJGc3BhbiUzRSUwQSUzQyUyRmElM0U=[\/vc_raw_html][vc_raw_html css=\u00a0\u00bb\u00a0\u00bb]JTNDYSUyMGNsYXNzJTNEJTIyZ3JvdXAtZmxleCUyMiUyMGhyZWYlM0QlMjJodHRwcyUzQSUyRiUyRmlzdWFyc2l2aWsuY2ElMkZ3cC1jb250ZW50JTJGdXBsb2FkcyUyRjIwMjUlMkYwMiUyRjE0ODQ2X0lTVUFSLVBpbmduZ3VwYWEtQ2hhbGxlbmdlLTIwMjUtUG9zdGVyLTE4eDI0X0ZSLVdFQi5wZGYlMjIlMjB0YXJnZXQlM0QlMjJfYmxhbmslMjIlM0UlMEElMjAlMjAlMjAlMjAlM0NzcGFuJTNFVCVDMyVBOWwlQzMlQTljaGFyZ2VyJTIwbGUlMjBwb3N0ZXIlMjBwcm9tb3Rpb25uZWwlMjAyMDI1JTNDJTJGc3BhbiUzRSUwQSUyMCUyMCUyMCUyMCUzQ3NwYW4lM0UlMEElMjAlMjAlMjAlMjAlMjAlMjAlMjAlMjAlM0NpbWclMjBjbGFzcyUzRCUyMmFsaWdubGVmdCUyMHNpemUtZnVsbCUyMiUyMHNyYyUzRCUyMmh0dHBzJTNBJTJGJTJGaXN1YXJzaXZpay5jYSUyRndwLWNvbnRlbnQlMkZ1cGxvYWRzJTJGMjAyMyUyRjExJTJGSVNVQVJfSWxsdXN0cmF0aW9uc19DZXJ0aWZpY2F0LnBuZyUyMiUyMGFsdCUzRCUyMlByb21vdGlvbmFsJTIwUG9zdGVyJTIwSW1hZ2UlMjIlM0UlMEElMjAlMjAlMjAlMjAlM0MlMkZzcGFuJTNFJTBBJTNDJTJGYSUzRSUwQQ==[\/vc_raw_html][\/vc_column_inner][\/vc_row_inner][\/vc_column][\/vc_row][vc_row el_class=\u00a0\u00bbwallpapers\u00a0\u00bb el_id=\u00a0\u00bbwallpapers\u00a0\u00bb][vc_column css=\u00a0\u00bb.vc_custom_1700660986928{margin-bottom: 5% !important;padding-top: 2% !important;padding-right: 4% !important;padding-bottom: 2% !important;padding-left: 4% !important;background-color: #f8f8f5 !important;border-radius: 25px !important;}\u00a0\u00bb][vc_column_text css=\u00a0\u00bb.vc_custom_1700650773326{padding-bottom: 30px !important;}\u00a0\u00bb]<\/p>\n<h4 style=\"text-align: center;\">Papier peints ordinateur et mobile<\/h4>\n<p>[\/vc_column_text][vc_row_inner css=\u00a0\u00bb.vc_custom_1700651104784{margin-bottom: 50px !important;}\u00a0\u00bb][vc_column_inner width=\u00a0\u00bb1\/4&Prime;][vc_column_text]<\/p>\n<p style=\"text-align: center;\"><a href=\"https:\/\/isuarsivik.ca\/wp-content\/uploads\/2022\/11\/13481_ISUA-Pingngupaa-Challenge-2023_Desktop_01.jpg\" target=\"_blank\" rel=\"noopener\"><img loading=\"lazy\" decoding=\"async\" class=\"aligncenter wp-image-15493 size-full\" src=\"https:\/\/isuarsivik.ca\/wp-content\/uploads\/2022\/11\/13481_ISUA-Pingngupaa-Challenge-2023_Desktop_01.jpg\" alt=\"\" width=\"1200\" height=\"800\" srcset=\"https:\/\/isuarsivik.ca\/wp-content\/uploads\/2022\/11\/13481_ISUA-Pingngupaa-Challenge-2023_Desktop_01.jpg 1200w, https:\/\/isuarsivik.ca\/wp-content\/uploads\/2022\/11\/13481_ISUA-Pingngupaa-Challenge-2023_Desktop_01-300x200.jpg 300w, https:\/\/isuarsivik.ca\/wp-content\/uploads\/2022\/11\/13481_ISUA-Pingngupaa-Challenge-2023_Desktop_01-1024x683.jpg 1024w, https:\/\/isuarsivik.ca\/wp-content\/uploads\/2022\/11\/13481_ISUA-Pingngupaa-Challenge-2023_Desktop_01-768x512.jpg 768w, https:\/\/isuarsivik.ca\/wp-content\/uploads\/2022\/11\/13481_ISUA-Pingngupaa-Challenge-2023_Desktop_01-1170x780.jpg 1170w\" sizes=\"auto, (max-width: 1200px) 100vw, 1200px\" \/><\/a><\/p>\n<p style=\"text-align: center;\">Fond d\u2019\u00e9cran 1<\/p>\n<p>[\/vc_column_text][\/vc_column_inner][vc_column_inner width=\u00a0\u00bb1\/4&Prime;][vc_column_text]<\/p>\n<p style=\"text-align: center;\"><a href=\"https:\/\/isuarsivik.ca\/wp-content\/uploads\/2022\/11\/13481_ISUA-Pingngupaa-Challenge-2023_Desktop_02.jpg\" target=\"_blank\" rel=\"noopener\"><img loading=\"lazy\" decoding=\"async\" class=\"aligncenter size-full wp-image-15493\" src=\"https:\/\/isuarsivik.ca\/wp-content\/uploads\/2022\/11\/13481_ISUA-Pingngupaa-Challenge-2023_Desktop_02.jpg\" alt=\"\" width=\"1200\" height=\"800\" \/><\/a><\/p>\n<p style=\"text-align: center;\">Fond d\u2019\u00e9cran 2<\/p>\n<p>[\/vc_column_text][\/vc_column_inner][vc_column_inner width=\u00a0\u00bb1\/4&Prime;][vc_column_text]<\/p>\n<p style=\"text-align: center;\"><a href=\"https:\/\/isuarsivik.ca\/wp-content\/uploads\/2022\/11\/13481_ISUA-Pingngupaa-Challenge-2023_Desktop_03.jpg\" target=\"_blank\" rel=\"noopener\"><img loading=\"lazy\" decoding=\"async\" class=\"aligncenter size-full wp-image-15493\" src=\"https:\/\/isuarsivik.ca\/wp-content\/uploads\/2022\/11\/13481_ISUA-Pingngupaa-Challenge-2023_Desktop_03.jpg\" alt=\"\" width=\"1200\" height=\"800\" \/><\/a><\/p>\n<p style=\"text-align: center;\">Fond d\u2019\u00e9cran 3<\/p>\n<p>[\/vc_column_text][\/vc_column_inner][vc_column_inner width=\u00a0\u00bb1\/4&Prime;][vc_column_text]<\/p>\n<p style=\"text-align: center;\"><a href=\"https:\/\/isuarsivik.ca\/wp-content\/uploads\/2022\/11\/13481_ISUA-Pingngupaa-Challenge-2023_Desktop_04.jpg\" target=\"_blank\" rel=\"noopener\"><img loading=\"lazy\" decoding=\"async\" class=\"aligncenter size-full wp-image-15493\" src=\"https:\/\/isuarsivik.ca\/wp-content\/uploads\/2022\/11\/13481_ISUA-Pingngupaa-Challenge-2023_Desktop_04.jpg\" alt=\"\" width=\"1200\" height=\"800\" \/><\/a><\/p>\n<p style=\"text-align: center;\">Fond d\u2019\u00e9cran 4<\/p>\n<p>[\/vc_column_text][\/vc_column_inner][\/vc_row_inner][vc_row_inner][vc_column_inner width=\u00a0\u00bb1\/4&Prime;][vc_column_text]<\/p>\n<p style=\"text-align: center;\"><a href=\"https:\/\/isuarsivik.ca\/wp-content\/uploads\/2022\/11\/13481_ISUA-Pingngupaa-Challenge-2023_Mobile_01.jpg\" target=\"_blank\" rel=\"noopener\"><img loading=\"lazy\" decoding=\"async\" class=\"aligncenter size-full wp-image-15493\" src=\"https:\/\/isuarsivik.ca\/wp-content\/uploads\/2022\/11\/13481_ISUA-Pingngupaa-Challenge-2023_Mobile_01.jpg\" alt=\"\" width=\"1200\" height=\"800\" \/><\/a><\/p>\n<p style=\"text-align: center;\">Fond d\u2019\u00e9cran cellulaire 1<\/p>\n<p>[\/vc_column_text][\/vc_column_inner][vc_column_inner width=\u00a0\u00bb1\/4&Prime;][vc_column_text]<\/p>\n<p style=\"text-align: center;\"><a href=\"https:\/\/isuarsivik.ca\/wp-content\/uploads\/2022\/11\/13481_ISUA-Pingngupaa-Challenge-2023_Mobile_02.jpg\" target=\"_blank\" rel=\"noopener\"><img loading=\"lazy\" decoding=\"async\" class=\"aligncenter size-full wp-image-15493\" src=\"https:\/\/isuarsivik.ca\/wp-content\/uploads\/2022\/11\/13481_ISUA-Pingngupaa-Challenge-2023_Mobile_02.jpg\" alt=\"\" width=\"1200\" height=\"800\" \/><\/a><\/p>\n<p style=\"text-align: center;\">Fond d\u2019\u00e9cran cellulaire 2<\/p>\n<p>[\/vc_column_text][\/vc_column_inner][vc_column_inner width=\u00a0\u00bb1\/4&Prime;][vc_column_text]<\/p>\n<p style=\"text-align: center;\"><a href=\"https:\/\/isuarsivik.ca\/wp-content\/uploads\/2022\/11\/13481_ISUA-Pingngupaa-Challenge-2023_Mobile_03.jpg\" target=\"_blank\" rel=\"noopener\"><img loading=\"lazy\" decoding=\"async\" class=\"aligncenter size-full wp-image-15493\" src=\"https:\/\/isuarsivik.ca\/wp-content\/uploads\/2022\/11\/13481_ISUA-Pingngupaa-Challenge-2023_Mobile_03.jpg\" alt=\"\" width=\"1200\" height=\"800\" \/><\/a><\/p>\n<p style=\"text-align: center;\">Fond d\u2019\u00e9cran cellulaire 3<\/p>\n<p>[\/vc_column_text][\/vc_column_inner][vc_column_inner width=\u00a0\u00bb1\/4&Prime;][vc_column_text]<\/p>\n<p style=\"text-align: center;\"><a href=\"https:\/\/isuarsivik.ca\/wp-content\/uploads\/2022\/11\/13481_ISUA-Pingngupaa-Challenge-2023_Mobile_04.jpg\" target=\"_blank\" rel=\"noopener\"><img loading=\"lazy\" decoding=\"async\" class=\"aligncenter size-full wp-image-15493\" src=\"https:\/\/isuarsivik.ca\/wp-content\/uploads\/2022\/11\/13481_ISUA-Pingngupaa-Challenge-2023_Mobile_04.jpg\" alt=\"\" width=\"1200\" height=\"800\" \/><\/a><\/p>\n<p style=\"text-align: center;\">Fond d\u2019\u00e9cran cellulaire 4<\/p>\n<p>[\/vc_column_text][\/vc_column_inner][\/vc_row_inner][\/vc_column][\/vc_row][vc_row el_id=\u00a0\u00bbresults\u00a0\u00bb el_class=\u00a0\u00bbresults\u00a0\u00bb][vc_column css=\u00a0\u00bb.vc_custom_1710613781501{margin-top: 5% !important;margin-bottom: 5% !important;padding-top: 2% !important;padding-right: 4% !important;padding-left: 4% !important;background-color: #f8f8f5 !important;border-radius: 25px !important;}\u00a0\u00bb][vc_row_inner][vc_column_inner width=\u00a0\u00bb1\/5&Prime;][vc_column_text]<\/p>\n<h4>R\u00e9sultats des ann\u00e9es pr\u00e9cedentes<\/h4>\n<p>[\/vc_column_text][\/vc_column_inner][vc_column_inner width=\u00a0\u00bb2\/5&Prime;][vc_btn title=\u00a0\u00bbR\u00e9sultats du D\u00e9fi Pingngupaa 2019&Prime; style=\u00a0\u00bbcustom\u00a0\u00bb custom_background=\u00a0\u00bb#cc9a2e\u00a0\u00bb custom_text=\u00a0\u00bb#ffffff\u00a0\u00bb shape=\u00a0\u00bbround\u00a0\u00bb link=\u00a0\u00bburl:https%3A%2F%2Fnunatsiaq.com%2Fstories%2Farticle%2Fnunavik-recovery-centre-hosts-month-long-sobriety-challenge%2F|\u00a0\u00bb el_class=\u00a0\u00bbbutton-2023&Prime;][vc_btn title=\u00a0\u00bbR\u00e9sultats du D\u00e9fi Pingngupaa 2021&Prime; style=\u00a0\u00bbcustom\u00a0\u00bb custom_background=\u00a0\u00bb#cc9a2e\u00a0\u00bb custom_text=\u00a0\u00bb#ffffff\u00a0\u00bb shape=\u00a0\u00bbround\u00a0\u00bb link=\u00a0\u00bburl:https%3A%2F%2Fisuarsivik.ca%2Ffr%2Fune-participation-record-pour-le-defi-pingngupaa%2F|\u00a0\u00bb el_class=\u00a0\u00bbbutton-2023&Prime;][vc_btn title=\u00a0\u00bbR\u00e9sultats du D\u00e9fi Pingngupaa 2023&Prime; style=\u00a0\u00bbcustom\u00a0\u00bb custom_background=\u00a0\u00bb#cc9a2e\u00a0\u00bb custom_text=\u00a0\u00bb#ffffff\u00a0\u00bb shape=\u00a0\u00bbround\u00a0\u00bb link=\u00a0\u00bburl:https%3A%2F%2Fisuarsivik.ca%2Fwp-content%2Fuploads%2F2023%2F11%2F2023-Pingngupaa-Highlights-Testimonial.pdf|target:_blank|\u00a0\u00bb el_class=\u00a0\u00bbbutton-2023&Prime;][\/vc_column_inner][vc_column_inner width=\u00a0\u00bb2\/5&Prime;][vc_btn title=\u00a0\u00bbR\u00e9sultats du D\u00e9fi Pingngupaa 2020&Prime; style=\u00a0\u00bbcustom\u00a0\u00bb custom_background=\u00a0\u00bb#cc9a2e\u00a0\u00bb custom_text=\u00a0\u00bb#ffffff\u00a0\u00bb shape=\u00a0\u00bbround\u00a0\u00bb link=\u00a0\u00bburl:https%3A%2F%2Fisuarsivik.ca%2Ffr%2Fle-defi-de-sobriete-disuarsivik-connait-un-grand-retentissement-et-recolte-plus-de-35%25e2%2580%2589000-pour-equiper-le-nouveau-centre%2F|\u00a0\u00bb el_class=\u00a0\u00bbbutton-2023&Prime;][vc_btn title=\u00a0\u00bbResultats du D\u00e9fi Pingngupaa 2022&Prime; style=\u00a0\u00bbcustom\u00a0\u00bb custom_background=\u00a0\u00bb#cc9a2e\u00a0\u00bb custom_text=\u00a0\u00bb#ffffff\u00a0\u00bb shape=\u00a0\u00bbround\u00a0\u00bb link=\u00a0\u00bburl:https%3A%2F%2Fisuarsivik.ca%2Ffr%2Fle-defi-de-sobriete-du-nunavik-continue-de-susciter-de-lenthousiasme-et-de-sensibiliser-a-la-cause-disuarsivik%2F|\u00a0\u00bb el_class=\u00a0\u00bbbutton-2023&Prime;][vc_btn title=\u00a0\u00bbResultats du D\u00e9fi Pingngupaa 2024&Prime; style=\u00a0\u00bbcustom\u00a0\u00bb custom_background=\u00a0\u00bb#cc9a2e\u00a0\u00bb custom_text=\u00a0\u00bb#ffffff\u00a0\u00bb shape=\u00a0\u00bbround\u00a0\u00bb link=\u00a0\u00bburl:https%3A%2F%2Fisuarsivik.ca%2Fwp-content%2Fuploads%2F2024%2F11%2F14630_ISUAR-Results-2024_Pingngupaa-EN_WEB.pdf|\u00a0\u00bb el_class=\u00a0\u00bbbutton-2023&Prime;][\/vc_column_inner][\/vc_row_inner][\/vc_column][\/vc_row][vc_row css=\u00a0\u00bb.vc_custom_1731684784113{margin-bottom: 100px !important;}\u00a0\u00bb el_id=\u00a0\u00bbsponsors\u00a0\u00bb el_class=\u00a0\u00bbsponsors\u00a0\u00bb][vc_column][vc_column_text css=\u00a0\u00bb.vc_custom_1732025532471{padding-bottom: 40px !important;}\u00a0\u00bb]<\/p>\n<h4 style=\"text-align: center;\">Commanditaires annuels<\/h4>\n<p style=\"text-align: center;\">Merci de soutenir le D\u00e9fi Pingngupaa 2025<\/p>\n<p>[\/vc_column_text][vc_column_text]<\/p>\n<h5 style=\"text-align: center;\">Don de charit\u00e9<\/h5>\n<p>[\/vc_column_text][vc_row_inner][vc_column_inner][\/vc_column_inner][\/vc_row_inner][vc_column_text css=\u00a0\u00bb.vc_custom_1705595598665{margin-top: 100px !important;}\u00a0\u00bb]<\/p>\n<h5 style=\"text-align: center;\">Don en biens<\/h5>\n<p>[\/vc_column_text][vc_row_inner][vc_column_inner][\/vc_column_inner][\/vc_row_inner][\/vc_column][\/vc_row]<\/p>\n<\/div>","protected":false},"excerpt":{"rendered":"<p>[vc_row gap=\u00a0\u00bb35&Prime; css=\u00a0\u00bb.vc_custom_1700601699512{padding-bottom: 4% !important;background-color: #f8f8f5 !important;}\u00a0\u00bb][vc_column css=\u00a0\u00bb.vc_custom_1700601377650{background-position: 0 0 !important;background-repeat: no-repeat !important;}\u00a0\u00bb font_color=\u00a0\u00bb#ffffff\u00a0\u00bb][vc_row_inner el_class=\u00a0\u00bbping24-hero\u00a0\u00bb css=\u00a0\u00bb.vc_custom_1731925760898{padding-top: 4% !important;padding-right: 5% !important;padding-bottom: 4% !important;padding-left: 5% !important;background-image: url(https:\/\/isuarsivik.ca\/wp-content\/uploads\/2024\/11\/14846_ISUAR-Pingngupaa-Challenge-2025_Banniere-Web-2668-X-990-V1-scaled.jpg?id=23159) !important;background-position: center !important;background-repeat: no-repeat !important;background-size: cover !important;border-radius: 25px !important;}\u00a0\u00bb][vc_column_inner width=\u00a0\u00bb1\/2&Prime; css=\u00a0\u00bb.vc_custom_1731926118561{background-image: url(https:\/\/isuarsivik.ca\/wp-content\/uploads\/2022\/01\/shape-dark-green.png?id=12674) !important;background-position: 0 0 &hellip; <a href=\"https:\/\/isuarsivik.ca\/fr\/services\/le-defi-pingngupaa\/\">Continue reading <span class=\"meta-nav\">&rarr;<\/span><\/a><\/p>\n","protected":false},"author":9,"featured_media":0,"parent":17023,"menu_order":0,"comment_status":"closed","ping_status":"closed","template":"page-templates\/fullwidth-template.php","meta":{"footnotes":""},"wf_page_folders":[257,267],"class_list":["post-20478","page","type-page","status-publish","hentry"],"_links":{"self":[{"href":"https:\/\/isuarsivik.ca\/fr\/wp-json\/wp\/v2\/pages\/20478","targetHints":{"allow":["GET"]}}],"collection":[{"href":"https:\/\/isuarsivik.ca\/fr\/wp-json\/wp\/v2\/pages"}],"about":[{"href":"https:\/\/isuarsivik.ca\/fr\/wp-json\/wp\/v2\/types\/page"}],"author":[{"embeddable":true,"href":"https:\/\/isuarsivik.ca\/fr\/wp-json\/wp\/v2\/users\/9"}],"replies":[{"embeddable":true,"href":"https:\/\/isuarsivik.ca\/fr\/wp-json\/wp\/v2\/comments?post=20478"}],"version-history":[{"count":31,"href":"https:\/\/isuarsivik.ca\/fr\/wp-json\/wp\/v2\/pages\/20478\/revisions"}],"predecessor-version":[{"id":23646,"href":"https:\/\/isuarsivik.ca\/fr\/wp-json\/wp\/v2\/pages\/20478\/revisions\/23646"}],"up":[{"embeddable":true,"href":"https:\/\/isuarsivik.ca\/fr\/wp-json\/wp\/v2\/pages\/17023"}],"wp:attachment":[{"href":"https:\/\/isuarsivik.ca\/fr\/wp-json\/wp\/v2\/media?parent=20478"}],"wp:term":[{"taxonomy":"wf_page_folders","embeddable":true,"href":"https:\/\/isuarsivik.ca\/fr\/wp-json\/wp\/v2\/wf_page_folders?post=20478"}],"curies":[{"name":"wp","href":"https:\/\/api.w.org\/{rel}","templated":true}]}}