{"id":20411,"date":"2023-11-03T09:19:20","date_gmt":"2023-11-03T13:19:20","guid":{"rendered":"https:\/\/isuarsivik.ca\/tasiulaurluk-lhymne-disuarsivik\/"},"modified":"2025-04-07T04:45:03","modified_gmt":"2025-04-07T08:45:03","slug":"tasiulaurluk-lhymne-disuarsivik","status":"publish","type":"page","link":"https:\/\/isuarsivik.ca\/fr\/tasiulaurluk-lhymne-disuarsivik\/","title":{"rendered":"Tasiulaurluk, l&rsquo;hymne d&rsquo;Isuarsivik"},"content":{"rendered":"<div class=\"wpb-content-wrapper\"><p>[vc_row css=\u00a0\u00bb.vc_custom_1698078262698{margin-top: -10% !important;padding-bottom: 5% !important;background-color: #f8f8f5 !important;}\u00a0\u00bb][vc_column width=\u00a0\u00bb1\/2&Prime;][vc_column_text]Cette chanson a \u00e9t\u00e9 cr\u00e9\u00e9e pour le Centre r\u00e9gional de r\u00e9cup\u00e9ration Isuarsivik.<br \/>\nTous les profits de cette chanson seront vers\u00e9s \u00e0 la Fondation Isuarsivik pour le mieux-\u00eatre de tous les Nunavimmiut.<\/p>\n<p>&nbsp;<\/p>\n<p style=\"font-size: 14px;\">Musique et paroles par Beatrice Deer<br \/>\nAvec Juurini, Kathy Snowball et Sylvia Cloutier.<\/p>\n<p>[\/vc_column_text][\/vc_column][vc_column width=\u00a0\u00bb1\/2&Prime;][\/vc_column][\/vc_row][vc_row css=\u00a0\u00bb.vc_custom_1698078444944{margin-top: 5% !important;margin-bottom: 10% !important;}\u00a0\u00bb][vc_column width=\u00a0\u00bb1\/2&Prime;][vc_column_text]<\/p>\n<h3>Les paroles<\/h3>\n<p>J&rsquo;\u00e9tais fatigu\u00e9, j&rsquo;ai lutt\u00e9<br \/>\nJ&rsquo;ai souffert, j&rsquo;\u00e9tais perdu<br \/>\nJe prends en main ma vie, c&rsquo;est fini, je me l\u00e8ve<br \/>\nC&rsquo;est fini, je me l\u00e8ve<\/p>\n<p>&nbsp;<\/p>\n<p>Mon c\u0153ur est pr\u00eat<br \/>\nJe suis conscient et j&rsquo;accepte<br \/>\nQue cela ne sera pas facile sur ce chemin que je m&rsquo;appr\u00eate \u00e0 emprunter<br \/>\nCe chemin que je m&rsquo;appr\u00eate \u00e0 emprunter<\/p>\n<p>&nbsp;<\/p>\n<p>Laisse-moi me souvenir m\u00eame si je fais des erreurs<br \/>\nJe suis pr\u00e9cieux<br \/>\nLaisse-moi me souvenir que j&rsquo;ai une raison<br \/>\nJe suis un tr\u00e9sor<br \/>\nJ&rsquo;ai un but sur terre<\/p>\n<p>&nbsp;<\/p>\n<p>Prends ma main vers la gu\u00e9rison<br \/>\nPrends ma main vers la paix<br \/>\nPrends ma main vers des eaux calmes<br \/>\nPrends ma main vers Isuarsivik<br \/>\nPrends ma main vers Isuarsivik<br \/>\nPrends ma main vers Isuarsivik[\/vc_column_text][\/vc_column][vc_column width=\u00a0\u00bb1\/2&Prime;][vc_video link=\u00a0\u00bbhttps:\/\/www.youtube.com\/watch?v=R5ZWToPS2Tg\u00a0\u00bb][vc_btn title=\u00a0\u00bb\u00c9couter ou acheter sur d&apos;autres plateformes\u00a0\u00bb style=\u00a0\u00bbcustom\u00a0\u00bb custom_background=\u00a0\u00bb#cc9a2e\u00a0\u00bb custom_text=\u00a0\u00bb#ffffff\u00a0\u00bb shape=\u00a0\u00bbround\u00a0\u00bb align=\u00a0\u00bbcenter\u00a0\u00bb link=\u00a0\u00bburl:https%3A%2F%2Fbit.ly%2F3PKmODT|target:_blank|\u00a0\u00bb el_class=\u00a0\u00bbbutton-2023&Prime;][\/vc_column][\/vc_row]<\/p>\n<\/div>","protected":false},"excerpt":{"rendered":"<p>[vc_row css=\u00a0\u00bb.vc_custom_1698078262698{margin-top: -10% !important;padding-bottom: 5% !important;background-color: #f8f8f5 !important;}\u00a0\u00bb][vc_column width=\u00a0\u00bb1\/2&Prime;][vc_column_text]Cette chanson a \u00e9t\u00e9 cr\u00e9\u00e9e pour le Centre r\u00e9gional de r\u00e9cup\u00e9ration Isuarsivik. Tous les profits de cette chanson seront vers\u00e9s \u00e0 la Fondation Isuarsivik pour le mieux-\u00eatre de tous les Nunavimmiut. &nbsp; &hellip; <a href=\"https:\/\/isuarsivik.ca\/fr\/tasiulaurluk-lhymne-disuarsivik\/\">Continue reading <span class=\"meta-nav\">&rarr;<\/span><\/a><\/p>\n","protected":false},"author":9,"featured_media":0,"parent":0,"menu_order":0,"comment_status":"closed","ping_status":"closed","template":"page-templates\/fullwidth-template.php","meta":{"footnotes":""},"wf_page_folders":[],"class_list":["post-20411","page","type-page","status-publish","hentry"],"_links":{"self":[{"href":"https:\/\/isuarsivik.ca\/fr\/wp-json\/wp\/v2\/pages\/20411","targetHints":{"allow":["GET"]}}],"collection":[{"href":"https:\/\/isuarsivik.ca\/fr\/wp-json\/wp\/v2\/pages"}],"about":[{"href":"https:\/\/isuarsivik.ca\/fr\/wp-json\/wp\/v2\/types\/page"}],"author":[{"embeddable":true,"href":"https:\/\/isuarsivik.ca\/fr\/wp-json\/wp\/v2\/users\/9"}],"replies":[{"embeddable":true,"href":"https:\/\/isuarsivik.ca\/fr\/wp-json\/wp\/v2\/comments?post=20411"}],"version-history":[{"count":3,"href":"https:\/\/isuarsivik.ca\/fr\/wp-json\/wp\/v2\/pages\/20411\/revisions"}],"predecessor-version":[{"id":23884,"href":"https:\/\/isuarsivik.ca\/fr\/wp-json\/wp\/v2\/pages\/20411\/revisions\/23884"}],"wp:attachment":[{"href":"https:\/\/isuarsivik.ca\/fr\/wp-json\/wp\/v2\/media?parent=20411"}],"wp:term":[{"taxonomy":"wf_page_folders","embeddable":true,"href":"https:\/\/isuarsivik.ca\/fr\/wp-json\/wp\/v2\/wf_page_folders?post=20411"}],"curies":[{"name":"wp","href":"https:\/\/api.w.org\/{rel}","templated":true}]}}