{"id":17679,"date":"2023-06-08T03:44:39","date_gmt":"2023-06-08T07:44:39","guid":{"rendered":"https:\/\/isuarsivik.ca\/?page_id=17679"},"modified":"2024-02-27T08:30:06","modified_gmt":"2024-02-27T13:30:06","slug":"servicessoinscontinus","status":"publish","type":"page","link":"https:\/\/isuarsivik.ca\/fr\/services\/servicessoinscontinus\/","title":{"rendered":"Services de soins continus"},"content":{"rendered":"<div class=\"wpb-content-wrapper\"><p>[vc_row css=\u00a0\u00bb.vc_custom_1688996203348{margin-bottom: 5% !important;padding-top: 50px !important;background-color: #f8f8f5 !important;background-position: center !important;background-repeat: no-repeat !important;background-size: contain !important;}\u00a0\u00bb][vc_column parallax=\u00a0\u00bbcontent-moving\u00a0\u00bb font_color=\u00a0\u00bb#ffffff\u00a0\u00bb offset=\u00a0\u00bbvc_col-xs-12&Prime; css=\u00a0\u00bb.vc_custom_1684436567054{background-image: url(https:\/\/isuarsivik.ca\/wp-content\/uploads\/2023\/05\/Header-CCS-1.png?id=17689) !important;background-position: center !important;background-repeat: no-repeat !important;background-size: contain !important;}\u00a0\u00bb][vc_column_text css=\u00a0\u00bb.vc_custom_1684436275246{padding-bottom: 40px !important;}\u00a0\u00bb]<\/p>\n<p class=\"body-large\" style=\"color: #454040; padding-bottom: 20px;\">Services de soins continus<\/p>\n<p>[\/vc_column_text][vc_column_text css=\u00a0\u00bb.vc_custom_1688996242903{margin-top: 200px !important;margin-bottom: 50px !important;}\u00a0\u00bb]<\/p>\n<div id=\"scroll-down\"><img decoding=\"async\" class=\"alignleft\" src=\"https:\/\/isuarsivik.ca\/wp-content\/uploads\/2022\/01\/Icon-scroll.png\" alt=\"\"><br \/>\n<a href=\"#nunavik-resident\">Faire d\u00e9filer<\/a><\/div>\n<p>[\/vc_column_text][\/vc_column][\/vc_row][vc_row css=\u00a0\u00bb.vc_custom_1685466679546{margin-top: 2% !important;margin-bottom: 2% !important;}\u00a0\u00bb][vc_column css=\u00a0\u00bb.vc_custom_1685466028688{background-position: 0 0 !important;background-repeat: no-repeat !important;}\u00a0\u00bb][vc_row_inner][vc_column_inner width=\u00a0\u00bb1\/2&Prime;][vc_column_text css=\u00a0\u00bb.vc_custom_1685978098371{padding-right: 5% !important;padding-bottom: 40px !important;}\u00a0\u00bb]<\/p>\n<h3>Peu importe o\u00f9 vous en \u00eates, nous pouvons vous aider<\/h3>\n<p>[\/vc_column_text][\/vc_column_inner][vc_column_inner width=\u00a0\u00bb1\/2&Prime;][vc_column_text]Tous les b\u00e9n\u00e9ficiaires du Nunavik et leurs proches peuvent acc\u00e9der \u00e0 nos services de soins continus. Il suffit de nous contacter. Nous vous guiderons dans vos d\u00e9marches, que vous d\u00e9cidiez de vous engager ou non![\/vc_column_text][\/vc_column_inner][\/vc_row_inner][vc_row_inner equal_height=\u00a0\u00bbyes\u00a0\u00bb gap=\u00a0\u00bb20&Prime;][vc_column_inner width=\u00a0\u00bb1\/4&Prime; css=\u00a0\u00bb.vc_custom_1688996233084{padding-bottom: 20px !important;padding-left: 20px !important;background-color: #8bb9ad !important;border-radius: 20px !important;}\u00a0\u00bb el_id=\u00a0\u00bbnunavik-resident\u00a0\u00bb][vc_column_text]<img loading=\"lazy\" decoding=\"async\" class=\"size-medium wp-image-16290\" src=\"https:\/\/isuarsivik.ca\/wp-content\/uploads\/2023\/05\/Isuarsivik_Illustrations_PM_ISUAR_Illustrations_resident-300x300.png\" alt=\"\" width=\"140\" height=\"140\" srcset=\"https:\/\/isuarsivik.ca\/wp-content\/uploads\/2023\/05\/Isuarsivik_Illustrations_PM_ISUAR_Illustrations_resident-300x300.png 300w, https:\/\/isuarsivik.ca\/wp-content\/uploads\/2023\/05\/Isuarsivik_Illustrations_PM_ISUAR_Illustrations_resident-1024x1024.png 1024w, https:\/\/isuarsivik.ca\/wp-content\/uploads\/2023\/05\/Isuarsivik_Illustrations_PM_ISUAR_Illustrations_resident-150x150.png 150w, https:\/\/isuarsivik.ca\/wp-content\/uploads\/2023\/05\/Isuarsivik_Illustrations_PM_ISUAR_Illustrations_resident-768x768.png 768w, https:\/\/isuarsivik.ca\/wp-content\/uploads\/2023\/05\/Isuarsivik_Illustrations_PM_ISUAR_Illustrations_resident-129x129.png 129w, https:\/\/isuarsivik.ca\/wp-content\/uploads\/2023\/05\/Isuarsivik_Illustrations_PM_ISUAR_Illustrations_resident-1536x1536.png 1536w, https:\/\/isuarsivik.ca\/wp-content\/uploads\/2023\/05\/Isuarsivik_Illustrations_PM_ISUAR_Illustrations_resident-2048x2048.png 2048w, https:\/\/isuarsivik.ca\/wp-content\/uploads\/2023\/05\/Isuarsivik_Illustrations_PM_ISUAR_Illustrations_resident-1170x1171.png 1170w, https:\/\/isuarsivik.ca\/wp-content\/uploads\/2023\/05\/Isuarsivik_Illustrations_PM_ISUAR_Illustrations_resident-23x23.png 23w\" sizes=\"auto, (max-width: 140px) 100vw, 140px\" \/><br \/>\n<span style=\"font-weight: 600; font-size: 20px; line-height: 115%; text-align: left; color: white;\">B\u00e9n\u00e9ficiaire r\u00e9sidant au Nunavik<\/span>[\/vc_column_text][\/vc_column_inner][vc_column_inner width=\u00a0\u00bb1\/4&Prime; css=\u00a0\u00bb.vc_custom_1687351946179{padding-bottom: 20px !important;padding-left: 20px !important;background-color: #8bb9ad !important;border-radius: 20px !important;}\u00a0\u00bb][vc_column_text]<img loading=\"lazy\" decoding=\"async\" class=\"wp-image-17393 size-full\" src=\"https:\/\/isuarsivik.ca\/wp-content\/uploads\/2023\/05\/ISUAR_Illustrations_homeless-1.png\" alt=\"\" width=\"139\" height=\"140\" srcset=\"https:\/\/isuarsivik.ca\/wp-content\/uploads\/2023\/05\/ISUAR_Illustrations_homeless-1.png 139w, https:\/\/isuarsivik.ca\/wp-content\/uploads\/2023\/05\/ISUAR_Illustrations_homeless-1-129x129.png 129w, https:\/\/isuarsivik.ca\/wp-content\/uploads\/2023\/05\/ISUAR_Illustrations_homeless-1-23x23.png 23w\" sizes=\"auto, (max-width: 139px) 100vw, 139px\" \/><br \/>\n<span style=\"font-weight: 600; font-size: 20px; line-height: 115%; text-align: left; color: white;\">Sans domicile fixe<\/span>[\/vc_column_text][\/vc_column_inner][vc_column_inner width=\u00a0\u00bb1\/4&Prime; css=\u00a0\u00bb.vc_custom_1687352014885{padding-bottom: 20px !important;padding-left: 20px !important;background-color: #8bb9ad !important;border-radius: 20px !important;}\u00a0\u00bb][vc_column_text]<img loading=\"lazy\" decoding=\"async\" class=\"wp-image-17396 size-full\" src=\"https:\/\/isuarsivik.ca\/wp-content\/uploads\/2023\/05\/SUAR_Illustrations_non-resident.png\" alt=\"\" width=\"139\" height=\"140\" srcset=\"https:\/\/isuarsivik.ca\/wp-content\/uploads\/2023\/05\/SUAR_Illustrations_non-resident.png 139w, https:\/\/isuarsivik.ca\/wp-content\/uploads\/2023\/05\/SUAR_Illustrations_non-resident-129x129.png 129w, https:\/\/isuarsivik.ca\/wp-content\/uploads\/2023\/05\/SUAR_Illustrations_non-resident-23x23.png 23w\" sizes=\"auto, (max-width: 139px) 100vw, 139px\" \/><br \/>\n<span style=\"font-weight: 600; font-size: 20px; line-height: 115%; text-align: left; color: white;\">B\u00e9n\u00e9ficiaire du Nunavik r\u00e9sidant hors r\u00e9gion<\/span>[\/vc_column_text][\/vc_column_inner][vc_column_inner width=\u00a0\u00bb1\/4&Prime; css=\u00a0\u00bb.vc_custom_1687351974231{padding-bottom: 20px !important;padding-left: 20px !important;background-color: #8bb9ad !important;border-radius: 20px !important;}\u00a0\u00bb][vc_column_text]<img loading=\"lazy\" decoding=\"async\" class=\"wp-image-17390 size-full\" src=\"https:\/\/isuarsivik.ca\/wp-content\/uploads\/2023\/05\/ISUAR_Illustrations_justice.png\" alt=\"\" width=\"139\" height=\"140\" srcset=\"https:\/\/isuarsivik.ca\/wp-content\/uploads\/2023\/05\/ISUAR_Illustrations_justice.png 139w, https:\/\/isuarsivik.ca\/wp-content\/uploads\/2023\/05\/ISUAR_Illustrations_justice-129x129.png 129w, https:\/\/isuarsivik.ca\/wp-content\/uploads\/2023\/05\/ISUAR_Illustrations_justice-23x23.png 23w\" sizes=\"auto, (max-width: 139px) 100vw, 139px\" \/><br \/>\n<span style=\"font-weight: 600; font-size: 20px; line-height: 115%; text-align: left; color: white;\">D\u00e9tenu(e)<\/span>[\/vc_column_text][\/vc_column_inner][\/vc_row_inner][\/vc_column][\/vc_row][vc_row css=\u00a0\u00bb.vc_custom_1684705378196{margin-top: 2% !important;margin-bottom: 2% !important;padding-top: 8% !important;padding-bottom: 8% !important;}\u00a0\u00bb][vc_column width=\u00a0\u00bb7\/12&Prime; css=\u00a0\u00bb.vc_custom_1685976744614{padding-right: 5% !important;background-position: 0 0 !important;background-repeat: no-repeat !important;}\u00a0\u00bb][vc_column_text css=\u00a0\u00bb.vc_custom_1685978790636{margin-bottom: 50px !important;}\u00a0\u00bb]<\/p>\n<h3 style=\"padding-bottom: 30px;\">Communiquons ensemble de la fa\u00e7on qui vous convient le mieux<\/h3>\n<p style=\"padding-bottom: 30px;\">Nous aidons des personnes de partout, avec des exp\u00e9riences de vie et des ant\u00e9c\u00e9dents vari\u00e9s. C\u2019est pourquoi nos services de soins continus sont si flexibles : ils peuvent \u00eatre adapt\u00e9s aux besoins uniques de chacun et chacune. Alors, retrouvez-nous\u2026<\/p>\n<p><img loading=\"lazy\" decoding=\"async\" class=\"size-full wp-image-17405 alignleft\" src=\"https:\/\/isuarsivik.ca\/wp-content\/uploads\/2023\/05\/Fleche-large-right.png\" alt=\"\" width=\"56\" height=\"25\">[\/vc_column_text][\/vc_column][vc_column width=\u00a0\u00bb5\/12&Prime;][vc_raw_html css=\u00a0\u00bb.vc_custom_1687352234194{margin-bottom: 10px !important;background-color: #e8e8dd !important;border-radius: 20px !important;}\u00a0\u00bb]ICAgICA8ZGl2IGNsYXNzPSJjb250YWluZXItaGVhbGluZyI+CiAgICAgICAgICAgPHAgc3R5bGU9ImZvbnQtZmFtaWx5OiAnTW9udHNlcnJhdCc7IGZvbnQtc2l6ZTogMjJweDsgZm9udC13ZWlnaHQ6IDYwMDsgY29sb3I6IzQ1NDA0MDsiPlBhciB0w6lsw6lwaG9uZTwvcD4KICAgICAgICAgICAgPGltZyBjbGFzcz0ic2l6ZS1tZWRpdW0gd3AtaW1hZ2UtMTYzNzEgYWxpZ25ub25lIiBzcmM9Imh0dHBzOi8vaXN1YXJzaXZpay5jYS93cC1jb250ZW50L3VwbG9hZHMvMjAyMy8wNS9JU1VBUl9JbGx1c3RyYXRpb25zX3Bob25lLTMwMHgzMDAucG5nIiBhbHQ9IiIgd2lkdGg9IjEwMCIgaGVpZ2h0PSIxMDAiPgoKICAgICAgPC9kaXY+[\/vc_raw_html][vc_raw_html css=\u00a0\u00bb.vc_custom_1687352241379{margin-bottom: 10px !important;background-color: #e8e8dd !important;border-radius: 20px !important;}\u00a0\u00bb]IDxkaXYgY2xhc3M9ImNvbnRhaW5lci1oZWFsaW5nIj4KPHAgc3R5bGU9ImZvbnQtZmFtaWx5OiAnTW9udHNlcnJhdCc7IGZvbnQtc2l6ZTogMjJweDsgZm9udC13ZWlnaHQ6IDYwMDtjb2xvcjojNDU0MDQwOyI+RW4gbGlnbmU8L3A+CjxpbWcgY2xhc3M9IndwLWltYWdlLTE2NTAwIHNpemUtbWVkaXVtIGFsaWdubm9uZSIgc3JjPSJodHRwczovL2lzdWFyc2l2aWsuY2Evd3AtY29udGVudC91cGxvYWRzLzIwMjMvMDUvSVNVQVJfSWxsdXN0cmF0aW9uc19UZWxldmlzaW9uLTMwMHgzMDAucG5nIiBhbHQ9IiIgd2lkdGg9IjEwMCIgaGVpZ2h0PSIxT08iPgoKPC9kaXY+[\/vc_raw_html][vc_raw_html css=\u00a0\u00bb.vc_custom_1687352248245{margin-bottom: 10px !important;background-color: #e8e8dd !important;border-radius: 20px !important;}\u00a0\u00bb]ICAgICA8ZGl2IGNsYXNzPSJjb250YWluZXItaGVhbGluZyI+CjxwIHN0eWxlPSJmb250LWZhbWlseTogJ01vbnRzZXJyYXQnOyBmb250LXNpemU6IDIycHg7IGZvbnQtd2VpZ2h0OiA2MDA7Y29sb3I6IzQ1NDA0MDsiPkVuIHBlcnNvbm5lIGRhbnMgdm90cmUgY29tbXVuYXV0w6k8L3A+CjxpbWcgY2xhc3M9IndwLWltYWdlLTE2NTMwIHNpemUtbWVkaXVtIGFsaWdubm9uZSIgc3JjPSJodHRwczovL2lzdWFyc2l2aWsuY2Evd3AtY29udGVudC91cGxvYWRzLzIwMjMvMDUvSXN1YXJzaXZpa19JbGx1c3RyYXRpb25zX1BNX0lTVUFSX0lsbHVzdHJhdGlvbnNfaW5fcGVyc29uX2NvbW11bml0eS0zMDB4MzAwLnBuZyIgYWx0PSIiIHdpZHRoPSIxMDAiIGhlaWdodD0iMTAwIj4KCjwvZGl2Pg==[\/vc_raw_html][vc_raw_html css=\u00a0\u00bb.vc_custom_1687352255913{margin-bottom: 10px !important;background-color: #e8e8dd !important;border-radius: 20px !important;}\u00a0\u00bb]ICAgICA8ZGl2IGNsYXNzPSJjb250YWluZXItaGVhbGluZyI+CjxwIHN0eWxlPSJmb250LWZhbWlseTogJ01vbnRzZXJyYXQnOyBmb250LXNpemU6IDIycHg7IGZvbnQtd2VpZ2h0OiA2MDA7IGNvbG9yOiM0NTQwNDA7Ij5FbiBwZXJzb25uZSBhdSBjZW50cmU8L3A+CjxpbWcgY2xhc3M9IndwLWltYWdlLTE2NTI3IHNpemUtbWVkaXVtIGFsaWdubm9uZSIgc3JjPSJodHRwczovL2lzdWFyc2l2aWsuY2Evd3AtY29udGVudC91cGxvYWRzLzIwMjMvMDUvSXN1YXJzaXZpa19JbGx1c3RyYXRpb25zX1BNX0lTVUFSX0lsbHVzdHJhdGlvbnNfaW5fcGVyc29uX2NlbnRlci0zMDB4MzAwLnBuZyIgYWx0PSIiIHdpZHRoPSIxMDAiIGhlaWdodD0iMTAwIj4KCjwvZGl2Pg==[\/vc_raw_html][\/vc_column][\/vc_row][vc_row gap=\u00a0\u00bb35&Prime; css=\u00a0\u00bb.vc_custom_1685978563097{padding-top: 100px !important;background-color: #f8f8f5 !important;}\u00a0\u00bb el_class=\u00a0\u00bbintro\u00a0\u00bb][vc_column width=\u00a0\u00bb1\/2&Prime; css=\u00a0\u00bb.vc_custom_1687337447634{margin-bottom: 5% !important;padding-right: 5% !important;}\u00a0\u00bb font_color=\u00a0\u00bb#454040&Prime;][vc_column_text css=\u00a0\u00bb.vc_custom_1685978430972{margin-bottom: 40px !important;}\u00a0\u00bb]<\/p>\n<h3>Nous allons \u00e0 votre rythme<\/h3>\n<p>Nous voulons vous aider \u00e0 comprendre o\u00f9 vous en \u00eates et d\u00e9finir un plan qui vous permettra d&rsquo;atteindre vos objectifs. Que vous ayez besoin de nous une seule fois ou que vous choisissiez de nous contacter fr\u00e9quemment, ce sera toujours votre choix.[\/vc_column_text][\/vc_column][vc_column width=\u00a0\u00bb1\/2&Prime; css=\u00a0\u00bb.vc_custom_1687337462632{margin-bottom: 5% !important;}\u00a0\u00bb font_color=\u00a0\u00bb#454040&Prime;][vc_column_text css=\u00a0\u00bb.vc_custom_1685978479056{margin-bottom: 40px !important;}\u00a0\u00bb]<\/p>\n<h3>Nous le faisons avec vous et pour vous<\/h3>\n<p>Nous travaillerons ensemble pour vous aider \u00e0 discerner votre objectif et \u00e0 cr\u00e9er un plan qui correspond \u00e0 vos besoins. Vous ne serez jamais seul(e).<\/p>\n<ul class=\"li-check\">\n<li>Consultation pour explorer les diff\u00e9rentes options<\/li>\n<li>Conseils confidentiels en t\u00eate-\u00e0-t\u00eate<\/li>\n<li>Demande d\u2019aide pour des services avec h\u00e9bergement<\/li>\n<li>Groupes de soutien (offert dans certaines communaut\u00e9s)<\/li>\n<\/ul>\n<p>[\/vc_column_text][\/vc_column][\/vc_row][vc_row gap=\u00a0\u00bb35&Prime; css=\u00a0\u00bb.vc_custom_1685974590020{background-color: #f8f8f5 !important;}\u00a0\u00bb el_class=\u00a0\u00bbintro\u00a0\u00bb][vc_column width=\u00a0\u00bb1\/2&Prime; css=\u00a0\u00bb.vc_custom_1687337477871{margin-bottom: 5% !important;padding-right: 5% !important;}\u00a0\u00bb font_color=\u00a0\u00bb#454040&Prime;][vc_column_text css=\u00a0\u00bb.vc_custom_1684436848720{margin-bottom: 50px !important;}\u00a0\u00bb]<\/p>\n<h3>Les grands b\u00e9n\u00e9fices de l\u2019accompagnement<\/h3>\n<ul>\n<li>Exprimez vos sentiments et vos \u00e9motions dans un environnement s\u00fbr et propice.<\/li>\n<li>Apprenez \u00e0 am\u00e9liorer vos communications et vos relations.<\/li>\n<li>Am\u00e9liorez votre qualit\u00e9 de vie.<\/li>\n<li>D\u00e9veloppez une meilleure connaissance de vous-m\u00eame.<\/li>\n<li>Apprenez que vous n\u2019\u00eates pas seul(e).<\/li>\n<li>Renforcez les liens avec votre culture et votre identit\u00e9.<\/li>\n<li>Donnez plus de sens et de raison d\u2019\u00eatre \u00e0 votre vie.<\/li>\n<li>Allez chercher de nouvelles possibilit\u00e9s de gu\u00e9rison.<\/li>\n<li>D\u00e9veloppez un r\u00e9seau de soutien.<\/li>\n<\/ul>\n<p>[\/vc_column_text][\/vc_column][vc_column width=\u00a0\u00bb1\/2&Prime; css=\u00a0\u00bb.vc_custom_1686124613498{margin-bottom: 5% !important;}\u00a0\u00bb el_class=\u00a0\u00bbimg-radius\u00a0\u00bb][vc_single_image image=\u00a0\u00bb10175&Prime; img_size=\u00a0\u00bbfull\u00a0\u00bb alignment=\u00a0\u00bbcenter\u00a0\u00bb css=\u00a0\u00bb.vc_custom_1687361155151{border-radius: 20px !important;}\u00a0\u00bb][\/vc_column][\/vc_row][vc_row gap=\u00a0\u00bb35&Prime; css=\u00a0\u00bb.vc_custom_1684705747292{padding-bottom: 5% !important;background-color: #f8f8f5 !important;}\u00a0\u00bb el_class=\u00a0\u00bbintro\u00a0\u00bb][vc_column width=\u00a0\u00bb1\/2&Prime; css=\u00a0\u00bb.vc_custom_1687337485753{margin-bottom: 5% !important;padding-right: 5% !important;}\u00a0\u00bb font_color=\u00a0\u00bb#454040&Prime;][vc_column_text css=\u00a0\u00bb.vc_custom_1685813481362{margin-bottom: 50px !important;}\u00a0\u00bb]<\/p>\n<h3>Des interventions adapt\u00e9es dans les centres de d\u00e9tention<\/h3>\n<p>Gr\u00e2ce \u00e0 notre compr\u00e9hension et \u00e0 notre connaisance du syst\u00e8me de justice, nous pouvons vous aider directement dans les centres de d\u00e9tention et \u00e0 distance. Nous vous proposons des s\u00e9ances de consultation confidentielles ax\u00e9es sur vos objectifs et vous aidons \u00e0 pr\u00e9parer votre r\u00e9insertion dans la communaut\u00e9.[\/vc_column_text][\/vc_column][vc_column width=\u00a0\u00bb1\/2&Prime; font_color=\u00a0\u00bb#454040&Prime;][vc_column_text]<\/p>\n<h3>Habitez-vous \u00e0 Kangirsuk, Akulivik ou Puvirnituq?<\/h3>\n<p>Communiquez avec le conseiller ou la conseill\u00e8re en soins continus d\u2019Isuarsivik dans votre communaut\u00e9, directement de votre maison. Notre personnel-conseil parle inuktitut, mais surtout, comprend comment l&rsquo;abus de substances est un d\u00e9fi qui peut vite devenir accablant. Il pourra vous accompagner tout au long de votre parcours de r\u00e9tablissement et vous rencontrer o\u00f9 que vous soyez.[\/vc_column_text][\/vc_column][\/vc_row][vc_row el_class=\u00a0\u00bbheader-gradient\u00a0\u00bb css=\u00a0\u00bb.vc_custom_1685979060813{margin-bottom: 100px !important;}\u00a0\u00bb][vc_column font_color=\u00a0\u00bb#ffffff\u00a0\u00bb][vc_row_inner css=\u00a0\u00bb.vc_custom_1685979360277{padding-top: 30px !important;padding-bottom: 30px !important;background-color: #cc9a2e !important;border-radius: 20px !important;}\u00a0\u00bb][vc_column_inner width=\u00a0\u00bb1\/2&Prime; css=\u00a0\u00bb.vc_custom_1685979042260{padding-left: 20px !important;}\u00a0\u00bb][vc_column_text css=\u00a0\u00bb.vc_custom_1685979542289{padding-left: 20px !important;}\u00a0\u00bb]<\/p>\n<h3 style=\"color: #fff;\">Par o\u00f9 puis-je commencer ma gu\u00e9rison?<\/h3>\n<h4 style=\"color: #fff;\">Ici m\u00eame.<\/h4>\n<p><img loading=\"lazy\" decoding=\"async\" class=\"alignleft size-full wp-image-17699\" src=\"https:\/\/isuarsivik.ca\/wp-content\/uploads\/2023\/05\/Fleche-large-right-white.png\" alt=\"\" width=\"56\" height=\"25\">[\/vc_column_text][\/vc_column_inner][vc_column_inner el_class=\u00a0\u00bbborder-left\u00a0\u00bb width=\u00a0\u00bb1\/2&Prime; css=\u00a0\u00bb.vc_custom_1685979622748{padding-top: 30px !important;padding-bottom: 30px !important;padding-left: 20px !important;}\u00a0\u00bb][vc_column_text css=\u00a0\u00bb.vc_custom_1709040491662{padding-bottom: 20px !important;}\u00a0\u00bb]Communiquez avec nous \u00e0 l\u2019adresse<br \/>\n<a style=\"color: #fff; font-weight: 600;\" href=\"mailto:intake@isuarsivik.ca\"><i class=\"fa fa-xs fa-envelope\"><\/i> intake@isuarsivik.ca<\/a>[\/vc_column_text][vc_column_text]ou composez le<\/p>\n<p style=\"font-weight: 600;\"><i class=\"fa fa-xs fa-phone\"><\/i>  819-964-2592<\/p>\n<p>[\/vc_column_text][\/vc_column_inner][\/vc_row_inner][\/vc_column][\/vc_row][vc_row][vc_column][vc_column_text]<\/p>\n<p>[\/vc_column_text][\/vc_column][\/vc_row]<\/p>\n<\/div>","protected":false},"excerpt":{"rendered":"<p>[vc_row css=\u00a0\u00bb.vc_custom_1688996203348{margin-bottom: 5% !important;padding-top: 50px !important;background-color: #f8f8f5 !important;background-position: center !important;background-repeat: no-repeat !important;background-size: contain !important;}\u00a0\u00bb][vc_column parallax=\u00a0\u00bbcontent-moving\u00a0\u00bb font_color=\u00a0\u00bb#ffffff\u00a0\u00bb offset=\u00a0\u00bbvc_col-xs-12&Prime; css=\u00a0\u00bb.vc_custom_1684436567054{background-image: url(https:\/\/isuarsivik.ca\/wp-content\/uploads\/2023\/05\/Header-CCS-1.png?id=17689) !important;background-position: center !important;background-repeat: no-repeat !important;background-size: contain !important;}\u00a0\u00bb][vc_column_text css=\u00a0\u00bb.vc_custom_1684436275246{padding-bottom: 40px !important;}\u00a0\u00bb] Services de soins continus [\/vc_column_text][vc_column_text css=\u00a0\u00bb.vc_custom_1688996242903{margin-top: 200px !important;margin-bottom: 50px !important;}\u00a0\u00bb] Faire &hellip; <a href=\"https:\/\/isuarsivik.ca\/fr\/services\/servicessoinscontinus\/\">Continue reading <span class=\"meta-nav\">&rarr;<\/span><\/a><\/p>\n","protected":false},"author":9,"featured_media":0,"parent":17023,"menu_order":0,"comment_status":"closed","ping_status":"closed","template":"page-templates\/fullwidth-template.php","meta":{"footnotes":""},"wf_page_folders":[257,267],"class_list":["post-17679","page","type-page","status-publish","hentry"],"_links":{"self":[{"href":"https:\/\/isuarsivik.ca\/fr\/wp-json\/wp\/v2\/pages\/17679","targetHints":{"allow":["GET"]}}],"collection":[{"href":"https:\/\/isuarsivik.ca\/fr\/wp-json\/wp\/v2\/pages"}],"about":[{"href":"https:\/\/isuarsivik.ca\/fr\/wp-json\/wp\/v2\/types\/page"}],"author":[{"embeddable":true,"href":"https:\/\/isuarsivik.ca\/fr\/wp-json\/wp\/v2\/users\/9"}],"replies":[{"embeddable":true,"href":"https:\/\/isuarsivik.ca\/fr\/wp-json\/wp\/v2\/comments?post=17679"}],"version-history":[{"count":8,"href":"https:\/\/isuarsivik.ca\/fr\/wp-json\/wp\/v2\/pages\/17679\/revisions"}],"predecessor-version":[{"id":21557,"href":"https:\/\/isuarsivik.ca\/fr\/wp-json\/wp\/v2\/pages\/17679\/revisions\/21557"}],"up":[{"embeddable":true,"href":"https:\/\/isuarsivik.ca\/fr\/wp-json\/wp\/v2\/pages\/17023"}],"wp:attachment":[{"href":"https:\/\/isuarsivik.ca\/fr\/wp-json\/wp\/v2\/media?parent=17679"}],"wp:term":[{"taxonomy":"wf_page_folders","embeddable":true,"href":"https:\/\/isuarsivik.ca\/fr\/wp-json\/wp\/v2\/wf_page_folders?post=17679"}],"curies":[{"name":"wp","href":"https:\/\/api.w.org\/{rel}","templated":true}]}}