{"id":17587,"date":"2023-06-08T04:22:06","date_gmt":"2023-06-08T08:22:06","guid":{"rendered":"https:\/\/isuarsivik.ca\/?page_id=17587"},"modified":"2023-09-25T05:28:32","modified_gmt":"2023-09-25T09:28:32","slug":"approcheguerison","status":"publish","type":"page","link":"https:\/\/isuarsivik.ca\/fr\/approcheguerison\/","title":{"rendered":"Une approche de la gu\u00e9rison"},"content":{"rendered":"<div class=\"wpb-content-wrapper\"><p>[vc_row css=\u00a0\u00bb.vc_custom_1686048156127{padding-top: 4% !important;padding-bottom: 4% !important;background-color: #f8f8f5 !important;background-position: 0 0 !important;background-repeat: repeat !important;}\u00a0\u00bb][vc_column parallax=\u00a0\u00bbcontent-moving\u00a0\u00bb font_color=\u00a0\u00bb#ffffff\u00a0\u00bb offset=\u00a0\u00bbvc_col-xs-12&Prime; css=\u00a0\u00bb.vc_custom_1686048129792{background-image: url(https:\/\/isuarsivik.ca\/wp-content\/uploads\/2022\/01\/shape-1.png?id=12080) !important;background-position: 0 0 !important;background-repeat: no-repeat !important;}\u00a0\u00bb][vc_column_text css=\u00a0\u00bb.vc_custom_1686047354530{padding-bottom: 40px !important;}\u00a0\u00bb]<\/p>\n<h1>Notre approche<br \/>\nholistique unique<\/h1>\n<p>[\/vc_column_text][\/vc_column][\/vc_row][vc_row gap=\u00a0\u00bb35&Prime; css=\u00a0\u00bb.vc_custom_1684186608858{margin-top: 5% !important;}\u00a0\u00bb][vc_column width=\u00a0\u00bb5\/12&Prime; css=\u00a0\u00bb.vc_custom_1684423589133{margin-bottom: 20px !important;}\u00a0\u00bb font_color=\u00a0\u00bb#454040&Prime;][vc_column_text css=\u00a0\u00bb.vc_custom_1686047277890{padding-bottom: 20px !important;}\u00a0\u00bb]Isuarsivik fonctionne selon une approche bio-psycho-sociale-spirituelle, avec la culture inuite au c\u0153ur de son action. Il s&rsquo;agit d&rsquo;une approche int\u00e9gr\u00e9e et holistique inspir\u00e9e des connaissances, de la culture et des valeurs inuites, ainsi que des meilleures pratiques dans le domaine de la toxicomanie. C&rsquo;est de loin celle qui est le mieux adapt\u00e9e pour comprendre comment la d\u00e9pendance se d\u00e9veloppe et pour r\u00e9pondre au besoin de gu\u00e9rison. Isuarsivik croit en l\u2019int\u00e9grit\u00e9 des personnes, des familles et des communaut\u00e9s, et son intervention tient compte de l\u2019ensemble de la personne et du groupe d&rsquo;appartenance pendant la gu\u00e9rison.[\/vc_column_text][\/vc_column][vc_column width=\u00a0\u00bb7\/12&Prime; font_color=\u00a0\u00bb#454040&Prime; offset=\u00a0\u00bbvc_hidden-sm\u00a0\u00bb][vc_single_image image=\u00a0\u00bb16438&Prime; img_size=\u00a0\u00bbmedium\u00a0\u00bb alignment=\u00a0\u00bbcenter\u00a0\u00bb][\/vc_column][\/vc_row][vc_row gap=\u00a0\u00bb35&Prime; css=\u00a0\u00bb.vc_custom_1686047832438{margin-top: 5% !important;}\u00a0\u00bb][vc_column el_class=\u00a0\u00bbcontainer-inuit-culture\u00a0\u00bb font_color=\u00a0\u00bb#454040&Prime;][vc_column_text css=\u00a0\u00bb.vc_custom_1684427613859{background-color: #d7e5e0 !important;border-radius: 20px !important;}\u00a0\u00bb el_class=\u00a0\u00bbitem-inuit-culture\u00a0\u00bb]<\/p>\n<h4>Biologique<\/h4>\n<ul style=\"font-size: 14px;\">\n<li>Prendre soin de son corps.<\/li>\n<li>Alimentation \u00e9quilibr\u00e9e (cuisine paysanne, cours de cuisine).<\/li>\n<li>Un environnement sain pour se soigner et se reposer.<\/li>\n<li>Mouvement\/exercice tenant compte des traumatismes.<\/li>\n<li>Acc\u00e8s aux soins m\u00e9dicaux.<\/li>\n<li>R\u00e9agir aux traumatismes dans le corps ; gu\u00e9rir notre syst\u00e8me nerveux.<\/li>\n<\/ul>\n<p>[\/vc_column_text][vc_column_text css=\u00a0\u00bb.vc_custom_1684427606175{background-color: #e8e8dd !important;border-radius: 20px !important;}\u00a0\u00bb el_class=\u00a0\u00bbitem-inuit-culture\u00a0\u00bb]<\/p>\n<h4>Spirituel<\/h4>\n<ul style=\"font-size: 14px;\">\n<li>Accro\u00eetre la r\u00e9silience en se connectant aux traditions, aux pratiques et aux croyances.<\/li>\n<li>Honorer et se souvenir de ses anc\u00eatres et de ses forces.<\/li>\n<li>Travailler sur le deuil.<\/li>\n<li>Approfondir le sens et le but de la vie.<\/li>\n<li>Se connecter \u00e0 l&rsquo;espoir.<\/li>\n<li>Apprendre des anciens \u00e0 propos de l&rsquo;enseignement traditionnel.<\/li>\n<li>Connexion avec la nature et les animaux.<\/li>\n<li>Mentorat des a\u00een\u00e9s.<\/li>\n<\/ul>\n<p>[\/vc_column_text][vc_column_text css=\u00a0\u00bb.vc_custom_1684427622626{background-color: #8bb9ad !important;border-radius: 20px !important;}\u00a0\u00bb el_class=\u00a0\u00bbitem-inuit-culture\u00a0\u00bb]<\/p>\n<h4>Psychologique<\/h4>\n<ul style=\"font-size: 14px;\">\n<li>Apprendre \u00e0 \u00eatre compatissant envers soi-m\u00eame, \u00e0 avoir une bonne relation avec soi-m\u00eame.<\/li>\n<li>D\u00e9coloniser notre compr\u00e9hension de la sant\u00e9 mentale et du bien-\u00eatre.<\/li>\n<li>Acc\u00e8s aux services de sant\u00e9 mentale : conseils individuels, de groupe et familiaux.<\/li>\n<li>Comprendre l&rsquo;importance de l&rsquo;interconnexion et des relations.<\/li>\n<li>Apprentissage et \u00e9ducation sur les traumatismes et les d\u00e9pendances, et sur les moyens de gu\u00e9rir.<\/li>\n<li>\u00c9largir les strat\u00e9gies d&rsquo;adaptation.<\/li>\n<li>Renforcer les comp\u00e9tences pour r\u00e9pondre aux exp\u00e9riences de traumatisme.<\/li>\n<li>D\u00e9veloppement des comp\u00e9tences de vie.<\/li>\n<\/ul>\n<p>[\/vc_column_text][vc_column_text css=\u00a0\u00bb.vc_custom_1684427629859{background-color: #cc9a2e !important;border-radius: 20px !important;}\u00a0\u00bb el_class=\u00a0\u00bbitem-inuit-culture\u00a0\u00bb]<\/p>\n<h4>Social<\/h4>\n<ul>\n<li>R\u00e9pondre aux conditions sociales qui affectent la sant\u00e9 mentale :\n<ul style=\"font-size: 14px;\">\n<li>D\u00e9velopper la culture financi\u00e8re.<\/li>\n<li>D\u00e9fense du droit au logement.<\/li>\n<li>R\u00e9f\u00e9rants en mati\u00e8re d&rsquo;\u00e9ducation.<\/li>\n<li>Intervenants invit\u00e9s.<\/li>\n<li>Soutien aux femmes enceintes et aux parents.<\/li>\n<\/ul>\n<\/li>\n<li>Exploration des activit\u00e9s de bien-\u00eatre (art\/artisanat, pratique d&rsquo;activit\u00e9s traditionnelles, travail en commun sur la terre).<\/li>\n<li>Cr\u00e9er des liens sains dans le cadre du r\u00e9tablissement.<\/li>\n<li>Gu\u00e9rison collective en groupe et en plein air.<\/li>\n<\/ul>\n<p>[\/vc_column_text][\/vc_column][\/vc_row][vc_row][vc_column css=\u00a0\u00bb.vc_custom_1686083420961{margin-top: 50px !important;margin-bottom: 50px !important;}\u00a0\u00bb][vc_raw_html]JTNDaHIlMjBzdHlsZSUzRCUyMmJvcmRlci10b3AlM0FkYXNoZWQlMjAxcHglMjBDQzlBMkUlM0IlMjIlM0U=[\/vc_raw_html][\/vc_column][\/vc_row][vc_row gap=\u00a0\u00bb35&Prime; css=\u00a0\u00bb.vc_custom_1686048353962{margin-bottom: 8% !important;}\u00a0\u00bb][vc_column width=\u00a0\u00bb5\/12&Prime; css=\u00a0\u00bb.vc_custom_1686048422750{padding-bottom: 40px !important;}\u00a0\u00bb font_color=\u00a0\u00bb#454040&Prime;][vc_column_text]<\/p>\n<h3 style=\"padding-bottom: 20px;\">Nos piliers de service<\/h3>\n<p>Notre programme de r\u00e9tablissement collectif de huit semaines s\u2019appuie sur trois piliers de service : la r\u00e9duction des m\u00e9faits; la s\u00e9curit\u00e9 culturelle; et des soins qui tiennent compte des traumatismes. Ces piliers sont particuli\u00e8rement pertinents dans le contexte de la d\u00e9colonisation de la gu\u00e9rison au Nunavik et ils aident \u00e0 garantir que la prestation du programme et des services est ad\u00e9quate pour r\u00e9pondre aux besoins des Inuit.<\/p>\n<p>&nbsp;<\/p>\n<p><em>(Image disponible en anglais et en inuktitut seulement)<\/em>[\/vc_column_text][\/vc_column][vc_column width=\u00a0\u00bb7\/12&Prime;][\/vc_column][\/vc_row]<\/p>\n<\/div>","protected":false},"excerpt":{"rendered":"<p>[vc_row css=\u00a0\u00bb.vc_custom_1686048156127{padding-top: 4% !important;padding-bottom: 4% !important;background-color: #f8f8f5 !important;background-position: 0 0 !important;background-repeat: repeat !important;}\u00a0\u00bb][vc_column parallax=\u00a0\u00bbcontent-moving\u00a0\u00bb font_color=\u00a0\u00bb#ffffff\u00a0\u00bb offset=\u00a0\u00bbvc_col-xs-12&Prime; css=\u00a0\u00bb.vc_custom_1686048129792{background-image: url(https:\/\/isuarsivik.ca\/wp-content\/uploads\/2022\/01\/shape-1.png?id=12080) !important;background-position: 0 0 !important;background-repeat: no-repeat !important;}\u00a0\u00bb][vc_column_text css=\u00a0\u00bb.vc_custom_1686047354530{padding-bottom: 40px !important;}\u00a0\u00bb] Notre approche holistique unique [\/vc_column_text][\/vc_column][\/vc_row][vc_row gap=\u00a0\u00bb35&Prime; css=\u00a0\u00bb.vc_custom_1684186608858{margin-top: 5% !important;}\u00a0\u00bb][vc_column width=\u00a0\u00bb5\/12&Prime; css=\u00a0\u00bb.vc_custom_1684423589133{margin-bottom: 20px !important;}\u00a0\u00bb &hellip; <a href=\"https:\/\/isuarsivik.ca\/fr\/approcheguerison\/\">Continue reading <span class=\"meta-nav\">&rarr;<\/span><\/a><\/p>\n","protected":false},"author":9,"featured_media":0,"parent":0,"menu_order":0,"comment_status":"closed","ping_status":"closed","template":"page-templates\/fullwidth-template.php","meta":{"footnotes":""},"wf_page_folders":[266,257],"class_list":["post-17587","page","type-page","status-publish","hentry"],"_links":{"self":[{"href":"https:\/\/isuarsivik.ca\/fr\/wp-json\/wp\/v2\/pages\/17587","targetHints":{"allow":["GET"]}}],"collection":[{"href":"https:\/\/isuarsivik.ca\/fr\/wp-json\/wp\/v2\/pages"}],"about":[{"href":"https:\/\/isuarsivik.ca\/fr\/wp-json\/wp\/v2\/types\/page"}],"author":[{"embeddable":true,"href":"https:\/\/isuarsivik.ca\/fr\/wp-json\/wp\/v2\/users\/9"}],"replies":[{"embeddable":true,"href":"https:\/\/isuarsivik.ca\/fr\/wp-json\/wp\/v2\/comments?post=17587"}],"version-history":[{"count":0,"href":"https:\/\/isuarsivik.ca\/fr\/wp-json\/wp\/v2\/pages\/17587\/revisions"}],"wp:attachment":[{"href":"https:\/\/isuarsivik.ca\/fr\/wp-json\/wp\/v2\/media?parent=17587"}],"wp:term":[{"taxonomy":"wf_page_folders","embeddable":true,"href":"https:\/\/isuarsivik.ca\/fr\/wp-json\/wp\/v2\/wf_page_folders?post=17587"}],"curies":[{"name":"wp","href":"https:\/\/api.w.org\/{rel}","templated":true}]}}