{"id":17023,"date":"2023-06-08T04:23:19","date_gmt":"2023-06-08T08:23:19","guid":{"rendered":"https:\/\/isuarsivik.ca\/?page_id=17023"},"modified":"2024-03-01T05:55:15","modified_gmt":"2024-03-01T10:55:15","slug":"services","status":"publish","type":"page","link":"https:\/\/isuarsivik.ca\/fr\/services\/","title":{"rendered":"Nos services"},"content":{"rendered":"<div class=\"wpb-content-wrapper\"><p>[vc_row css=\u00a0\u00bb.vc_custom_1685467038160{padding-top: 5% !important;padding-bottom: 5% !important;background-color: #f8f8f5 !important;}\u00a0\u00bb][vc_column parallax=\u00a0\u00bbcontent-moving\u00a0\u00bb width=\u00a0\u00bb1\/2&Prime; css=\u00a0\u00bb.vc_custom_1687337665022{background-image: url(https:\/\/isuarsivik.ca\/wp-content\/uploads\/2023\/05\/title-shape-light-blue.png?id=17419) !important;background-position: 0 0 !important;background-repeat: no-repeat !important;}\u00a0\u00bb][vc_column_text css=\u00a0\u00bb.vc_custom_1685467049925{padding-bottom: 40px !important;}\u00a0\u00bb]<\/p>\n<h1 class=\"h1\">Nos services<\/h1>\n<p>[\/vc_column_text][vc_column_text]<\/p>\n<p class=\"body-large\" style=\"color: #584e4b;\">Notre programme de r\u00e9tablissement associe des connaissances et des pratiques traditionnelles \u00e0 une approche moderne fond\u00e9e sur des donn\u00e9es probantes.<\/p>\n<p>[\/vc_column_text][\/vc_column][vc_column width=\u00a0\u00bb1\/2&Prime;][\/vc_column][\/vc_row][vc_row el_class=\u00a0\u00bbheader-gradient\u00a0\u00bb css=\u00a0\u00bb.vc_custom_1684416743910{margin-bottom: 100px !important;}\u00a0\u00bb][vc_column font_color=\u00a0\u00bb#ffffff\u00a0\u00bb][vc_column_text]<\/p>\n<div class=\"list-services\"><button class=\"item-services\"><a href=\"https:\/\/isuarsivik.ca\/fr\/services\/programmeavechebergement\/\">Services avec h\u00e9bergement<br \/>\n<i class=\"fa fa-arrow-right fa-1x circle-icon\"><\/i><\/a><\/button><br \/>\n<button class=\"item-services\"><a href=\"https:\/\/isuarsivik.ca\/fr\/services\/servicessoinscontinus\/\">Services de soins continus<br \/>\n<i class=\"fa fa-arrow-right fa-1x circle-icon\"><\/i><\/a><\/button><br \/>\n<button class=\"item-services\"><a href=\"https:\/\/isuarsivik.ca\/fr\/services\/le-defi-pingngupaa\/\">Le d\u00e9fi Pingngupaa<br \/>\n<i class=\"fa fa-arrow-right fa-1x circle-icon\"><\/i><\/a><\/button><br \/>\n<button class=\"item-services\"><a href=\"https:\/\/isuarsivik.ca\/fr\/ressourcesexternes\/\">Autres ressources<br \/>\n<i class=\"fa fa-arrow-right fa-1x circle-icon\"><\/i><\/a><\/button><\/div>\n<p>[\/vc_column_text][\/vc_column][\/vc_row]<\/p>\n<\/div>","protected":false},"excerpt":{"rendered":"<p>[vc_row css=\u00a0\u00bb.vc_custom_1685467038160{padding-top: 5% !important;padding-bottom: 5% !important;background-color: #f8f8f5 !important;}\u00a0\u00bb][vc_column parallax=\u00a0\u00bbcontent-moving\u00a0\u00bb width=\u00a0\u00bb1\/2&Prime; css=\u00a0\u00bb.vc_custom_1687337665022{background-image: url(https:\/\/isuarsivik.ca\/wp-content\/uploads\/2023\/05\/title-shape-light-blue.png?id=17419) !important;background-position: 0 0 !important;background-repeat: no-repeat !important;}\u00a0\u00bb][vc_column_text css=\u00a0\u00bb.vc_custom_1685467049925{padding-bottom: 40px !important;}\u00a0\u00bb] Nos services [\/vc_column_text][vc_column_text] Notre programme de r\u00e9tablissement associe des connaissances et des pratiques traditionnelles \u00e0 une approche moderne fond\u00e9e &hellip; <a href=\"https:\/\/isuarsivik.ca\/fr\/services\/\">Continue reading <span class=\"meta-nav\">&rarr;<\/span><\/a><\/p>\n","protected":false},"author":9,"featured_media":0,"parent":0,"menu_order":0,"comment_status":"closed","ping_status":"closed","template":"page-templates\/fullwidth-template.php","meta":{"footnotes":""},"wf_page_folders":[257,267],"class_list":["post-17023","page","type-page","status-publish","hentry"],"_links":{"self":[{"href":"https:\/\/isuarsivik.ca\/fr\/wp-json\/wp\/v2\/pages\/17023","targetHints":{"allow":["GET"]}}],"collection":[{"href":"https:\/\/isuarsivik.ca\/fr\/wp-json\/wp\/v2\/pages"}],"about":[{"href":"https:\/\/isuarsivik.ca\/fr\/wp-json\/wp\/v2\/types\/page"}],"author":[{"embeddable":true,"href":"https:\/\/isuarsivik.ca\/fr\/wp-json\/wp\/v2\/users\/9"}],"replies":[{"embeddable":true,"href":"https:\/\/isuarsivik.ca\/fr\/wp-json\/wp\/v2\/comments?post=17023"}],"version-history":[{"count":3,"href":"https:\/\/isuarsivik.ca\/fr\/wp-json\/wp\/v2\/pages\/17023\/revisions"}],"predecessor-version":[{"id":21824,"href":"https:\/\/isuarsivik.ca\/fr\/wp-json\/wp\/v2\/pages\/17023\/revisions\/21824"}],"wp:attachment":[{"href":"https:\/\/isuarsivik.ca\/fr\/wp-json\/wp\/v2\/media?parent=17023"}],"wp:term":[{"taxonomy":"wf_page_folders","embeddable":true,"href":"https:\/\/isuarsivik.ca\/fr\/wp-json\/wp\/v2\/wf_page_folders?post=17023"}],"curies":[{"name":"wp","href":"https:\/\/api.w.org\/{rel}","templated":true}]}}