{"id":16959,"date":"2023-06-07T12:05:25","date_gmt":"2023-06-07T16:05:25","guid":{"rendered":"https:\/\/isuarsivik.ca\/?page_id=16959"},"modified":"2025-11-28T11:11:56","modified_gmt":"2025-11-28T16:11:56","slug":"sinscrire","status":"publish","type":"page","link":"https:\/\/isuarsivik.ca\/fr\/sinscrire\/","title":{"rendered":"S\u2019inscrire"},"content":{"rendered":"<div class=\"wpb-content-wrapper\"><p>[vc_row css=\u00a0\u00bb.vc_custom_1686079984792{margin-bottom: 5% !important;padding-top: 50px !important;background-color: #f8f8f5 !important;background-position: 0 0 !important;background-repeat: repeat !important;}\u00a0\u00bb el_id=\u00a0\u00bbprogram\u00a0\u00bb][vc_column parallax=\u00a0\u00bbcontent-moving\u00a0\u00bb width=\u00a0\u00bb7\/12&Prime; font_color=\u00a0\u00bb#454040&Prime; offset=\u00a0\u00bbvc_col-xs-12&Prime; css=\u00a0\u00bb.vc_custom_1684413451471{padding-bottom: 40px !important;background-image: url(https:\/\/isuarsivik.ca\/wp-content\/uploads\/2022\/01\/shape-1.png?id=12080) !important;background-position: 0 0 !important;background-repeat: no-repeat !important;}\u00a0\u00bb][vc_column_text css=\u00a0\u00bb.vc_custom_1744899123057{padding-bottom: 40px !important;}\u00a0\u00bb]<\/p>\n<h1 class=\"h1\">S&rsquo;inscrire \u00e0 nos services<\/h1>\n<p>Les services d\u2019Isuarsivik sont flexibles et permettent d\u2019\u00e9laborer un plan de r\u00e9tablissement adapt\u00e9 \u00e0 vos besoins.[\/vc_column_text][vc_column_text css=\u00a0\u00bb.vc_custom_1688995994576{margin-top: 50px !important;}\u00a0\u00bb]<\/p>\n<div id=\"scroll-down\"><img decoding=\"async\" class=\"alignleft\" src=\"https:\/\/isuarsivik.ca\/wp-content\/uploads\/2022\/01\/Icon-scroll.png\" alt=\"\" \/><br \/>\n<a href=\"#intro-apply\">Faire d\u00e9filer<\/a><\/div>\n<p>[\/vc_column_text][\/vc_column][vc_column width=\u00a0\u00bb5\/12&Prime;][vc_single_image image=\u00a0\u00bb18587&Prime; img_size=\u00a0\u00bblarge\u00a0\u00bb alignment=\u00a0\u00bbcenter\u00a0\u00bb css=\u00a0\u00bb.vc_custom_1686126402727{margin-top: 5% !important;}\u00a0\u00bb][\/vc_column][\/vc_row][vc_row gap=\u00a0\u00bb35&Prime; css=\u00a0\u00bb.vc_custom_1686079965646{margin-top: 50px !important;margin-bottom: 100px !important;}\u00a0\u00bb el_class=\u00a0\u00bbintro\u00a0\u00bb][vc_column width=\u00a0\u00bb1\/2&Prime; css=\u00a0\u00bb.vc_custom_1688996036790{padding-right: 10% !important;}\u00a0\u00bb font_color=\u00a0\u00bb#454040&Prime;][vc_column_text css=\u00a0\u00bb.vc_custom_1688996044331{margin-top: 50px !important;margin-bottom: 50px !important;}\u00a0\u00bb el_id=\u00a0\u00bbintro-apply\u00a0\u00bb]Que vous souhaitiez faire face \u00e0 un traumatisme, r\u00e9duire votre consommation globale ou commencer \u00e0 travailler en vue d\u2019une autodiscipline compl\u00e8te ou de l\u2019abstinence, Isuarsivik vous offre une approche de gu\u00e9rison holistique. Cette derni\u00e8re combine les meilleures pratiques modernes en r\u00e9tablissement \u00e0 des outils et des techniques de gu\u00e9rison d\u00e9velopp\u00e9s par les Inuit afin de vous guider vers un mode de vie plus sain.[\/vc_column_text][\/vc_column][vc_column width=\u00a0\u00bb1\/2&Prime; css=\u00a0\u00bb.vc_custom_1686080075775{padding-top: 20px !important;padding-right: 2% !important;padding-bottom: 20px !important;padding-left: 2% !important;background-color: #f8f8f5 !important;border-radius: 20px !important;}\u00a0\u00bb font_color=\u00a0\u00bb#454040&Prime;][vc_row_inner content_placement=\u00a0\u00bbmiddle\u00a0\u00bb][vc_column_inner width=\u00a0\u00bb2\/3&Prime;][vc_column_text]<\/p>\n<h4>Suis-je admissible?<\/h4>\n<p>Vous pouvez pr\u00e9senter une demande individuellement ou avec des proches si vous \u00eates des b\u00e9n\u00e9ficiaires de la Convention de la Baie James et du Nord qu\u00e9b\u00e9cois (CBJNQ) \u00e2g\u00e9s de 18 ans ou plus. Vous pouvez choisir d\u2019emmener vos enfants, votre partenaire, vos fr\u00e8res et s\u0153urs, vos grands-parents, votre famille d\u2019accueil ou votre famille \u00e9largie.[\/vc_column_text][\/vc_column_inner][vc_column_inner width=\u00a0\u00bb1\/3&Prime;][vc_single_image image=\u00a0\u00bb16465&Prime; img_size=\u00a0\u00bb150&#215;150&Prime; alignment=\u00a0\u00bbcenter\u00a0\u00bb css=\u00a0\u00bb.vc_custom_1686081029340{padding-top: 20px !important;}\u00a0\u00bb][\/vc_column_inner][\/vc_row_inner][\/vc_column][\/vc_row][vc_row][vc_column][vc_separator color=\u00a0\u00bbcustom\u00a0\u00bb style=\u00a0\u00bbdotted\u00a0\u00bb css=\u00a0\u00bb.vc_custom_1686067245651{padding-top: 50px !important;padding-bottom: 100px !important;}\u00a0\u00bb accent_color=\u00a0\u00bb#cc9a2e\u00a0\u00bb][\/vc_column][\/vc_row][vc_row][vc_column][vc_column_text css=\u00a0\u00bb.vc_custom_1744986127343{margin-bottom: 70px !important;}\u00a0\u00bb]<\/p>\n<h3><img loading=\"lazy\" decoding=\"async\" class=\"alignleft size-full wp-image-18468\" style=\"padding-right: 20px;\" src=\"https:\/\/isuarsivik.ca\/wp-content\/uploads\/2023\/06\/Isuarsivik_Illustrations_PM_ISUAR_Illustrations_family-02-1-1.png\" alt=\"\" width=\"143\" height=\"111\" \/> Quels sont les services pour lesquels<br \/>\nvous souhaitez poser votre candidature ?<\/h3>\n<p>[\/vc_column_text][vc_tta_tour section_title_tag=\u00a0\u00bbh5&Prime; style=\u00a0\u00bbflat\u00a0\u00bb shape=\u00a0\u00bbround\u00a0\u00bb color=\u00a0\u00bbwhite\u00a0\u00bb spacing=\u00a0\u00bb20&Prime; gap=\u00a0\u00bb35&Prime; active_section=\u00a0\u00bb1&Prime; el_class=\u00a0\u00bbServices-apply\u00a0\u00bb css=\u00a0\u00bb.vc_custom_1744986254683{margin-bottom: 100px !important;}\u00a0\u00bb][vc_tta_section i_type=\u00a0\u00bbmaterial\u00a0\u00bb i_icon_material=\u00a0\u00bbvc-material vc-material-arrow_forward\u00a0\u00bb add_icon=\u00a0\u00bbtrue\u00a0\u00bb title=\u00a0\u00bbServices communautaires (en personne ou \u00e0 distance)\u00a0\u00bb tab_id=\u00a0\u00bb1696401148520-efb53af5-5a66&Prime;][vc_column_text css=\u00a0\u00bb\u00a0\u00bb el_class=\u00a0\u00bbdescription-services\u00a0\u00bb]<\/p>\n<h4>Pour recevoir de <b data-ogsc=\"\">services communautaires<\/b><\/h4>\n<p>Incluant des services de soins continus, soit sur une base individuelle ou de groupe, participer \u00e0 des activit\u00e9s culturelles, recevoir des services pr\u00e9-traitement et post-traitement en lien avec notre programme de gu\u00e9rison collectif de 8 semaines avec h\u00e9bergement et\/ou recevoir du soutien pour personnes d\u00e9tenues.<\/p>\n<ol>\n<li>Remplir le <a href=\"https:\/\/isuarsivik.ca\/wp-content\/uploads\/2025\/11\/Individual-Application-Form-To-be-filled-With-Community-2025.pdf\" target=\"_blank\" rel=\"noopener\">Formulaire de demande pour adultes<\/a>.<\/li>\n<li>Remplir le <a href=\"https:\/\/isuarsivik.ca\/wp-content\/uploads\/2025\/11\/Medical-Evaluation.pdf\">Formulaire M\u00e9dical<\/a><\/li>\n<li>Soumettre le formulaire \u00e0 <a href=\"mailto:intake@isuarsivik.ca\">intake@isuarsivik.ca<\/a> ou le faxer au 819-964-2041.<\/li>\n<li data-ogsc=\"rgb(0, 0, 0)\">\n<div class=\"x_elementToProof\" data-ogsc=\"\" data-olk-copy-source=\"MessageBody\">Prise en charge par un-e conseiller-\u00e8re en r\u00e9tablissement dans les 30 jours suivant la soumission du formulaire.<\/div>\n<\/li>\n<\/ol>\n<p><span data-olk-copy-source=\"MessageBody\">Veuillez prendre note que les b\u00e9n\u00e9ficiaires de la CBJNQ bas\u00e9s dans des villes tels que Montr\u00e9al, Qu\u00e9bec ou Ottawa peuvent appliquer pour recevoir les services communautaires d\u2019Isuarsivik.<\/span>[\/vc_column_text][\/vc_tta_section][vc_tta_section i_type=\u00a0\u00bbmaterial\u00a0\u00bb i_icon_material=\u00a0\u00bbvc-material vc-material-arrow_forward\u00a0\u00bb add_icon=\u00a0\u00bbtrue\u00a0\u00bb title=\u00a0\u00bbProgramme avec h\u00e9bergement (au Centre \u00e0 Kuujjuaq)\u00a0\u00bb tab_id=\u00a0\u00bb1744810532131-b76cf58b-4354&Prime;][vc_column_text css=\u00a0\u00bb\u00a0\u00bb el_class=\u00a0\u00bbdescription-services\u00a0\u00bb]<\/p>\n<h4>Pour faire une demande pour le <b data-ogsc=\"\">programme de gu\u00e9rison collectif de 8 semaines avec h\u00e9bergement<\/b><\/h4>\n<ol>\n<li>Remplir le <a href=\"https:\/\/isuarsivik.ca\/wp-content\/uploads\/2025\/11\/Individual-Application-Form-To-be-filled-With-Community-2025.pdf\" target=\"_blank\" rel=\"noopener\">Formulaire de demande pour adultes<\/a>.<br \/>\n<span data-ogsc=\"rgb(0, 0, 0)\" data-olk-copy-source=\"MessageBody\">Pour chaque individu \u00e2g\u00e9 de moins de 18 ans qui vous accompagnera pendant votre s\u00e9jour \u00e0 Isuarsivik, veuillez remplir le<\/span> <a href=\"https:\/\/isuarsivik.ca\/wp-content\/uploads\/2025\/04\/Dependant-Application-Form-To-be-filled-2025.pdf\" target=\"_blank\" rel=\"noopener\">Formulaire de demande pour personne \u00e0 charge<\/a>.<\/li>\n<li>Remplir le <a href=\"https:\/\/isuarsivik.ca\/wp-content\/uploads\/2025\/11\/Medical-Evaluation.pdf\">Formulaire M\u00e9dical<\/a>.<\/li>\n<li data-ogsc=\"rgb(0, 0, 0)\" data-olk-copy-source=\"MessageBody\">Soumettre tous les formulaires \u00e0 <a id=\"OWA9b647b80-5b85-e0ea-2690-5162f02f4b3b\" class=\"x_OWAAutoLink\" title=\"mailto:intake@isuarsivik.ca\" href=\"mailto:intake@isuarsivik.ca\" data-linkindex=\"4\">intake@isuarsivik.ca<\/a> ou le faxer au 819-964-2041.<\/li>\n<li data-ogsc=\"rgb(0, 0, 0)\" data-olk-copy-source=\"MessageBody\"><span data-olk-copy-source=\"MessageBody\">Attendez un appel de l\u2019\u00e9quipe des services de soins continus dans les 30 jours suivant la soumission de vos formulaires.<\/span><\/li>\n<\/ol>\n<p><span data-olk-copy-source=\"MessageBody\">Veuillez prendre note que les b\u00e9n\u00e9ficiaires de la CBJNQ bas\u00e9s dans des villes telles que Montr\u00e9al, Qu\u00e9bec ou Ottawa peuvent appliquer au programme avec h\u00e9bergement d\u2019Isuarsivik.<\/span>[\/vc_column_text][\/vc_tta_section][\/vc_tta_tour][\/vc_column][\/vc_row][vc_row gap=\u00a0\u00bb35&Prime; content_placement=\u00a0\u00bbmiddle\u00a0\u00bb parallax=\u00a0\u00bbcontent-moving\u00a0\u00bb css=\u00a0\u00bb.vc_custom_1684413187830{margin-bottom: 100px !important;padding-top: 40px !important;padding-right: 30px !important;padding-bottom: 30px !important;padding-left: 30px !important;background-color: #f8f8f5 !important;border-radius: 20px !important;}\u00a0\u00bb el_class=\u00a0\u00bbsmall-contact-bloc\u00a0\u00bb][vc_column width=\u00a0\u00bb1\/4&Prime;][vc_single_image image=\u00a0\u00bb16483&Prime; img_size=\u00a0\u00bb165&#215;165&Prime; alignment=\u00a0\u00bbcenter\u00a0\u00bb css=\u00a0\u00bb.vc_custom_1686080908494{padding-bottom: 30px !important;}\u00a0\u00bb][\/vc_column][vc_column width=\u00a0\u00bb3\/4&Prime; css=\u00a0\u00bb.vc_custom_1686080631128{padding-left: 5% !important;}\u00a0\u00bb][vc_column_text]<\/p>\n<h4 style=\"margin-bottom: 20px;\">Besoin d\u2019aide?<\/h4>\n<p>En tout temps, vous pouvez nous contacter au<\/p>\n<p style=\"color: #cc9a2e; font-weight: 600;\"><i class=\"fa fa-xs fa-phone\"><\/i>1-844-964-5646<\/p>\n<p>ou nous envoyer un courriel \u00e0 <a style=\"color: #cc9a2e; font-weight: 600;\" href=\"mailto:intake@isuarsivik.ca\"><i class=\"fa fa-xs fa-envelope\"><\/i> intake@isuarsivik.ca<\/a><\/p>\n<p>pour parler \u00e0 l\u2019un de nos agents ou agentes de liaison.[\/vc_column_text][\/vc_column][\/vc_row][vc_row][vc_column][vc_separator color=\u00a0\u00bbcustom\u00a0\u00bb style=\u00a0\u00bbdotted\u00a0\u00bb css=\u00a0\u00bb.vc_custom_1686067245651{padding-top: 50px !important;padding-bottom: 100px !important;}\u00a0\u00bb accent_color=\u00a0\u00bb#cc9a2e\u00a0\u00bb][\/vc_column][\/vc_row][vc_row gap=\u00a0\u00bb35&Prime; css=\u00a0\u00bb.vc_custom_1686067303044{margin-bottom: 100px !important;}\u00a0\u00bb][vc_column width=\u00a0\u00bb1\/3&Prime; css=\u00a0\u00bb.vc_custom_1686080248254{padding-right: 10% !important;padding-bottom: 30px !important;}\u00a0\u00bb][vc_column_text]<\/p>\n<h3>Q &amp; A &#8211; Admission et prise en charge<\/h3>\n<p>[\/vc_column_text][\/vc_column][vc_column width=\u00a0\u00bb2\/3&Prime; el_class=\u00a0\u00bbfaq\u00a0\u00bb][vc_toggle title=\u00a0\u00bbPuis-je pr\u00e9senter une demande avec des membres de ma famille \u00e9largie ou des amis ?\u00a0\u00bb style=\u00a0\u00bbrounded_outline\u00a0\u00bb css=\u00a0\u00bb.vc_custom_1686239031809{padding-top: 30px !important;padding-bottom: 30px !important;padding-left: 20px !important;background-color: #f8f8f5 !important;border-radius: 20px !important;}\u00a0\u00bb]Bien s\u00fbr! Chez Isuarsivik, nous comprenons que les familles sont de toutes formes et de toutes tailles! Que vous souhaitiez vous inscrire avec votre partenaire, vos enfants, vos grands-parents, vos enfants en famille d&rsquo;accueil, vos oncles, vos tantes ou vos meilleurs amis, nous vous traiterons comme une unit\u00e9 familiale au centre.[\/vc_toggle][vc_toggle title=\u00a0\u00bbPourquoi dois-je remplir un formulaire m\u00e9dical ?\u00a0\u00bb style=\u00a0\u00bbrounded_outline\u00a0\u00bb css=\u00a0\u00bb.vc_custom_1686239050959{padding-top: 30px !important;padding-bottom: 30px !important;padding-left: 20px !important;background-color: #f8f8f5 !important;border-radius: 20px !important;}\u00a0\u00bb]Si vous postulez pour le programme interne de 8 semaines, de nombreuses activit\u00e9s vous demanderont de participer physiquement, mentalement et \u00e9motionnellement pendant votre s\u00e9jour. Il est important que nous sachions si vous avez des probl\u00e8mes physiques tels que des blessures, des probl\u00e8mes de mobilit\u00e9 ou des allergies, afin que nous puissions planifier \u00e0 l&rsquo;avance les mesures \u00e0 prendre. Il est \u00e9galement important que nous sachions si vous prenez des m\u00e9dicaments ou si vous souffrez de troubles mentaux ou de sympt\u00f4mes pr\u00e9existants, afin que nous puissions adapter le programme \u00e0 vos besoins! C&rsquo;est pour notre s\u00e9curit\u00e9 et la v\u00f4tre![\/vc_toggle][vc_toggle title=\u00a0\u00bbSuis-je automatiquement accept\u00e9 une fois que j&rsquo;ai d\u00e9pos\u00e9 ma candidature ? Comment savoir si je suis accept\u00e9 ?\u00a0\u00bb style=\u00a0\u00bbrounded_outline\u00a0\u00bb css=\u00a0\u00bb.vc_custom_1686066734286{padding-top: 30px !important;padding-bottom: 30px !important;padding-left: 20px !important;background-color: #f8f8f5 !important;border-radius: 20px !important;}\u00a0\u00bb]L&rsquo;inscription au programme est la premi\u00e8re \u00e9tape pour participer au programme interne, mais il peut y avoir des personnes sur la liste d&rsquo;attente qui se sont inscrites avant vous. Nous devons \u00e9galement prendre en compte et traiter toutes les informations que vous nous avez fournies et il y a encore quelques \u00e9tapes \u00e0 franchir avant votre arriv\u00e9e. Nous n&rsquo;acceptons pas automatiquement les personnes pour ces raisons. Lorsque vous serez accept\u00e9 dans le programme, nous vous contacterons, vous ou votre r\u00e9f\u00e9rent, par t\u00e9l\u00e9phone ou par courrier \u00e9lectronique. Nous vous enverrons \u00e9galement une lettre officielle d&rsquo;acceptation.[\/vc_toggle][vc_toggle title=\u00a0\u00bbJ&rsquo;ai des conditions pour assister \u00e0 Isuarsivik. Suis-je automatiquement accept\u00e9 ?\u00a0\u00bb style=\u00a0\u00bbrounded_outline\u00a0\u00bb css=\u00a0\u00bb.vc_custom_1686066753139{padding-top: 30px !important;padding-bottom: 30px !important;padding-left: 20px !important;background-color: #f8f8f5 !important;border-radius: 20px !important;}\u00a0\u00bb]Isuarsivik n&rsquo;est pas oblig\u00e9 d&rsquo;accepter des personnes dans son programme, m\u00eame si elles sont oblig\u00e9es d&rsquo;y participer. Si vous pr\u00e9sentez une demande assortie de conditions, votre demande sera examin\u00e9e de la m\u00eame mani\u00e8re que celle de tous les autres candidats. Nous travaillerons avec vous et votre avocat ou votre agent de probation pour assurer une transition en douceur. Nous sommes d\u00e9sormais en mesure de proposer des s\u00e9ances de conseil individuel par le biais de visio si vous purgez une peine dans une institution.[\/vc_toggle][vc_toggle title=\u00a0\u00bbY a-t-il une liste d&rsquo;attente pour participer au programme ? Comment d\u00e9cidez-vous qui est prioritaire ?\u00a0\u00bb style=\u00a0\u00bbrounded_outline\u00a0\u00bb css=\u00a0\u00bb.vc_custom_1686066770338{padding-top: 30px !important;padding-bottom: 30px !important;padding-left: 20px !important;background-color: #f8f8f5 !important;border-radius: 20px !important;}\u00a0\u00bb]\u00c0 Isuarsivik, nous recevons de nombreuses demandes d&rsquo;inscription \u00e0 notre programme et, pour garantir une prise en compte \u00e9quitable de tous les candidats, nous \u00e9tablissons un ordre de priorit\u00e9 en fonction de la date de leur demande. Nous donnons \u00e9galement la priorit\u00e9 aux personnes \u00e0 haut risque telles que les femmes enceintes, les personnes souffrant de graves complications physiques dues \u00e0 la consommation d&rsquo;alcool ou de drogues (cirrhose du foie, etc.), les populations vuln\u00e9rables (personnes fuyant la violence domestique, sans-abri, etc.).[\/vc_toggle][vc_toggle title=\u00a0\u00bbJe souhaite parler \u00e0 quelqu&rsquo;un, mais je ne suis pas pr\u00eat \u00e0 m&rsquo;engager dans un programme de 8 semaines. Ai-je d&rsquo;autres options ?\u00a0\u00bb style=\u00a0\u00bbrounded_outline\u00a0\u00bb css=\u00a0\u00bb.vc_custom_1686066786242{padding-top: 30px !important;padding-bottom: 30px !important;padding-left: 20px !important;background-color: #f8f8f5 !important;border-radius: 20px !important;}\u00a0\u00bb]Ne vous inqui\u00e9tez pas! \u00c0 Isuarsivik, nous comprenons que le changement se fait graduellement et que tout le monde n&rsquo;est pas pr\u00eat ou capable de suivre un programme interne de huit semaines. Nous offrons maintenant une vari\u00e9t\u00e9 de services communautaires tels que des conseils individuels (en personne ou \u00e0 distance) et des groupes de soutien communautaire.[\/vc_toggle][vc_toggle title=\u00a0\u00bbProposez-vous des services en Inuktitut ?\u00a0\u00bb style=\u00a0\u00bbrounded_outline\u00a0\u00bb css=\u00a0\u00bb.vc_custom_1686239755556{padding-top: 30px !important;padding-bottom: 30px !important;padding-left: 20px !important;background-color: #f8f8f5 !important;border-radius: 20px !important;}\u00a0\u00bb]Oui! Nous sommes en mesure d&rsquo;offrir des services en anglais, en inuktitut et en fran\u00e7ais. Laissez nous savoir la langue dans laquelle vous vous sentez le plus \u00e0 l&rsquo;aise et nous veillerons \u00e0 ce que vous soyez mis en relation avec un conseiller qui pourra vous satisfaire.[\/vc_toggle][vc_toggle title=\u00a0\u00bbDois-je \u00eatre sobre pour avoir acc\u00e8s aux aides communautaires ?\u00a0\u00bb style=\u00a0\u00bbrounded_outline\u00a0\u00bb css=\u00a0\u00bb.vc_custom_1686066823310{padding-top: 30px !important;padding-bottom: 30px !important;padding-left: 20px !important;background-color: #f8f8f5 !important;border-radius: 20px !important;}\u00a0\u00bb]Le programme de 8 semaines dans le centre exige la sobri\u00e9t\u00e9 pendant ces 8 semaines, mais il n&rsquo;est pas n\u00e9cessaire d&rsquo;\u00eatre sobre pour avoir acc\u00e8s aux soutiens communautaires. Nous vous demandons cependant d&rsquo;\u00eatre sobre lorsque vous vous pr\u00e9sentez \u00e0 des groupes de soutien communautaire ou \u00e0 des s\u00e9ances de conseil programm\u00e9es. Si un conseiller soup\u00e7onne que vous \u00eates sous l&rsquo;influence de l&rsquo;alcool, il vous fixera un autre rendez-vous \u00e0 un moment plus propice.[\/vc_toggle][vc_toggle title=\u00a0\u00bbJe ne me sens pas \u00e0 l&rsquo;aise pour consulter mon conseiller communautaire parce qu&rsquo;il est trop proche de moi ou de ma situation, parce que nous avons des ant\u00e9c\u00e9dents, ou pour d&rsquo;autres raisons. Que puis-je faire ?\u00a0\u00bb style=\u00a0\u00bbrounded_outline\u00a0\u00bb css=\u00a0\u00bb.vc_custom_1686066842213{padding-top: 30px !important;padding-bottom: 30px !important;padding-left: 20px !important;background-color: #f8f8f5 !important;border-radius: 20px !important;}\u00a0\u00bb]\u00c0 Isuarsivik, nous comprenons que le travail avec un conseiller n\u00e9cessite la confiance des deux parties pour se sentir \u00e0 l&rsquo;aise. Si c&rsquo;est votre cas, veuillez nous en informer imm\u00e9diatement et nous pourrons vous mettre en contact avec un autre conseiller.[\/vc_toggle][vc_toggle title=\u00a0\u00bbComment se rendre \u00e0 Kuujjuaq ? Dois-je payer ?\u00a0\u00bb style=\u00a0\u00bbrounded_outline\u00a0\u00bb css=\u00a0\u00bb.vc_custom_1686066855346{padding-top: 30px !important;padding-bottom: 30px !important;padding-left: 20px !important;background-color: #f8f8f5 !important;border-radius: 20px !important;}\u00a0\u00bb]Vous pouvez r\u00e9server vos propres billets si vous le souhaitez, mais vous pouvez \u00e9galement le faire gratuitement aupr\u00e8s des services sociaux de votre r\u00e9gion. Vous devez apporter votre lettre d&rsquo;acceptation officielle avec vos dates de voyage et les informer que vous vous rendez \u00e0 Isuarsivik.[\/vc_toggle][vc_toggle title=\u00a0\u00bbPuis-je travailler pendant le programme ? Comment recevoir une aide financi\u00e8re ?\u00a0\u00bb style=\u00a0\u00bbrounded_outline\u00a0\u00bb css=\u00a0\u00bb.vc_custom_1686066876935{padding-top: 30px !important;padding-bottom: 30px !important;padding-left: 20px !important;background-color: #f8f8f5 !important;border-radius: 20px !important;}\u00a0\u00bb]Le programme de 8 semaines dans l&rsquo;entreprise est un programme \u00e0 temps plein et intensif qui exige une participation physique et mentale totale, de sorte qu&rsquo;il n&rsquo;est malheureusement pas possible de travailler pendant le programme. Toutefois, vous pouvez b\u00e9n\u00e9ficier d&rsquo;une aide financi\u00e8re dans le cadre des prestations de sant\u00e9 de votre employeur. Demandez \u00e0 votre employeur de vous fournir les formulaires \u00e0 remplir. Isuarsivik peut fournir la preuve requise que vous participez au programme.[\/vc_toggle][\/vc_column][\/vc_row]<\/p>\n<\/div>","protected":false},"excerpt":{"rendered":"<p>[vc_row css=\u00a0\u00bb.vc_custom_1686079984792{margin-bottom: 5% !important;padding-top: 50px !important;background-color: #f8f8f5 !important;background-position: 0 0 !important;background-repeat: repeat !important;}\u00a0\u00bb el_id=\u00a0\u00bbprogram\u00a0\u00bb][vc_column parallax=\u00a0\u00bbcontent-moving\u00a0\u00bb width=\u00a0\u00bb7\/12&Prime; font_color=\u00a0\u00bb#454040&Prime; offset=\u00a0\u00bbvc_col-xs-12&Prime; css=\u00a0\u00bb.vc_custom_1684413451471{padding-bottom: 40px !important;background-image: url(https:\/\/isuarsivik.ca\/wp-content\/uploads\/2022\/01\/shape-1.png?id=12080) !important;background-position: 0 0 !important;background-repeat: no-repeat !important;}\u00a0\u00bb][vc_column_text css=\u00a0\u00bb.vc_custom_1744899123057{padding-bottom: 40px !important;}\u00a0\u00bb] S&rsquo;inscrire \u00e0 nos services Les services d\u2019Isuarsivik sont flexibles &hellip; <a href=\"https:\/\/isuarsivik.ca\/fr\/sinscrire\/\">Continue reading <span class=\"meta-nav\">&rarr;<\/span><\/a><\/p>\n","protected":false},"author":9,"featured_media":0,"parent":0,"menu_order":0,"comment_status":"closed","ping_status":"closed","template":"page-templates\/fullwidth-template.php","meta":{"footnotes":""},"wf_page_folders":[257],"class_list":["post-16959","page","type-page","status-publish","hentry"],"_links":{"self":[{"href":"https:\/\/isuarsivik.ca\/fr\/wp-json\/wp\/v2\/pages\/16959","targetHints":{"allow":["GET"]}}],"collection":[{"href":"https:\/\/isuarsivik.ca\/fr\/wp-json\/wp\/v2\/pages"}],"about":[{"href":"https:\/\/isuarsivik.ca\/fr\/wp-json\/wp\/v2\/types\/page"}],"author":[{"embeddable":true,"href":"https:\/\/isuarsivik.ca\/fr\/wp-json\/wp\/v2\/users\/9"}],"replies":[{"embeddable":true,"href":"https:\/\/isuarsivik.ca\/fr\/wp-json\/wp\/v2\/comments?post=16959"}],"version-history":[{"count":21,"href":"https:\/\/isuarsivik.ca\/fr\/wp-json\/wp\/v2\/pages\/16959\/revisions"}],"predecessor-version":[{"id":24576,"href":"https:\/\/isuarsivik.ca\/fr\/wp-json\/wp\/v2\/pages\/16959\/revisions\/24576"}],"wp:attachment":[{"href":"https:\/\/isuarsivik.ca\/fr\/wp-json\/wp\/v2\/media?parent=16959"}],"wp:term":[{"taxonomy":"wf_page_folders","embeddable":true,"href":"https:\/\/isuarsivik.ca\/fr\/wp-json\/wp\/v2\/wf_page_folders?post=16959"}],"curies":[{"name":"wp","href":"https:\/\/api.w.org\/{rel}","templated":true}]}}