{"id":16832,"date":"2023-06-07T11:11:55","date_gmt":"2023-06-07T15:11:55","guid":{"rendered":"https:\/\/isuarsivik.ca\/?page_id=16832"},"modified":"2023-06-21T07:53:12","modified_gmt":"2023-06-21T11:53:12","slug":"prix","status":"publish","type":"page","link":"https:\/\/isuarsivik.ca\/fr\/prix\/","title":{"rendered":"Prix et distinctions"},"content":{"rendered":"<div class=\"wpb-content-wrapper\"><p>[vc_row css=\u00a0\u00bb.vc_custom_1685465187795{padding-top: 5% !important;background-color: #f8f8f5 !important;background-position: 0 0 !important;background-repeat: repeat !important;}\u00a0\u00bb][vc_column parallax=\u00a0\u00bbcontent-moving\u00a0\u00bb font_color=\u00a0\u00bb#ffffff\u00a0\u00bb offset=\u00a0\u00bbvc_col-xs-12&Prime; css=\u00a0\u00bb.vc_custom_1685465175898{background-image: url(https:\/\/isuarsivik.ca\/wp-content\/uploads\/2022\/01\/shape-1.png?id=12080) !important;background-position: 0 0 !important;background-repeat: no-repeat !important;}\u00a0\u00bb][vc_column_text css=\u00a0\u00bb.vc_custom_1686060504073{padding-bottom: 5% !important;}\u00a0\u00bb]<\/p>\n<h1 class=\"h1\">Nos prix et<br \/>\nDistinction<\/h1>\n<p>[\/vc_column_text][\/vc_column][\/vc_row][vc_row gap=\u00a0\u00bb35&Prime; css=\u00a0\u00bb.vc_custom_1684186608858{margin-top: 5% !important;}\u00a0\u00bb][vc_column width=\u00a0\u00bb5\/12&Prime; css=\u00a0\u00bb.vc_custom_1684186414058{margin-bottom: 20px !important;}\u00a0\u00bb][vc_column_text css=\u00a0\u00bb.vc_custom_1684186405874{padding-bottom: 20px !important;}\u00a0\u00bb]<\/p>\n<h4>Agr\u00e9ment Canada<\/h4>\n<p>[\/vc_column_text][vc_single_image image=\u00a0\u00bb16877&Prime; img_size=\u00a0\u00bb280&#215;90&Prime; onclick=\u00a0\u00bbcustom_link\u00a0\u00bb img_link_target=\u00a0\u00bb_blank\u00a0\u00bb link=\u00a0\u00bbhttps:\/\/accreditation.ca\/\u00a0\u00bb][\/vc_column][vc_column width=\u00a0\u00bb7\/12&Prime;][vc_column_text]<a href=\"https:\/\/accreditation.ca\/\">Agr\u00e9ment Canada<\/a> est une organisation ind\u00e9pendante \u00e0 but non lucratif qui \u00e9tablit les normes et les meilleures pratiques utilis\u00e9es et valid\u00e9es dans le domaine des services sociaux et de soins de sant\u00e9 partout dans le monde.<\/p>\n<p>R\u00e9compens\u00e9 en 2017 dans le cadre du Programme d\u2019agr\u00e9ment de base, Isuarsivik a particip\u00e9 \u00e0 une auto-\u00e9valuation compl\u00e8te du Centre en mai 2019. Ainsi, des expert(e)s externes ont men\u00e9 une visite d\u00e9taill\u00e9e au cours de laquelle ils et elles ont \u00e9valu\u00e9 la qualit\u00e9 de la direction, de la gouvernance, des programmes cliniques et des services par rapport aux normes de qualit\u00e9 et s\u00e9curit\u00e9 d\u2019Agr\u00e9ment Canada. Ces exigences comprennent des normes nationales d\u2019excellence et des proc\u00e9dures essentielles de s\u00e9curit\u00e9 pour r\u00e9duire les m\u00e9faits possibles ainsi que des questionnaires pour \u00e9valuer l\u2019environnement de travail, le contr\u00f4le de s\u00e9curit\u00e9 des usagers.\u00e8res, le fonctionnement de la gouvernance et l\u2019exp\u00e9rience g\u00e9n\u00e9rale des usagers.\u00e8res.<\/p>\n<p>En 2019, Isuarsivik a termin\u00e9 avec succ\u00e8s les d\u00e9marches d\u2019Agr\u00e9ment Canada et a donc acquis l\u2019Accr\u00e9ditation internationale Qmentum.<\/p>\n<p>C\u2019est la premi\u00e8re fois qu\u2019une organisation du Nunavik \u0153uvrant dans le domaine de la sant\u00e9 et des services sociaux se voit remettre la distinction du Programme d\u2019agr\u00e9ment Qmentum qui honore les meilleures pratiques de l\u2019industrie en mati\u00e8re de qualit\u00e9 et de s\u00e9curit\u00e9.[\/vc_column_text][\/vc_column][\/vc_row][vc_row][vc_column css=\u00a0\u00bb.vc_custom_1686124408962{margin-top: 50px !important;margin-bottom: 50px !important;}\u00a0\u00bb][vc_raw_html]JTNDaHIlMjBzdHlsZSUzRCUyMmJvcmRlci10b3AlM0FkYXNoZWQlMjAxcHglMjAlMjNDQzlBMkUlM0IlMjIlM0U=[\/vc_raw_html][\/vc_column][\/vc_row][vc_row gap=\u00a0\u00bb35&Prime;][vc_column width=\u00a0\u00bb5\/12&Prime; css=\u00a0\u00bb.vc_custom_1684186420208{margin-bottom: 20px !important;}\u00a0\u00bb][vc_column_text]<\/p>\n<h4>Prix Inspiration Arctique 2021<\/h4>\n<p>[\/vc_column_text][\/vc_column][vc_column width=\u00a0\u00bb7\/12&Prime;][vc_column_text css=\u00a0\u00bb.vc_custom_1686060558145{margin-bottom: 50px !important;}\u00a0\u00bb]C\u2019est avec humilit\u00e9 et honneur que le Centre r\u00e9gional de r\u00e9tablissement Isuarsivik a accueilli le titre de R\u00e9cipiendaire du Prix Inspiration Arctique (PIA) 2021 dans la cat\u00e9gorie 1 million $ pour son projet Ilagiitigut anngiangijaqatigiinnirq ilurqusivuttigut, lequel signifie \u00abLa famille au c\u0153ur du processus de gu\u00e9rison\u00bb en Inuktitut. Le projet propose d\u2019aborder la toxicomanie en mettant l\u2019accent sur la revendication de l\u2019identit\u00e9 et de la culture inuites et la connexion avec le territoire. Le programme offrira la possibilit\u00e9 aux familles de gu\u00e9rir ensemble. C\u2019est donc dire que les valeurs inuites et les pratiques traditionnelles seront au c\u0153ur des programmes et services qui seront offert aux familles dans le nouveau centre Isuarsivik depuis 2023.<\/p>\n<p>Reconnu dans toute la r\u00e9gion du Nunavik, le projet Ilagiitigut anngiangijaqatigiinnirq ilurqusivuttigut a \u00e9t\u00e9 officiellement soutenu par Christine Barnard, directrice de ArcticNet, et par diverses organisations :[\/vc_column_text][vc_video link=\u00a0\u00bbhttps:\/\/www.youtube.com\/watch?v=mfX8TQrB8pQ\u00a0\u00bb css=\u00a0\u00bb.vc_custom_1684092308028{margin-bottom: 50px !important;}\u00a0\u00bb][vc_column_text el_class=\u00a0\u00bbtwo-column\u00a0\u00bb css=\u00a0\u00bb.vc_custom_1686060792749{padding-bottom: 30px !important;}\u00a0\u00bb]<\/p>\n<ul>\n<li>Denis Lamothe, gouvernement du Qu\u00e9bec<\/li>\n<li>Pita Aatami, Makivik Corporation<\/li>\n<li>Jennifer Munick, Administration r\u00e9gionale Kativik<\/li>\n<li>Minnie Grey, R\u00e9gie r\u00e9gionale de la sant\u00e9 et des services sociaux<\/li>\n<li>Larry Watt, Centre de sant\u00e9 Tulattavik de l\u2019Ungava<\/li>\n<li>Rosena Emak, Conseil jeunesse Qarjuit<\/li>\n<li>Minnie Molly Snowball, Qarmaapik<\/li>\n<li>Aileen MacKinnon, Saqijuq<\/li>\n<li>Feu Sammy Koneak, maire sortant de Kuujjuaq<\/li>\n<\/ul>\n<p>[\/vc_column_text][vc_column_text]Ilagiitigut anngiangijaqatigiinnirq ilurqusivuttigut est le 5<sup>\u00e8me<\/sup> projet en provenance du Nunavik \u00e0 \u00eatre r\u00e9compens\u00e9 par le Prix Inspiration Arctique, et le tout premier \u00e0 recevoir le grand prix de 1 million $.[\/vc_column_text][\/vc_column][\/vc_row][vc_row][vc_column css=\u00a0\u00bb.vc_custom_1686124417878{margin-top: 50px !important;margin-bottom: 50px !important;}\u00a0\u00bb][vc_raw_html]JTNDaHIlMjBzdHlsZSUzRCUyMmJvcmRlci10b3AlM0FkYXNoZWQlMjAxcHglMjAlMjNDQzlBMkUlM0IlMjIlM0U=[\/vc_raw_html][\/vc_column][\/vc_row][vc_row gap=\u00a0\u00bb35&Prime;][vc_column width=\u00a0\u00bb5\/12&Prime; css=\u00a0\u00bb.vc_custom_1684186427063{margin-bottom: 20px !important;}\u00a0\u00bb][vc_column_text]<\/p>\n<h4>Prix d\u2019excellence<\/h4>\n<p>du minist\u00e8re de la Sant\u00e9 et des Services sociaux<br \/>\ndu gouvernement du Qu\u00e9bec[\/vc_column_text][\/vc_column][vc_column width=\u00a0\u00bb7\/12&Prime;][vc_column_text css=\u00a0\u00bb.vc_custom_1686060689672{margin-bottom: 50px !important;}\u00a0\u00bb]Fin 2021, le Centre r\u00e9gional de r\u00e9tablissement Isuarsivik a re\u00e7u le Coup de c\u0153ur des ministres pour le R\u00e9seau des organismes communautaires 2020, dans le cadre du Prix d\u2019excellence du r\u00e9seau de la sant\u00e9 et des services sociaux. Chaque ann\u00e9e, le minist\u00e8re de la Sant\u00e9 et des Services sociaux du Qu\u00e9bec (MSSS) reconna\u00eet la contribution exceptionnelle d\u2019organismes du secteur de la sant\u00e9 et des services communautaires en d\u00e9cernant des prix d\u2019excellence. Le prix le plus respect\u00e9 est le Coup de c\u0153ur des ministres, R\u00e9seau des organismes communautaires qui, cette ann\u00e9e, a \u00e9t\u00e9 d\u00e9cern\u00e9 \u00e0 Isuarsivik. Il s\u2019agit d\u2019une premi\u00e8re pour un organisme du Nunavik et Isuarsivik l\u2019a c\u00e9l\u00e9br\u00e9 le 10 d\u00e9cembre lors d\u2019une c\u00e9r\u00e9monie intime (dans le respect des mesures sanitaires r\u00e9gionales). La R\u00e9gie r\u00e9gionale de la sant\u00e9 et des services sociaux du Nunavik (RRSSSN) a \u00e9t\u00e9 mandat\u00e9e pour remettre le prix \u00e0 Isuarsivik au nom du MSSS. .[\/vc_column_text][vc_video link=\u00a0\u00bbhttps:\/\/www.youtube.com\/watch?v=c3GQbE2DK8g\u00a0\u00bb css=\u00a0\u00bb.vc_custom_1684093067163{border-radius: 20px !important;}\u00a0\u00bb][\/vc_column][\/vc_row][vc_row][vc_column css=\u00a0\u00bb.vc_custom_1686124427360{margin-top: 50px !important;margin-bottom: 50px !important;}\u00a0\u00bb][vc_raw_html]JTNDaHIlMjBzdHlsZSUzRCUyMmJvcmRlci10b3AlM0FkYXNoZWQlMjAxcHglMjAlMjNDQzlBMkUlM0IlMjIlM0U=[\/vc_raw_html][\/vc_column][\/vc_row][vc_row gap=\u00a0\u00bb35&Prime; css=\u00a0\u00bb.vc_custom_1684092656359{margin-bottom: 100px !important;}\u00a0\u00bb][vc_column width=\u00a0\u00bb5\/12&Prime; css=\u00a0\u00bb.vc_custom_1684186432464{margin-bottom: 20px !important;}\u00a0\u00bb][vc_column_text]<\/p>\n<h4>Minist\u00e8re de la S\u00e9curit\u00e9 publique du Qu\u00e9bec<\/h4>\n<p>[\/vc_column_text][\/vc_column][vc_column width=\u00a0\u00bb7\/12&Prime;][vc_column_text]En 2019, le Centre r\u00e9gional de r\u00e9tablissement Isuarsivik s\u2019est vu octroyer la certification officielle du minist\u00e8re de la S\u00e9curit\u00e9 publique. Le Centre figure maintenant sur la \u00ab Liste des organismes priv\u00e9s ou communautaires intervenant en toxicomanie et offrant de l\u2019h\u00e9bergement reconnu par les services correctionnels \u00bb avec une quarantaine d\u2019autres organismes. Cette attestation longtemps attendue positionne le Centre comme une institution reconnue et sp\u00e9cialis\u00e9e dans la r\u00e9gion. Les agent(e)s de probation de m\u00eame que les centres de d\u00e9tention de partout dans la province peuvent dor\u00e9navant recommander des usager(e)s potentiel(e)s au Centre.[\/vc_column_text][\/vc_column][\/vc_row]<\/p>\n<\/div>","protected":false},"excerpt":{"rendered":"<p>[vc_row css=\u00a0\u00bb.vc_custom_1685465187795{padding-top: 5% !important;background-color: #f8f8f5 !important;background-position: 0 0 !important;background-repeat: repeat !important;}\u00a0\u00bb][vc_column parallax=\u00a0\u00bbcontent-moving\u00a0\u00bb font_color=\u00a0\u00bb#ffffff\u00a0\u00bb offset=\u00a0\u00bbvc_col-xs-12&Prime; css=\u00a0\u00bb.vc_custom_1685465175898{background-image: url(https:\/\/isuarsivik.ca\/wp-content\/uploads\/2022\/01\/shape-1.png?id=12080) !important;background-position: 0 0 !important;background-repeat: no-repeat !important;}\u00a0\u00bb][vc_column_text css=\u00a0\u00bb.vc_custom_1686060504073{padding-bottom: 5% !important;}\u00a0\u00bb] Nos prix et Distinction [\/vc_column_text][\/vc_column][\/vc_row][vc_row gap=\u00a0\u00bb35&Prime; css=\u00a0\u00bb.vc_custom_1684186608858{margin-top: 5% !important;}\u00a0\u00bb][vc_column width=\u00a0\u00bb5\/12&Prime; css=\u00a0\u00bb.vc_custom_1684186414058{margin-bottom: 20px !important;}\u00a0\u00bb][vc_column_text css=\u00a0\u00bb.vc_custom_1684186405874{padding-bottom: 20px &hellip; <a href=\"https:\/\/isuarsivik.ca\/fr\/prix\/\">Continue reading <span class=\"meta-nav\">&rarr;<\/span><\/a><\/p>\n","protected":false},"author":9,"featured_media":0,"parent":0,"menu_order":0,"comment_status":"closed","ping_status":"closed","template":"page-templates\/fullwidth-template.php","meta":{"footnotes":""},"wf_page_folders":[266,257],"class_list":["post-16832","page","type-page","status-publish","hentry"],"_links":{"self":[{"href":"https:\/\/isuarsivik.ca\/fr\/wp-json\/wp\/v2\/pages\/16832","targetHints":{"allow":["GET"]}}],"collection":[{"href":"https:\/\/isuarsivik.ca\/fr\/wp-json\/wp\/v2\/pages"}],"about":[{"href":"https:\/\/isuarsivik.ca\/fr\/wp-json\/wp\/v2\/types\/page"}],"author":[{"embeddable":true,"href":"https:\/\/isuarsivik.ca\/fr\/wp-json\/wp\/v2\/users\/9"}],"replies":[{"embeddable":true,"href":"https:\/\/isuarsivik.ca\/fr\/wp-json\/wp\/v2\/comments?post=16832"}],"version-history":[{"count":0,"href":"https:\/\/isuarsivik.ca\/fr\/wp-json\/wp\/v2\/pages\/16832\/revisions"}],"wp:attachment":[{"href":"https:\/\/isuarsivik.ca\/fr\/wp-json\/wp\/v2\/media?parent=16832"}],"wp:term":[{"taxonomy":"wf_page_folders","embeddable":true,"href":"https:\/\/isuarsivik.ca\/fr\/wp-json\/wp\/v2\/wf_page_folders?post=16832"}],"curies":[{"name":"wp","href":"https:\/\/api.w.org\/{rel}","templated":true}]}}