{"id":16583,"date":"2023-06-07T12:29:49","date_gmt":"2023-06-07T16:29:49","guid":{"rendered":"https:\/\/isuarsivik.ca\/?page_id=16583"},"modified":"2025-04-07T04:32:37","modified_gmt":"2025-04-07T08:32:37","slug":"zoneusagers","status":"publish","type":"page","link":"https:\/\/isuarsivik.ca\/fr\/zoneusagers\/","title":{"rendered":"Zone des usager(\u00e8re)s"},"content":{"rendered":"<div class=\"wpb-content-wrapper\"><p>[vc_row css=\u00a0\u00bb.vc_custom_1688993591643{padding-top: 50px !important;background-color: #f8f8f5 !important;background-position: 0 0 !important;background-repeat: repeat !important;}\u00a0\u00bb][vc_column parallax=\u00a0\u00bbcontent-moving\u00a0\u00bb font_color=\u00a0\u00bb#ffffff\u00a0\u00bb offset=\u00a0\u00bbvc_col-xs-12&Prime; css=\u00a0\u00bb.vc_custom_1683718952968{padding-bottom: 40px !important;background-image: url(https:\/\/isuarsivik.ca\/wp-content\/uploads\/2022\/01\/shape-1.png?id=12080) !important;background-position: 0 0 !important;background-repeat: no-repeat !important;}\u00a0\u00bb][vc_column_text css=\u00a0\u00bb.vc_custom_1683713281396{padding-bottom: 40px !important;}\u00a0\u00bb]<\/p>\n<h1 class=\"h1\">Pr\u00e9parez-vous!<\/h1>\n<p>[\/vc_column_text][vc_row_inner][vc_column_inner][vc_column_text]<\/p>\n<p class=\"body-large\" style=\"color: #584e4b;\">Nous sommes impatients et impatientes de vous accueillir dans nos nouvelles installations.<\/p>\n<p>[\/vc_column_text][\/vc_column_inner][\/vc_row_inner][\/vc_column][\/vc_row][vc_row full_width=\u00a0\u00bbstretch_row\u00a0\u00bb parallax=\u00a0\u00bbcontent-moving\u00a0\u00bb css=\u00a0\u00bb.vc_custom_1684241270109{margin-bottom: 100px !important;background-position: 0 0;background-repeat: repeat !important;}\u00a0\u00bb el_class=\u00a0\u00bbheader-gradient\u00a0\u00bb][vc_column parallax=\u00a0\u00bbcontent-moving\u00a0\u00bb font_color=\u00a0\u00bb#ffffff\u00a0\u00bb offset=\u00a0\u00bbvc_col-xs-12&Prime; css=\u00a0\u00bb.vc_custom_1683745769087{background-position: 0 0 !important;background-repeat: no-repeat !important;}\u00a0\u00bb][vc_video link=\u00a0\u00bbhttps:\/\/youtu.be\/zZqfFDl46Ug\u00a0\u00bb el_width=\u00a0\u00bb80&Prime; align=\u00a0\u00bbcenter\u00a0\u00bb css=\u00a0\u00bb\u00a0\u00bb][\/vc_column][\/vc_row][vc_row css=\u00a0\u00bb.vc_custom_1683746335715{margin-bottom: 100px !important;}\u00a0\u00bb][vc_column width=\u00a0\u00bb1\/2&Prime; font_color=\u00a0\u00bb#454040&Prime;][vc_column_text css=\u00a0\u00bb.vc_custom_1686082235047{margin-bottom: 50px !important;padding-right: 10% !important;}\u00a0\u00bb]<\/p>\n<h3>Que devez-vous apporter avec vous pour votre s\u00e9jour \u00e0 Isuarsivik?<\/h3>\n<p>[\/vc_column_text][vc_single_image image=\u00a0\u00bb16676&Prime; img_size=\u00a0\u00bblarge\u00a0\u00bb el_class=\u00a0\u00bbdisplay-desktop\u00a0\u00bb][\/vc_column][vc_column width=\u00a0\u00bb1\/2&Prime; font_color=\u00a0\u00bb#454040&Prime;][vc_column_text el_class=\u00a0\u00bbli-check\u00a0\u00bb]<\/p>\n<ul>\n<li>Tous m\u00e9dicaments prescrits pour 60 jours (vous pouvez demander des plaquettes alv\u00e9ol\u00e9es \u00e0 votre pharmacie)<\/li>\n<li>Tous m\u00e9dicaments en vente libre (Advil, Tylenol, m\u00e9dicaments contre la toux, etc.) dont vous pourriez avoir besoin.<\/li>\n<li>Articles de toilette (shampoing, savon, d\u00e9odorant, produits d\u2019hygi\u00e8ne f\u00e9minine, etc.)<\/li>\n<li>Produits d\u2019hygi\u00e8ne personnelle (s\u00e8che-cheveux, lotion, coupe-ongles, kit de rasage, etc.)<\/li>\n<li>Chaussures de course et de marche<\/li>\n<li>V\u00eatements de sport<\/li>\n<li>V\u00eatements et pyjamas<\/li>\n<li>Chaussures d\u2019int\u00e9rieur ou pantoufles<\/li>\n<li>Pi\u00e8ces d\u2019identit\u00e9 (carte de b\u00e9n\u00e9ficiaire et carte de sant\u00e9)<\/li>\n<li>Argent de poche<\/li>\n<li>Mat\u00e9riel de lecture<\/li>\n<li>Tout autre objet qui contribue \u00e0 votre confort!<\/li>\n<\/ul>\n<p>[\/vc_column_text][\/vc_column][\/vc_row][vc_row gap=\u00a0\u00bb30&Prime; content_placement=\u00a0\u00bbmiddle\u00a0\u00bb parallax=\u00a0\u00bbcontent-moving\u00a0\u00bb css=\u00a0\u00bb.vc_custom_1688993724759{margin-bottom: 150px !important;padding-top: 30px !important;padding-right: 30px !important;padding-bottom: 30px !important;padding-left: 30px !important;background-color: #f8f8f5 !important;border-radius: 20px !important;}\u00a0\u00bb el_class=\u00a0\u00bbsmall-contact-bloc\u00a0\u00bb][vc_column width=\u00a0\u00bb1\/4&Prime;][vc_single_image image=\u00a0\u00bb16482&Prime; img_size=\u00a0\u00bb165&#215;165&Prime; alignment=\u00a0\u00bbcenter\u00a0\u00bb][\/vc_column][vc_column width=\u00a0\u00bb3\/4&Prime; css=\u00a0\u00bb.vc_custom_1683747473447{padding-top: 20px !important;}\u00a0\u00bb][vc_column_text css=\u00a0\u00bb.vc_custom_1744012735031{margin-bottom: 20px !important;}\u00a0\u00bb]<\/p>\n<h4>\u00cates-vous nerveux(se) \u00e0 l\u2019id\u00e9e d\u2019\u00eatre accept\u00e9(e) \u00e0 Isuarsivik?<\/h4>\n<p>Notre \u00e9quipe d\u2019accueil est l\u00e0 pour vous.[\/vc_column_text][vc_column_text el_class=\u00a0\u00bbtwo-column\u00a0\u00bb]<a style=\"color: #cc9a2e; font-weight: 600;\" href=\"mailto:intake@isuarsivik.ca\"><i class=\"fa fa-xs fa-envelope\"><\/i> intake@isuarsivik.ca<\/a><\/p>\n<p style=\"color: #cc9a2e; font-weight: 600;\"><i class=\"fa fa-xs fa-phone\"><\/i> 819-964-2592 ext. 218<\/p>\n<p>[\/vc_column_text][\/vc_column][\/vc_row][vc_row gap=\u00a0\u00bb30&Prime; el_class=\u00a0\u00bbrow grid-divider\u00a0\u00bb css=\u00a0\u00bb.vc_custom_1683748032089{padding-top: 50px !important;padding-bottom: 100px !important;background-color: #f8f8f5 !important;}\u00a0\u00bb][vc_column css=\u00a0\u00bb.vc_custom_1684411423778{padding-top: 20px !important;}\u00a0\u00bb font_color=\u00a0\u00bb#454040&Prime;][vc_column_text css=\u00a0\u00bb.vc_custom_1684411480717{margin-bottom: 20px !important;}\u00a0\u00bb]<\/p>\n<h2 style=\"color: #454040;\">Le centre<\/h2>\n<p>[\/vc_column_text][vc_row_inner gap=\u00a0\u00bb30&Prime;][vc_column_inner width=\u00a0\u00bb1\/2&Prime;][vc_column_text el_class=\u00a0\u00bbbullet-list\u00a0\u00bb]L\u2019h\u00e9bergement comprend une salle de bain commune, un petit salon et une petite cuisine, en plus des \u00e9l\u00e9ments items suivants :<\/p>\n<ul class=\"two-column\">\n<li>Draps et couettes<\/li>\n<li>Serviettes de toilette<\/li>\n<li>Produits de nettoyage de base<\/li>\n<li>Papier hygi\u00e9nique et essuie-tout<\/li>\n<li>Fer et planche \u00e0 repasser<\/li>\n<li>R\u00e9veil matin avec radio<\/li>\n<li>Bouilloire<\/li>\n<li>Grille-pain<\/li>\n<li>Micro-ondes<\/li>\n<li>Mini-frigo<\/li>\n<li>Vaisselle<\/li>\n<li>Distributeurs de shampoing, d\u2019apr\u00e8s-shampoing et de gel douche<\/li>\n<li>T\u00e9l\u00e9phone<\/li>\n<li>Produits hygi\u00e9niques<\/li>\n<\/ul>\n<p>*Si vous avez besoin de quelque chose d\u2019autre, n\u2019h\u00e9sitez pas \u00e0 le demander! Nous gardons une r\u00e9serve de produits d\u2019hygi\u00e8ne de base, de produits menstruels d&rsquo;hygi\u00e8ne f\u00e9minine ou de produits pour b\u00e9b\u00e9s, au cas o\u00f9![\/vc_column_text][\/vc_column_inner][vc_column_inner width=\u00a0\u00bb1\/2&Prime;][vc_images_carousel images=\u00a0\u00bb17174,17147,17168,17171,17150,17180,17192,17204,17207,17201,17177&Prime; img_size=\u00a0\u00bbfull\u00a0\u00bb el_class=\u00a0\u00bbimg-carrousel\u00a0\u00bb][\/vc_column_inner][\/vc_row_inner][\/vc_column][\/vc_row]<\/p>\n<\/div>","protected":false},"excerpt":{"rendered":"<p>[vc_row css=\u00a0\u00bb.vc_custom_1688993591643{padding-top: 50px !important;background-color: #f8f8f5 !important;background-position: 0 0 !important;background-repeat: repeat !important;}\u00a0\u00bb][vc_column parallax=\u00a0\u00bbcontent-moving\u00a0\u00bb font_color=\u00a0\u00bb#ffffff\u00a0\u00bb offset=\u00a0\u00bbvc_col-xs-12&Prime; css=\u00a0\u00bb.vc_custom_1683718952968{padding-bottom: 40px !important;background-image: url(https:\/\/isuarsivik.ca\/wp-content\/uploads\/2022\/01\/shape-1.png?id=12080) !important;background-position: 0 0 !important;background-repeat: no-repeat !important;}\u00a0\u00bb][vc_column_text css=\u00a0\u00bb.vc_custom_1683713281396{padding-bottom: 40px !important;}\u00a0\u00bb] Pr\u00e9parez-vous! [\/vc_column_text][vc_row_inner][vc_column_inner][vc_column_text] Nous sommes impatients et impatientes de vous accueillir dans nos nouvelles &hellip; <a href=\"https:\/\/isuarsivik.ca\/fr\/zoneusagers\/\">Continue reading <span class=\"meta-nav\">&rarr;<\/span><\/a><\/p>\n","protected":false},"author":9,"featured_media":0,"parent":0,"menu_order":0,"comment_status":"closed","ping_status":"closed","template":"page-templates\/fullwidth-template.php","meta":{"footnotes":""},"wf_page_folders":[257],"class_list":["post-16583","page","type-page","status-publish","hentry"],"_links":{"self":[{"href":"https:\/\/isuarsivik.ca\/fr\/wp-json\/wp\/v2\/pages\/16583","targetHints":{"allow":["GET"]}}],"collection":[{"href":"https:\/\/isuarsivik.ca\/fr\/wp-json\/wp\/v2\/pages"}],"about":[{"href":"https:\/\/isuarsivik.ca\/fr\/wp-json\/wp\/v2\/types\/page"}],"author":[{"embeddable":true,"href":"https:\/\/isuarsivik.ca\/fr\/wp-json\/wp\/v2\/users\/9"}],"replies":[{"embeddable":true,"href":"https:\/\/isuarsivik.ca\/fr\/wp-json\/wp\/v2\/comments?post=16583"}],"version-history":[{"count":11,"href":"https:\/\/isuarsivik.ca\/fr\/wp-json\/wp\/v2\/pages\/16583\/revisions"}],"predecessor-version":[{"id":23877,"href":"https:\/\/isuarsivik.ca\/fr\/wp-json\/wp\/v2\/pages\/16583\/revisions\/23877"}],"wp:attachment":[{"href":"https:\/\/isuarsivik.ca\/fr\/wp-json\/wp\/v2\/media?parent=16583"}],"wp:term":[{"taxonomy":"wf_page_folders","embeddable":true,"href":"https:\/\/isuarsivik.ca\/fr\/wp-json\/wp\/v2\/wf_page_folders?post=16583"}],"curies":[{"name":"wp","href":"https:\/\/api.w.org\/{rel}","templated":true}]}}