{"id":16280,"date":"2023-06-07T13:45:07","date_gmt":"2023-06-07T17:45:07","guid":{"rendered":"https:\/\/isuarsivik.ca\/?page_id=16280"},"modified":"2025-04-23T14:15:50","modified_gmt":"2025-04-23T18:15:50","slug":"homepage-2023","status":"publish","type":"page","link":"https:\/\/isuarsivik.ca\/fr\/","title":{"rendered":"Accueil"},"content":{"rendered":"<div class=\"wpb-content-wrapper\"><p>[vc_row css_animation=\u00a0\u00bbnone\u00a0\u00bb css=\u00a0\u00bb.vc_custom_1685529973283{background-color: rgba(232,232,221,0.29) !important;background-position: 0 0 !important;background-repeat: no-repeat !important;*background-color: rgb(232,232,221) !important;}\u00a0\u00bb el_id=\u00a0\u00bbHero-banner\u00a0\u00bb el_class=\u00a0\u00bbHero-banner\u00a0\u00bb][vc_column css_animation=\u00a0\u00bbfadeIn\u00a0\u00bb el_class=\u00a0\u00bbhero-img\u00a0\u00bb offset=\u00a0\u00bbvc_hidden-lg vc_hidden-md\u00a0\u00bb css=\u00a0\u00bb.vc_custom_1685530013117{padding-top: 4% !important;padding-bottom: 8% !important;}\u00a0\u00bb][vc_single_image image=\u00a0\u00bb23827&Prime; img_size=\u00a0\u00bbmedium\u00a0\u00bb alignment=\u00a0\u00bbcenter\u00a0\u00bb css_animation=\u00a0\u00bbnone\u00a0\u00bb css=\u00a0\u00bb\u00a0\u00bb][\/vc_column][\/vc_row][vc_row css_animation=\u00a0\u00bbnone\u00a0\u00bb css=\u00a0\u00bb.vc_custom_1643665307589{padding-top: 4% !important;padding-bottom: 8% !important;background-color: rgba(232,232,221,0.29) !important;background-position: 0 0 !important;background-repeat: no-repeat !important;*background-color: rgb(232,232,221) !important;}\u00a0\u00bb el_class=\u00a0\u00bbHero-banner\u00a0\u00bb][vc_column css_animation=\u00a0\u00bbfadeIn\u00a0\u00bb width=\u00a0\u00bb6\/12&Prime; font_color=\u00a0\u00bb#ffffff\u00a0\u00bb css=\u00a0\u00bb.vc_custom_1684434384066{background-image: url(https:\/\/isuarsivik.ca\/wp-content\/uploads\/2022\/01\/shape-1.png?id=12080) !important;background-position: 0 0 !important;background-repeat: no-repeat !important;}\u00a0\u00bb offset=\u00a0\u00bbvc_col-xs-12&Prime; el_class=\u00a0\u00bbhero-txt\u00a0\u00bb][vc_column_text css=\u00a0\u00bb.vc_custom_1710491509379{padding-right: -15% !important;}\u00a0\u00bb]<\/p>\n<h1 class=\"homepage\" style=\"color: #584e4b; font-size: 82px; text-transform: none; line-height: 110%;\">Le centre de r\u00e9tablissement du Nunavik<\/h1>\n<p>[\/vc_column_text][vc_column_text css=\u00a0\u00bb.vc_custom_1744142611250{margin-right: 10% !important;}\u00a0\u00bb]<\/p>\n<p style=\"font-family: 'Montserrat'; font-size: 18px; color: #454040; text-align: left;\">30 ans d\u2019exp\u00e9rience dans le r\u00e9tablissement par la culture pour les Nunavimmiut<\/p>\n<p>[\/vc_column_text][vc_btn title=\u00a0\u00bb\u00c0 propos\u00a0\u00bb style=\u00a0\u00bbcustom\u00a0\u00bb custom_background=\u00a0\u00bb#454545&Prime; custom_text=\u00a0\u00bb#ffffff\u00a0\u00bb shape=\u00a0\u00bbround\u00a0\u00bb link=\u00a0\u00bburl:https%3A%2F%2Fisuarsivik.ca%2Ffr%2Fvisionmissionvaleurs%2F|title:Vision%2C%20mission%2C%20et%20valeurs|\u00a0\u00bb el_class=\u00a0\u00bbbutton-2023&Prime;][vc_column_text css=\u00a0\u00bb.vc_custom_1688992131793{margin-top: 30px !important;}\u00a0\u00bb el_class=\u00a0\u00bbscroll-down\u00a0\u00bb]<\/p>\n<div id=\"scroll-down\"><img decoding=\"async\" src=\"https:\/\/isuarsivik.ca\/wp-content\/uploads\/2022\/01\/Icon-scroll.png\" alt=\"\" \/><br \/>\n<a href=\"\/#program\">Faire d\u00e9filer<\/a><\/div>\n<p>[\/vc_column_text][\/vc_column][vc_column css_animation=\u00a0\u00bbfadeIn\u00a0\u00bb width=\u00a0\u00bb6\/12&Prime; el_class=\u00a0\u00bbhero-img\u00a0\u00bb offset=\u00a0\u00bbvc_hidden-sm vc_hidden-xs\u00a0\u00bb][vc_single_image image=\u00a0\u00bb23827&Prime; img_size=\u00a0\u00bbfull\u00a0\u00bb alignment=\u00a0\u00bbcenter\u00a0\u00bb css_animation=\u00a0\u00bbnone\u00a0\u00bb css=\u00a0\u00bb.vc_custom_1743969969759{padding-right: -10% !important;}\u00a0\u00bb][\/vc_column][\/vc_row][vc_row el_class=\u00a0\u00bbheader-gradient\u00a0\u00bb][vc_column][vc_row_inner content_placement=\u00a0\u00bbmiddle\u00a0\u00bb gap=\u00a0\u00bb35&Prime; css=\u00a0\u00bb.vc_custom_1744627497862{padding-top: 50px !important;padding-right: 50px !important;padding-bottom: 50px !important;padding-left: 50px !important;background-color: #E8E8DD !important;border-radius: 35px !important;}\u00a0\u00bb][vc_column_inner width=\u00a0\u00bb1\/3&Prime;][vc_column_text css=\u00a0\u00bb.vc_custom_1744627412162{padding-right: 10% !important;}\u00a0\u00bb]<\/p>\n<h3 style=\"padding-bottom: 30px; color: #454040;\">D\u00e9couvrez notre approche unique de r\u00e9tablissement<\/h3>\n<p><img loading=\"lazy\" decoding=\"async\" class=\"size-full wp-image-17405 alignleft\" src=\"https:\/\/isuarsivik.ca\/wp-content\/uploads\/2023\/05\/Fleche-large-right.png\" alt=\"\" width=\"56\" height=\"25\" \/>[\/vc_column_text][\/vc_column_inner][vc_column_inner width=\u00a0\u00bb2\/3&Prime; css=\u00a0\u00bb.vc_custom_1744627478036{padding-top: 0px !important;}\u00a0\u00bb][vc_video link=\u00a0\u00bbhttps:\/\/youtu.be\/2K0pomjTR8Y\u00a0\u00bb align=\u00a0\u00bbcenter\u00a0\u00bb css=\u00a0\u00bb.vc_custom_1744627463161{margin-bottom: 0px !important;padding-top: 0px !important;}\u00a0\u00bb][\/vc_column_inner][\/vc_row_inner][\/vc_column][\/vc_row][vc_row css_animation=\u00a0\u00bbfadeIn\u00a0\u00bb css=\u00a0\u00bb.vc_custom_1699015654332{margin-top: 7% !important;margin-bottom: 5% !important;background-color: #ffffff !important;background-position: 0 0 !important;background-repeat: repeat !important;}\u00a0\u00bb][vc_column parallax=\u00a0\u00bbcontent-moving\u00a0\u00bb css_animation=\u00a0\u00bbfadeIn\u00a0\u00bb font_color=\u00a0\u00bb#454040&Prime; offset=\u00a0\u00bbvc_col-xs-12&Prime; css=\u00a0\u00bb.vc_custom_1688992182433{background-image: url(https:\/\/isuarsivik.ca\/wp-content\/uploads\/2022\/01\/shape-beige.png?id=12642) !important;background-position: 0 0 !important;background-repeat: no-repeat !important;}\u00a0\u00bb][vc_row_inner][vc_column_inner width=\u00a0\u00bb2\/3&Prime; el_id=\u00a0\u00bbprogram\u00a0\u00bb][vc_column_text css=\u00a0\u00bb.vc_custom_1685811356915{padding-bottom: 40px !important;}\u00a0\u00bb]<\/p>\n<h2>Peu importe o\u00f9 vous en \u00eates, nous pouvons vous aider<\/h2>\n<p>[\/vc_column_text][\/vc_column_inner][vc_column_inner width=\u00a0\u00bb1\/3&Prime;][\/vc_column_inner][\/vc_row_inner][vc_row_inner][vc_column_inner width=\u00a0\u00bb1\/4&Prime;][vc_column_text css=\u00a0\u00bb.vc_custom_1709039044440{margin-bottom: 20px !important;}\u00a0\u00bb]<button class=\"container-profil\"><a href=\"https:\/\/isuarsivik.ca\/fr\/services\/servicessoinscontinus\/\"><img loading=\"lazy\" decoding=\"async\" class=\"size-medium wp-image-16290\" src=\"https:\/\/isuarsivik.ca\/wp-content\/uploads\/2023\/05\/Isuarsivik_Illustrations_PM_ISUAR_Illustrations_resident-300x300.png\" alt=\"\" width=\"140\" height=\"140\" srcset=\"https:\/\/isuarsivik.ca\/wp-content\/uploads\/2023\/05\/Isuarsivik_Illustrations_PM_ISUAR_Illustrations_resident-300x300.png 300w, https:\/\/isuarsivik.ca\/wp-content\/uploads\/2023\/05\/Isuarsivik_Illustrations_PM_ISUAR_Illustrations_resident-1024x1024.png 1024w, https:\/\/isuarsivik.ca\/wp-content\/uploads\/2023\/05\/Isuarsivik_Illustrations_PM_ISUAR_Illustrations_resident-150x150.png 150w, https:\/\/isuarsivik.ca\/wp-content\/uploads\/2023\/05\/Isuarsivik_Illustrations_PM_ISUAR_Illustrations_resident-768x768.png 768w, https:\/\/isuarsivik.ca\/wp-content\/uploads\/2023\/05\/Isuarsivik_Illustrations_PM_ISUAR_Illustrations_resident-129x129.png 129w, https:\/\/isuarsivik.ca\/wp-content\/uploads\/2023\/05\/Isuarsivik_Illustrations_PM_ISUAR_Illustrations_resident-1536x1536.png 1536w, https:\/\/isuarsivik.ca\/wp-content\/uploads\/2023\/05\/Isuarsivik_Illustrations_PM_ISUAR_Illustrations_resident-2048x2048.png 2048w, https:\/\/isuarsivik.ca\/wp-content\/uploads\/2023\/05\/Isuarsivik_Illustrations_PM_ISUAR_Illustrations_resident-1170x1171.png 1170w, https:\/\/isuarsivik.ca\/wp-content\/uploads\/2023\/05\/Isuarsivik_Illustrations_PM_ISUAR_Illustrations_resident-23x23.png 23w\" sizes=\"auto, (max-width: 140px) 100vw, 140px\" \/><br \/>\nB\u00e9n\u00e9ficiaire r\u00e9sidant au Nunavik<br \/>\n<i class=\"fa fa-arrow-right fa-1x circle-icon\"><\/i><br \/>\n<\/a><\/button>[\/vc_column_text][\/vc_column_inner][vc_column_inner width=\u00a0\u00bb1\/4&Prime;][vc_column_text css=\u00a0\u00bb.vc_custom_1709039056424{margin-bottom: 20px !important;}\u00a0\u00bb]<button class=\"container-profil\"><a href=\"https:\/\/isuarsivik.ca\/fr\/services\/servicessoinscontinus\/\"><img loading=\"lazy\" decoding=\"async\" class=\"wp-image-17393 size-full\" src=\"https:\/\/isuarsivik.ca\/wp-content\/uploads\/2023\/05\/ISUAR_Illustrations_homeless-1.png\" alt=\"\" width=\"139\" height=\"140\" srcset=\"https:\/\/isuarsivik.ca\/wp-content\/uploads\/2023\/05\/ISUAR_Illustrations_homeless-1.png 139w, https:\/\/isuarsivik.ca\/wp-content\/uploads\/2023\/05\/ISUAR_Illustrations_homeless-1-129x129.png 129w, https:\/\/isuarsivik.ca\/wp-content\/uploads\/2023\/05\/ISUAR_Illustrations_homeless-1-23x23.png 23w\" sizes=\"auto, (max-width: 139px) 100vw, 139px\" \/><br \/>\nSans domicile fixe<br \/>\n<i class=\"fa fa-arrow-right fa-1x circle-icon\"><\/i><br \/>\n<\/a><\/button>[\/vc_column_text][\/vc_column_inner][vc_column_inner width=\u00a0\u00bb1\/4&Prime;][vc_column_text css=\u00a0\u00bb.vc_custom_1709039064453{margin-bottom: 20px !important;}\u00a0\u00bb]<button class=\"container-profil\"><a href=\"https:\/\/isuarsivik.ca\/fr\/services\/servicessoinscontinus\/\"><img loading=\"lazy\" decoding=\"async\" class=\"wp-image-17396 size-full\" src=\"https:\/\/isuarsivik.ca\/wp-content\/uploads\/2023\/05\/SUAR_Illustrations_non-resident.png\" alt=\"\" width=\"139\" height=\"140\" srcset=\"https:\/\/isuarsivik.ca\/wp-content\/uploads\/2023\/05\/SUAR_Illustrations_non-resident.png 139w, https:\/\/isuarsivik.ca\/wp-content\/uploads\/2023\/05\/SUAR_Illustrations_non-resident-129x129.png 129w, https:\/\/isuarsivik.ca\/wp-content\/uploads\/2023\/05\/SUAR_Illustrations_non-resident-23x23.png 23w\" sizes=\"auto, (max-width: 139px) 100vw, 139px\" \/><br \/>\nB\u00e9n\u00e9ficiaire du Nunavik r\u00e9sidant hors r\u00e9gion<br \/>\n<i class=\"fa fa-arrow-right fa-1x circle-icon\"><\/i><br \/>\n<\/a><\/button>[\/vc_column_text][\/vc_column_inner][vc_column_inner width=\u00a0\u00bb1\/4&Prime;][vc_column_text css=\u00a0\u00bb.vc_custom_1709039073622{margin-bottom: 20px !important;}\u00a0\u00bb]<button class=\"container-profil\"><a href=\"https:\/\/isuarsivik.ca\/fr\/services\/servicessoinscontinus\/\"><img loading=\"lazy\" decoding=\"async\" class=\"wp-image-17390 size-full\" src=\"https:\/\/isuarsivik.ca\/wp-content\/uploads\/2023\/05\/ISUAR_Illustrations_justice.png\" alt=\"\" width=\"139\" height=\"140\" srcset=\"https:\/\/isuarsivik.ca\/wp-content\/uploads\/2023\/05\/ISUAR_Illustrations_justice.png 139w, https:\/\/isuarsivik.ca\/wp-content\/uploads\/2023\/05\/ISUAR_Illustrations_justice-129x129.png 129w, https:\/\/isuarsivik.ca\/wp-content\/uploads\/2023\/05\/ISUAR_Illustrations_justice-23x23.png 23w\" sizes=\"auto, (max-width: 139px) 100vw, 139px\" \/><br \/>\nD\u00e9tenu(e)<br \/>\n<i class=\"fa fa-arrow-right fa-1x circle-icon\"><\/i><br \/>\n<\/a><\/button>[\/vc_column_text][\/vc_column_inner][\/vc_row_inner][\/vc_column][\/vc_row][vc_row css_animation=\u00a0\u00bbfadeIn\u00a0\u00bb css=\u00a0\u00bb.vc_custom_1685813063479{padding-top: 8% !important;padding-bottom: 5% !important;background-position: 0 0 !important;background-repeat: no-repeat !important;}\u00a0\u00bb el_class=\u00a0\u00bbNew-center\u00a0\u00bb][vc_column width=\u00a0\u00bb2\/3&Prime; font_color=\u00a0\u00bb#454040&Prime; css=\u00a0\u00bb.vc_custom_1685969590837{margin-bottom: 30px !important;background-image: url(https:\/\/isuarsivik.ca\/wp-content\/uploads\/2022\/01\/shape-beige.png?id=12642) !important;background-position: 0 0 !important;background-repeat: no-repeat !important;}\u00a0\u00bb offset=\u00a0\u00bbvc_col-md-6 vc_col-xs-12&Prime;][vc_column_text css=\u00a0\u00bb.vc_custom_1686237377000{padding-right: 10% !important;}\u00a0\u00bb]<\/p>\n<h2 style=\"padding-bottom: 30px;\">Communiquons ensemble de la fa\u00e7on qui vous convient le mieux<\/h2>\n<p><img loading=\"lazy\" decoding=\"async\" class=\"size-full wp-image-17405 alignleft\" src=\"https:\/\/isuarsivik.ca\/wp-content\/uploads\/2023\/05\/Fleche-large-right.png\" alt=\"\" width=\"56\" height=\"25\" \/>[\/vc_column_text][\/vc_column][vc_column width=\u00a0\u00bb1\/3&Prime; offset=\u00a0\u00bbvc_col-md-6&Prime; css=\u00a0\u00bb.vc_custom_1683669733031{border-radius: 20px !important;}\u00a0\u00bb][vc_raw_html css=\u00a0\u00bb.vc_custom_1687344128015{margin-bottom: 10px !important;background-color: #e8e8dd !important;border-radius: 20px !important;}\u00a0\u00bb]IDxhIGhyZWY9Imh0dHBzOi8vaXN1YXJzaXZpay5jYS9mci9zZXJ2aWNlcy9zZXJ2aWNlc3NvaW5zY29udGludXMvIj4KICAgICA8ZGl2IGNsYXNzPSJjb250YWluZXItaGVhbGluZy1DVEEiPgogICAgICAgICAgIDxwIHN0eWxlPSJmb250LWZhbWlseTogJ01vbnRzZXJyYXQnOyBmb250LXNpemU6IDIycHg7IGZvbnQtd2VpZ2h0OiA2MDA7IGNvbG9yOiM0NTQwNDA7Ij5QYXIgdMOpbMOpcGhvbmU8L3A+CiAgICAgICAgICAgIDxpbWcgY2xhc3M9InNpemUtbWVkaXVtIHdwLWltYWdlLTE2MzcxIGFsaWdubm9uZSIgc3JjPSJodHRwczovL2lzdWFyc2l2aWsuY2Evd3AtY29udGVudC91cGxvYWRzLzIwMjMvMDUvSVNVQVJfSWxsdXN0cmF0aW9uc19waG9uZS0zMDB4MzAwLnBuZyIgYWx0PSIiIHdpZHRoPSIxMDAiIGhlaWdodD0iMTAwIj4KCiAgICAgIDwvZGl2PgogPC9hPg==[\/vc_raw_html][vc_raw_html css=\u00a0\u00bb.vc_custom_1740593091876{margin-bottom: 10px !important;background-color: #e8e8dd !important;border-radius: 20px !important;}\u00a0\u00bb]IDxhIGhyZWY9Imh0dHBzOi8vaXN1YXJzaXZpay5jYS9mci9zZXJ2aWNlcy9zZXJ2aWNlc3NvaW5zY29udGludXMvIj4KICAgIDxkaXYgY2xhc3M9ImNvbnRhaW5lci1oZWFsaW5nLUNUQSI+CjxwIHN0eWxlPSJmb250LWZhbWlseTogJ01vbnRzZXJyYXQnOyBmb250LXNpemU6IDIycHg7IGZvbnQtd2VpZ2h0OiA2MDA7Y29sb3I6IzQ1NDA0MDsiPkVuIGxpZ25lPC9wPgo8aW1nIGNsYXNzPSJ3cC1pbWFnZS0xNjUwMCBzaXplLW1lZGl1bSBhbGlnbm5vbmUiIHNyYz0iaHR0cHM6Ly9pc3VhcnNpdmlrLmNhL3dwLWNvbnRlbnQvdXBsb2Fkcy8yMDIzLzA1L0lTVUFSX0lsbHVzdHJhdGlvbnNfVGVsZXZpc2lvbi0zMDB4MzAwLnBuZyIgYWx0PSIiIHdpZHRoPSIxMDAiIGhlaWdodD0iMTAwIj4KCjwvZGl2PgogPC9hPg==[\/vc_raw_html][vc_raw_html css=\u00a0\u00bb.vc_custom_1687344144833{margin-bottom: 10px !important;background-color: #e8e8dd !important;border-radius: 20px !important;}\u00a0\u00bb]IDxhIGhyZWY9Imh0dHBzOi8vaXN1YXJzaXZpay5jYS9mci9zZXJ2aWNlcy9zZXJ2aWNlc3NvaW5zY29udGludXMvIj4KICAgICA8ZGl2IGNsYXNzPSJjb250YWluZXItaGVhbGluZy1DVEEiPgo8cCBzdHlsZT0iZm9udC1mYW1pbHk6ICdNb250c2VycmF0JzsgZm9udC1zaXplOiAyMnB4OyBmb250LXdlaWdodDogNjAwO2NvbG9yOiM0NTQwNDA7Ij5FbiBwZXJzb25uZSBkYW5zIHZvdHJlIGNvbW11bmF1dMOpPC9wPgo8aW1nIGNsYXNzPSJ3cC1pbWFnZS0xNjUzMCBzaXplLW1lZGl1bSBhbGlnbm5vbmUiIHNyYz0iaHR0cHM6Ly9pc3VhcnNpdmlrLmNhL3dwLWNvbnRlbnQvdXBsb2Fkcy8yMDIzLzA1L0lzdWFyc2l2aWtfSWxsdXN0cmF0aW9uc19QTV9JU1VBUl9JbGx1c3RyYXRpb25zX2luX3BlcnNvbl9jb21tdW5pdHktMzAweDMwMC5wbmciIGFsdD0iIiB3aWR0aD0iMTAwIiBoZWlnaHQ9IjEwMCI+Cgo8L2Rpdj4KIDwvYT4=[\/vc_raw_html][vc_raw_html css=\u00a0\u00bb.vc_custom_1740594650904{margin-bottom: 10px !important;background-color: #e8e8dd !important;border-radius: 20px !important;}\u00a0\u00bb]IDxhIGhyZWY9Imh0dHBzOi8vaXN1YXJzaXZpay5jYS9mci9zZXJ2aWNlcy9wcm9ncmFtbWVhdmVjaGViZXJnZW1lbnQvIj4KICAgICA8ZGl2IGNsYXNzPSJjb250YWluZXItaGVhbGluZy1DVEEiPgo8cCBzdHlsZT0iZm9udC1mYW1pbHk6ICdNb250c2VycmF0JzsgZm9udC1zaXplOiAyMnB4OyBmb250LXdlaWdodDogNjAwOyBjb2xvcjojNDU0MDQwOyI+RW4gcGVyc29ubmUgYXUgY2VudHJlPC9wPgo8aW1nIGNsYXNzPSJ3cC1pbWFnZS0xNjUyNyBzaXplLW1lZGl1bSBhbGlnbm5vbmUiIHNyYz0iaHR0cHM6Ly9pc3VhcnNpdmlrLmNhL3dwLWNvbnRlbnQvdXBsb2Fkcy8yMDIzLzA1L0lzdWFyc2l2aWtfSWxsdXN0cmF0aW9uc19QTV9JU1VBUl9JbGx1c3RyYXRpb25zX2luX3BlcnNvbl9jZW50ZXItMzAweDMwMC5wbmciIGFsdD0iIiB3aWR0aD0iMTAwIiBoZWlnaHQ9IjEwMCI+Cgo8L2Rpdj4KIDwvYT4=[\/vc_raw_html][\/vc_column][\/vc_row][vc_row gap=\u00a0\u00bb35&Prime; css=\u00a0\u00bb.vc_custom_1743972476170{margin-bottom: 2% !important;padding-top: 8% !important;padding-bottom: 8% !important;background-color: #cc9a2e !important;background-position: 0 0 !important;background-repeat: no-repeat !important;}\u00a0\u00bb][vc_column parallax=\u00a0\u00bbcontent-moving\u00a0\u00bb width=\u00a0\u00bb2\/3&Prime; font_color=\u00a0\u00bb#454040&Prime; css=\u00a0\u00bb.vc_custom_1685969640903{margin-bottom: 50px !important;background-position: 0 0 !important;background-repeat: no-repeat !important;}\u00a0\u00bb offset=\u00a0\u00bbvc_col-md-6&Prime;][vc_single_image image=\u00a0\u00bb19629&Prime; img_size=\u00a0\u00bbfull\u00a0\u00bb css=\u00a0\u00bb.vc_custom_1743972278078{padding-right: 10% !important;padding-left: 10% !important;}\u00a0\u00bb][\/vc_column][vc_column width=\u00a0\u00bb1\/3&Prime; offset=\u00a0\u00bbvc_col-md-6&Prime; css=\u00a0\u00bb.vc_custom_1684435396635{border-radius: 20px !important;}\u00a0\u00bb font_color=\u00a0\u00bb#ffffff\u00a0\u00bb][vc_column_text css=\u00a0\u00bb.vc_custom_1685812864966{margin-bottom: 50px !important;}\u00a0\u00bb]<\/p>\n<h3 style=\"color: white;\">Ancr\u00e9s dans la culture et \u00e0 l&rsquo;identit\u00e9 inuite<\/h3>\n<p>Nos programmes et services proposent des interventions exp\u00e9rientielles bas\u00e9es sur la culture inuite. La s\u00e9curisation culturelle est une priorit\u00e9 pour nous.[\/vc_column_text][vc_column_text css=\u00a0\u00bb.vc_custom_1745432061291{padding-right: -15% !important;}\u00a0\u00bb]<\/p>\n<h3 style=\"color: white;\">Les meilleures pratiques d&rsquo;intervention en d\u00e9pendances<\/h3>\n<p>Nos programmes et services jum\u00e8lent les connaissances, le savoir et les pratiques traditionnelles inuites ainsi que les mod\u00e8les de r\u00e9tablissement en d\u00e9pendances fond\u00e9s sur des donn\u00e9es prouv\u00e9es. Notre \u00e9quipe est compos\u00e9e de professionnel(le)s qui proposent diff\u00e9rentes approches de la profession d&rsquo;aide, avec une solide exp\u00e9rience en consultation, en psychoth\u00e9rapie, en travail social, en th\u00e9rapie par les arts et en travail avec les pairs dans le domaine des d\u00e9pendances.[\/vc_column_text][vc_btn title=\u00a0\u00bbD\u00e9couvrez notre approche unique\u00a0\u00bb style=\u00a0\u00bbcustom\u00a0\u00bb custom_background=\u00a0\u00bb#4f675d\u00a0\u00bb custom_text=\u00a0\u00bb#ffffff\u00a0\u00bb shape=\u00a0\u00bbround\u00a0\u00bb link=\u00a0\u00bburl:https%3A%2F%2Fisuarsivik.ca%2Ffr%2Fapprocheguerison%2F|title:Notre%20approche%20de%20gu%C3%A9rison|\u00a0\u00bb el_class=\u00a0\u00bbbutton-2023&Prime;][\/vc_column][\/vc_row][vc_row css=\u00a0\u00bb.vc_custom_1709288036593{padding-top: 5% !important;padding-bottom: 5% !important;background-position: 0 0 !important;background-repeat: repeat !important;}\u00a0\u00bb][vc_column font_color=\u00a0\u00bb#454040&Prime; css=\u00a0\u00bb.vc_custom_1684361230157{background-image: url(https:\/\/isuarsivik.ca\/wp-content\/uploads\/2022\/01\/shape-dark-green.png?id=12674) !important;background-position: 0 0 !important;background-repeat: no-repeat !important;}\u00a0\u00bb][vc_column_text css=\u00a0\u00bb.vc_custom_1686237408689{padding-right: 10% !important;padding-bottom: 40px !important;}\u00a0\u00bb]<\/p>\n<h2>Reconnection avec la culture et l&rsquo;identit\u00e9<\/h2>\n<p>[\/vc_column_text][vc_row_inner gap=\u00a0\u00bb35&Prime;][vc_column_inner][vc_basic_grid post_type=\u00a0\u00bbtesti\u00a0\u00bb max_items=\u00a0\u00bb3&Prime; item=\u00a0\u00bb21799&Prime; grid_id=\u00a0\u00bbvc_gid:1745431933407-3920db74-f111-7&Prime;][\/vc_column_inner][\/vc_row_inner][\/vc_column][\/vc_row][vc_row css=\u00a0\u00bb.vc_custom_1743971964286{margin-bottom: 2% !important;padding-bottom: 50px !important;background-color: #E8E8DD63 !important;}\u00a0\u00bb el_class=\u00a0\u00bbbox-carreer\u00a0\u00bb][vc_column width=\u00a0\u00bb1\/2&Prime;][vc_single_image image=\u00a0\u00bb12376&Prime; img_size=\u00a0\u00bbfull\u00a0\u00bb alignment=\u00a0\u00bbcenter\u00a0\u00bb][\/vc_column][vc_column width=\u00a0\u00bb1\/2&Prime; css=\u00a0\u00bb.vc_custom_1684748797210{padding-top: 5% !important;padding-right: 5% !important;}\u00a0\u00bb][vc_column_text css=\u00a0\u00bb\u00a0\u00bb]<\/p>\n<h2>Nous embauchons!<\/h2>\n<p>Nous sommes toujours \u00e0 la recherche de nouvelles ressources passionn\u00e9es et motiv\u00e9es pour joindre notre \u00e9quipe. Nous acceptons les candidatures spontan\u00e9es, envoyez-nous votre CV ou postulez en ligne d\u00e8s aujourd\u2019hui![\/vc_column_text][vc_btn title=\u00a0\u00bbJe veux postuler!\u00a0\u00bb style=\u00a0\u00bbcustom\u00a0\u00bb custom_background=\u00a0\u00bb#454545&Prime; custom_text=\u00a0\u00bb#ffffff\u00a0\u00bb shape=\u00a0\u00bbround\u00a0\u00bb link=\u00a0\u00bburl:https%3A%2F%2Fisuarsivik.ca%2Ffr%2Fperspectives-de-carriere%2F|title:Opportunit%C3%A9s%20de%20carri%C3%A8re|\u00a0\u00bb el_class=\u00a0\u00bbbutton-2023&Prime;][\/vc_column][\/vc_row][vc_row content_placement=\u00a0\u00bbmiddle\u00a0\u00bb css=\u00a0\u00bb.vc_custom_1684749463147{padding-top: 30px !important;padding-bottom: 30px !important;}\u00a0\u00bb el_class=\u00a0\u00bbcontainer-logo-partenaires\u00a0\u00bb][vc_column width=\u00a0\u00bb1\/3&Prime;][vc_single_image image=\u00a0\u00bb19718&Prime; alignment=\u00a0\u00bbcenter\u00a0\u00bb onclick=\u00a0\u00bbcustom_link\u00a0\u00bb link=\u00a0\u00bbhttps:\/\/www.quebec.ca\/securite-situations-urgence\/services-correctionnels\/reinsertion-sociale\/trouver-ressource-dependance-sante-mentale\u00a0\u00bb el_class=\u00a0\u00bbitem-logo-partenaires\u00a0\u00bb][\/vc_column][vc_column width=\u00a0\u00bb1\/3&Prime;][vc_single_image image=\u00a0\u00bb19721&Prime; alignment=\u00a0\u00bbcenter\u00a0\u00bb onclick=\u00a0\u00bbcustom_link\u00a0\u00bb link=\u00a0\u00bbhttps:\/\/accreditation.ca\/\u00a0\u00bb el_class=\u00a0\u00bbitem-logo-partenaires\u00a0\u00bb][\/vc_column][vc_column width=\u00a0\u00bb1\/3&Prime;][vc_single_image image=\u00a0\u00bb19728&Prime; alignment=\u00a0\u00bbcenter\u00a0\u00bb onclick=\u00a0\u00bbcustom_link\u00a0\u00bb link=\u00a0\u00bbhttps:\/\/www.msss.gouv.qc.ca\/professionnels\/soins-et-services\/prix-d-excellence-du-reseau-de-la-sante-et-des-services-sociaux\/\u00a0\u00bb el_class=\u00a0\u00bbitem-logo-partenaires\u00a0\u00bb][\/vc_column][\/vc_row]<\/p>\n<\/div>","protected":false},"excerpt":{"rendered":"<p>[vc_row css_animation=\u00a0\u00bbnone\u00a0\u00bb css=\u00a0\u00bb.vc_custom_1685529973283{background-color: rgba(232,232,221,0.29) !important;background-position: 0 0 !important;background-repeat: no-repeat !important;*background-color: rgb(232,232,221) !important;}\u00a0\u00bb el_id=\u00a0\u00bbHero-banner\u00a0\u00bb el_class=\u00a0\u00bbHero-banner\u00a0\u00bb][vc_column css_animation=\u00a0\u00bbfadeIn\u00a0\u00bb el_class=\u00a0\u00bbhero-img\u00a0\u00bb offset=\u00a0\u00bbvc_hidden-lg vc_hidden-md\u00a0\u00bb css=\u00a0\u00bb.vc_custom_1685530013117{padding-top: 4% !important;padding-bottom: 8% !important;}\u00a0\u00bb][vc_single_image image=\u00a0\u00bb23827&Prime; img_size=\u00a0\u00bbmedium\u00a0\u00bb alignment=\u00a0\u00bbcenter\u00a0\u00bb css_animation=\u00a0\u00bbnone\u00a0\u00bb css=\u00a0\u00bb\u00a0\u00bb][\/vc_column][\/vc_row][vc_row css_animation=\u00a0\u00bbnone\u00a0\u00bb css=\u00a0\u00bb.vc_custom_1643665307589{padding-top: 4% !important;padding-bottom: 8% !important;background-color: rgba(232,232,221,0.29) !important;background-position: 0 0 !important;background-repeat: no-repeat &hellip; <a href=\"https:\/\/isuarsivik.ca\/fr\/\">Continue reading <span class=\"meta-nav\">&rarr;<\/span><\/a><\/p>\n","protected":false},"author":9,"featured_media":0,"parent":0,"menu_order":0,"comment_status":"closed","ping_status":"closed","template":"page-templates\/fullwidth-template.php","meta":{"footnotes":""},"wf_page_folders":[257],"class_list":["post-16280","page","type-page","status-publish","hentry"],"_links":{"self":[{"href":"https:\/\/isuarsivik.ca\/fr\/wp-json\/wp\/v2\/pages\/16280","targetHints":{"allow":["GET"]}}],"collection":[{"href":"https:\/\/isuarsivik.ca\/fr\/wp-json\/wp\/v2\/pages"}],"about":[{"href":"https:\/\/isuarsivik.ca\/fr\/wp-json\/wp\/v2\/types\/page"}],"author":[{"embeddable":true,"href":"https:\/\/isuarsivik.ca\/fr\/wp-json\/wp\/v2\/users\/9"}],"replies":[{"embeddable":true,"href":"https:\/\/isuarsivik.ca\/fr\/wp-json\/wp\/v2\/comments?post=16280"}],"version-history":[{"count":35,"href":"https:\/\/isuarsivik.ca\/fr\/wp-json\/wp\/v2\/pages\/16280\/revisions"}],"predecessor-version":[{"id":24066,"href":"https:\/\/isuarsivik.ca\/fr\/wp-json\/wp\/v2\/pages\/16280\/revisions\/24066"}],"wp:attachment":[{"href":"https:\/\/isuarsivik.ca\/fr\/wp-json\/wp\/v2\/media?parent=16280"}],"wp:term":[{"taxonomy":"wf_page_folders","embeddable":true,"href":"https:\/\/isuarsivik.ca\/fr\/wp-json\/wp\/v2\/wf_page_folders?post=16280"}],"curies":[{"name":"wp","href":"https:\/\/api.w.org\/{rel}","templated":true}]}}