{"id":14206,"date":"2022-05-05T21:54:38","date_gmt":"2022-05-06T01:54:38","guid":{"rendered":"https:\/\/isuarsivik.ca\/?page_id=14206"},"modified":"2025-04-30T15:22:49","modified_gmt":"2025-04-30T19:22:49","slug":"nos-offres-demploi","status":"publish","type":"page","link":"https:\/\/isuarsivik.ca\/fr\/nos-offres-demploi\/","title":{"rendered":"Nos offres d&#8217;emploi"},"content":{"rendered":"<div class=\"wpb-content-wrapper\"><p>[vc_row css=\u00a0\u00bb.vc_custom_1688985654634{padding-top: 5% !important;background-color: #f8f8f5 !important;}\u00a0\u00bb][vc_column width=\u00a0\u00bb2\/3&Prime; css=\u00a0\u00bb.vc_custom_1688985685120{padding-bottom: 5% !important;background-image: url(https:\/\/isuarsivik.ca\/wp-content\/uploads\/2022\/01\/shape-1.png?id=12080) !important;background-position: 0 0 !important;background-repeat: no-repeat !important;}\u00a0\u00bb][vc_column_text css=\u00a0\u00bb.vc_custom_1688985940582{padding-bottom: 5% !important;background-position: center !important;background-repeat: no-repeat !important;background-size: contain !important;}\u00a0\u00bb]<\/p>\n<h1 class=\"h1\">Nos offres<br \/>\nd&#8217;emploi<\/h1>\n<p>[\/vc_column_text][vc_column_text css=\u00a0\u00bb.vc_custom_1688985723373{margin-right: 0px !important;}\u00a0\u00bb]<\/p>\n<p class=\"body-large\" style=\"color: #584e4b;\">Notre famille s&rsquo;agrandit rapidement et de nombreuses possibilit\u00e9s s&rsquo;offrent \u00e0 toi. C&rsquo;est ta chance de joindre une \u00e9quipe dynamique et d\u00e9vou\u00e9e pour la cause de la gu\u00e9rison au Nunavik.<\/p>\n<p>[\/vc_column_text][\/vc_column][vc_column width=\u00a0\u00bb1\/3&Prime;][\/vc_column][\/vc_row][vc_row el_class=\u00a0\u00bbjob-listing\u00a0\u00bb css=\u00a0\u00bb.vc_custom_1688985810236{padding-top: 5% !important;}\u00a0\u00bb][vc_column][vc_tta_accordion shape=\u00a0\u00bbsquare\u00a0\u00bb color=\u00a0\u00bbwhite\u00a0\u00bb gap=\u00a0\u00bb35&Prime; c_icon=\u00a0\u00bbchevron\u00a0\u00bb c_position=\u00a0\u00bbright\u00a0\u00bb active_section=\u00a0\u00bb1&Prime; no_fill=\u00a0\u00bbtrue\u00a0\u00bb collapsible_all=\u00a0\u00bbtrue\u00a0\u00bb][vc_tta_section title=\u00a0\u00bbServices cliniques (3)\u00a0\u00bb tab_id=\u00a0\u00bbrecovery-services\u00a0\u00bb el_class=\u00a0\u00bbrecovery-services\u00a0\u00bb][vc_column_text]<\/p>\n<p style=\"font-family: 'Montserrat'; font-size: 20px; font-weight: bold; text-decoration: underline;\"><a href=\"https:\/\/isuarsivik.ca\/fr\/detention-support-counsellor\/\">Conseiller ou Conseill\u00e8re en soutien aux d\u00e9tenu(e)s<\/a><\/p>\n<p>[\/vc_column_text][vc_column_text]<\/p>\n<p style=\"font-family: 'Montserrat'; font-size: 20px; font-weight: bold; text-decoration: underline;\"><a href=\"https:\/\/isuarsivik.ca\/fr\/nos-offres-demploi\/conseiller-soins-continus-2024\/\">Conseiller et conseill\u00e8re en soins continus<\/a><\/p>\n<p>[\/vc_column_text][vc_column_text]<\/p>\n<p style=\"font-family: 'Montserrat'; font-size: 20px; font-weight: bold; text-decoration: underline;\"><a href=\"https:\/\/isuarsivik.ca\/fr\/nos-offres-demploi\/conseiller-et-conseillere-en-soins-continus-puvirnituq\/\">Conseiller et conseill\u00e8re en soins continus (Puvirnituq)<\/a><\/p>\n<p>[\/vc_column_text][vc_column_text css=\u00a0\u00bb.vc_custom_1671018892187{padding-bottom: 20px !important;}\u00a0\u00bb][\/vc_column_text][\/vc_tta_section][\/vc_tta_accordion][vc_tta_accordion shape=\u00a0\u00bbsquare\u00a0\u00bb color=\u00a0\u00bbwhite\u00a0\u00bb gap=\u00a0\u00bb35&Prime; c_icon=\u00a0\u00bbchevron\u00a0\u00bb c_position=\u00a0\u00bbright\u00a0\u00bb active_section=\u00a0\u00bb1&Prime; no_fill=\u00a0\u00bbtrue\u00a0\u00bb collapsible_all=\u00a0\u00bbtrue\u00a0\u00bb][vc_tta_section title=\u00a0\u00bbServices administratifs (0)\u00a0\u00bb tab_id=\u00a0\u00bbadministration-services\u00a0\u00bb el_class=\u00a0\u00bbadministration-services\u00a0\u00bb][\/vc_tta_section][\/vc_tta_accordion][vc_column_text][\/vc_column_text][\/vc_column][\/vc_row][vc_row el_class=\u00a0\u00bbjoining-family\u00a0\u00bb][vc_column css=\u00a0\u00bb.vc_custom_1688990495502{margin-top: 100px !important;margin-bottom: 100px !important;padding-right: 5% !important;padding-left: 5% !important;background-color: #f8f8f5 !important;border-radius: 35px !important;}\u00a0\u00bb][vc_column_text css=\u00a0\u00bb.vc_custom_1688986481825{padding-bottom: 40px !important;}\u00a0\u00bb]<\/p>\n<h3 style=\"color: #4f675d; text-transform: none; text-align: center;\">Tu aimerais joindre notre famille ?<\/h3>\n<p>[\/vc_column_text][vc_column_text]<\/p>\n<p style=\"text-align: center;\">Tu aimerais joindre notre famille, mais tu ne voies aucune offre d\u2019emploi qui correspond \u00e0 tes comp\u00e9tences? Nous aimerions te parler! Envoie-nous ta candidature spontan\u00e9e et nous communiquerons avec toi.<\/p>\n<p>[\/vc_column_text][vc_btn title=\u00a0\u00bbSoumettre ma candidature\u00a0\u00bb style=\u00a0\u00bbcustom\u00a0\u00bb custom_background=\u00a0\u00bb#cc9a2e\u00a0\u00bb custom_text=\u00a0\u00bb#ffffff\u00a0\u00bb shape=\u00a0\u00bbround\u00a0\u00bb align=\u00a0\u00bbcenter\u00a0\u00bb link=\u00a0\u00bburl:https%3A%2F%2Fisuarsivik.ca%2Ffr%2Fcandidature-spontannee%2F|title:Candidature%20spontann%C3%A9e\u00a0\u00bb el_class=\u00a0\u00bbbutton-2023&Prime;][\/vc_column][\/vc_row]<\/p>\n<\/div>","protected":false},"excerpt":{"rendered":"<p>[vc_row css=\u00a0\u00bb.vc_custom_1688985654634{padding-top: 5% !important;background-color: #f8f8f5 !important;}\u00a0\u00bb][vc_column width=\u00a0\u00bb2\/3&Prime; css=\u00a0\u00bb.vc_custom_1688985685120{padding-bottom: 5% !important;background-image: url(https:\/\/isuarsivik.ca\/wp-content\/uploads\/2022\/01\/shape-1.png?id=12080) !important;background-position: 0 0 !important;background-repeat: no-repeat !important;}\u00a0\u00bb][vc_column_text css=\u00a0\u00bb.vc_custom_1688985940582{padding-bottom: 5% !important;background-position: center !important;background-repeat: no-repeat !important;background-size: contain !important;}\u00a0\u00bb] Nos offres d&#8217;emploi [\/vc_column_text][vc_column_text css=\u00a0\u00bb.vc_custom_1688985723373{margin-right: 0px !important;}\u00a0\u00bb] Notre famille s&rsquo;agrandit rapidement et de nombreuses &hellip; <a href=\"https:\/\/isuarsivik.ca\/fr\/nos-offres-demploi\/\">Continue reading <span class=\"meta-nav\">&rarr;<\/span><\/a><\/p>\n","protected":false},"author":9,"featured_media":0,"parent":0,"menu_order":0,"comment_status":"closed","ping_status":"closed","template":"page-templates\/fullwidth-template.php","meta":{"footnotes":""},"wf_page_folders":[243,257],"class_list":["post-14206","page","type-page","status-publish","hentry"],"_links":{"self":[{"href":"https:\/\/isuarsivik.ca\/fr\/wp-json\/wp\/v2\/pages\/14206","targetHints":{"allow":["GET"]}}],"collection":[{"href":"https:\/\/isuarsivik.ca\/fr\/wp-json\/wp\/v2\/pages"}],"about":[{"href":"https:\/\/isuarsivik.ca\/fr\/wp-json\/wp\/v2\/types\/page"}],"author":[{"embeddable":true,"href":"https:\/\/isuarsivik.ca\/fr\/wp-json\/wp\/v2\/users\/9"}],"replies":[{"embeddable":true,"href":"https:\/\/isuarsivik.ca\/fr\/wp-json\/wp\/v2\/comments?post=14206"}],"version-history":[{"count":43,"href":"https:\/\/isuarsivik.ca\/fr\/wp-json\/wp\/v2\/pages\/14206\/revisions"}],"predecessor-version":[{"id":24078,"href":"https:\/\/isuarsivik.ca\/fr\/wp-json\/wp\/v2\/pages\/14206\/revisions\/24078"}],"wp:attachment":[{"href":"https:\/\/isuarsivik.ca\/fr\/wp-json\/wp\/v2\/media?parent=14206"}],"wp:term":[{"taxonomy":"wf_page_folders","embeddable":true,"href":"https:\/\/isuarsivik.ca\/fr\/wp-json\/wp\/v2\/wf_page_folders?post=14206"}],"curies":[{"name":"wp","href":"https:\/\/api.w.org\/{rel}","templated":true}]}}