{"id":14188,"date":"2022-05-05T16:50:20","date_gmt":"2022-05-05T20:50:20","guid":{"rendered":"https:\/\/isuarsivik.ca\/candidature-spontannee\/"},"modified":"2022-05-05T16:52:38","modified_gmt":"2022-05-05T20:52:38","slug":"candidature-spontannee","status":"publish","type":"page","link":"https:\/\/isuarsivik.ca\/fr\/candidature-spontannee\/","title":{"rendered":"Candidature spontann\u00e9e"},"content":{"rendered":"<div class=\"wpb-content-wrapper\"><p>[vc_row][vc_column offset=\u00a0\u00bbvc_hidden-xs\u00a0\u00bb][vc_empty_space height=\u00a0\u00bb60px\u00a0\u00bb][\/vc_column][\/vc_row][vc_row][vc_column][vc_column_text]<\/p>\n<h1>Candidature spontann\u00e9e<\/h1>\n<p>[\/vc_column_text][\/vc_column][\/vc_row][vc_row css=\u00a0\u00bb.vc_custom_1651607315423{margin-top: 150px !important;padding-bottom: 100px !important;background-color: #8bb9ad !important;}\u00a0\u00bb el_class=\u00a0\u00bbjob-form-SA\u00a0\u00bb][vc_column][vc_column_text css=\u00a0\u00bb.vc_custom_1651783922397{background-color: #f8f8f5 !important;border-radius: 35px !important;}\u00a0\u00bb el_class=\u00a0\u00bbformulaire-career\u00a0\u00bb]\n<div class=\"wpcf7 no-js\" id=\"wpcf7-f14186-o1\" lang=\"en-US\" dir=\"ltr\" data-wpcf7-id=\"14186\">\n<div class=\"screen-reader-response\"><p role=\"status\" aria-live=\"polite\" aria-atomic=\"true\"><\/p> <ul><\/ul><\/div>\n<form action=\"\/fr\/wp-json\/wp\/v2\/pages\/14188#wpcf7-f14186-o1\" method=\"post\" class=\"wpcf7-form init\" aria-label=\"Contact form\" enctype=\"multipart\/form-data\" novalidate=\"novalidate\" data-status=\"init\">\n<fieldset class=\"hidden-fields-container\"><input type=\"hidden\" name=\"_wpcf7\" value=\"14186\" \/><input type=\"hidden\" name=\"_wpcf7_version\" value=\"6.1.5\" \/><input type=\"hidden\" name=\"_wpcf7_locale\" value=\"en_US\" \/><input type=\"hidden\" name=\"_wpcf7_unit_tag\" value=\"wpcf7-f14186-o1\" \/><input type=\"hidden\" name=\"_wpcf7_container_post\" value=\"0\" \/><input type=\"hidden\" name=\"_wpcf7_posted_data_hash\" value=\"\" \/><input type=\"hidden\" name=\"_wpcf7_recaptcha_response\" value=\"\" \/>\n<\/fieldset>\n<div id=\"job-form\">\n<h2 class=\"career-form-title\" style=\"text-align:center; padding:40px 0;\">Soumettre ma candidature pour ce poste<\/h2>\n\n<div class=\"one-half\">\n   <label> Pr\u00e9nom* <span class=\"wpcf7-form-control-wrap\" data-name=\"First-name\"><input size=\"40\" maxlength=\"400\" class=\"wpcf7-form-control wpcf7-text wpcf7-validates-as-required\" aria-required=\"true\" aria-invalid=\"false\" value=\"\" type=\"text\" name=\"First-name\" \/><\/span><\/label>\n<\/div>\n \n<div class=\"one-half last\">\n     <label> Nom* <span class=\"wpcf7-form-control-wrap\" data-name=\"Last-name\"><input size=\"40\" maxlength=\"400\" class=\"wpcf7-form-control wpcf7-text wpcf7-validates-as-required\" aria-required=\"true\" aria-invalid=\"false\" value=\"\" type=\"text\" name=\"Last-name\" \/><\/span><\/label>\n<\/div>\n\n<div class=\"one-half\">\n      <label> Adresse courriel* <span class=\"wpcf7-form-control-wrap\" data-name=\"your-email\"><input size=\"40\" maxlength=\"400\" class=\"wpcf7-form-control wpcf7-email wpcf7-validates-as-required wpcf7-text wpcf7-validates-as-email\" aria-required=\"true\" aria-invalid=\"false\" value=\"\" type=\"email\" name=\"your-email\" \/><\/span> <\/label>\n<\/div>\n \n<div class=\"one-half last\">\n       <label> Num\u00e9ro de t\u00e9l\u00e9phone <span class=\"wpcf7-form-control-wrap\" data-name=\"Phonenumber\"><input size=\"40\" maxlength=\"400\" class=\"wpcf7-form-control wpcf7-tel wpcf7-text wpcf7-validates-as-tel\" aria-invalid=\"false\" value=\"\" type=\"tel\" name=\"Phonenumber\" \/><\/span><\/label>\n<\/div>\n\n<div class=\"one-half\">\n      <label> Confirmer votre adresse courriel* <span class=\"wpcf7-form-control-wrap\" data-name=\"your-email\"><input size=\"40\" maxlength=\"400\" class=\"wpcf7-form-control wpcf7-email wpcf7-validates-as-required wpcf7-text wpcf7-validates-as-email\" aria-required=\"true\" aria-invalid=\"false\" value=\"\" type=\"email\" name=\"your-email\" \/><\/span> <\/label>\n<\/div>\n \n<div class=\"one-half last\">\n       <label> Confirmer votre num\u00e9ro de t\u00e9l\u00e9phone <span class=\"wpcf7-form-control-wrap\" data-name=\"Phonenumber\"><input size=\"40\" maxlength=\"400\" class=\"wpcf7-form-control wpcf7-tel wpcf7-text wpcf7-validates-as-tel\" aria-invalid=\"false\" value=\"\" type=\"tel\" name=\"Phonenumber\" \/><\/span><\/label>\n<\/div>\n\n\n<div class=\"one-half\">\n   <label> Communaut\u00e9\/ville <span class=\"wpcf7-form-control-wrap\" data-name=\"City\"><input size=\"40\" maxlength=\"400\" class=\"wpcf7-form-control wpcf7-text wpcf7-validates-as-required\" aria-required=\"true\" aria-invalid=\"false\" value=\"\" type=\"text\" name=\"City\" \/><\/span> <\/label>\n<\/div>\n \n<div class=\"one-half last\">\n   <label> Province <span class=\"wpcf7-form-control-wrap\" data-name=\"Provinces\"><select class=\"wpcf7-form-control wpcf7-select\" aria-invalid=\"false\" name=\"Provinces\"><option value=\"Alberta\">Alberta<\/option><option value=\"Colombie-Britannique\">Colombie-Britannique<\/option><option value=\"\u00cele-du-Prince-\u00c9douard\">\u00cele-du-Prince-\u00c9douard<\/option><option value=\"Manitoba\">Manitoba<\/option><option value=\"Nouveau-Brunswick\">Nouveau-Brunswick<\/option><option value=\"Nouvelle-\u00c9cosse\">Nouvelle-\u00c9cosse<\/option><option value=\"Ontario\">Ontario<\/option><option value=\"Qu\u00e9bec\">Qu\u00e9bec<\/option><option value=\"Saskatchewan\">Saskatchewan<\/option><option value=\"Terre-Neuve-et-Labrador\">Terre-Neuve-et-Labrador<\/option><\/select><\/span><\/label>\n<\/div>\n\n<label> \u00cates-vous b\u00e9n\u00e9ficiaire de l'une des ententes sur les revendications territoriales des Inuits\n<span style=\"font-weight:500;\">(Nunavik, Nunavut, Inuvialuit, Nunatsiavut)?<\/span><\/label>\n<span class=\"wpcf7-form-control-wrap\" data-name=\"radio-246\"><span class=\"wpcf7-form-control wpcf7-radio\"><span class=\"wpcf7-list-item first\"><label><input type=\"radio\" name=\"radio-246\" value=\"Oui\" checked=\"checked\" \/><span class=\"wpcf7-list-item-label\">Oui<\/span><\/label><\/span><span class=\"wpcf7-list-item last\"><label><input type=\"radio\" name=\"radio-246\" value=\"Non\" \/><span class=\"wpcf7-list-item-label\">Non<\/span><\/label><\/span><\/span><\/span> \n\n<label> Partage-nous ton int\u00e9r\u00eat pour joindre Isuarsivik <span class=\"wpcf7-form-control-wrap\" data-name=\"your-message\"><textarea cols=\"40\" rows=\"10\" maxlength=\"2000\" class=\"wpcf7-form-control wpcf7-textarea\" aria-invalid=\"false\" name=\"your-message\"><\/textarea><\/span> <\/label>\n\n<label>Quels sont vos emplois pr\u00e9c\u00e9dents? <span class=\"wpcf7-form-control-wrap\" data-name=\"previous-workplace\"><textarea cols=\"40\" rows=\"10\" maxlength=\"2000\" class=\"wpcf7-form-control wpcf7-textarea\" aria-invalid=\"false\" name=\"previous-workplace\"><\/textarea><\/span> <\/label>\n\n<label>Quelles sont vos comp\u00e9tences professionnelles? <span class=\"wpcf7-form-control-wrap\" data-name=\"competencies\"><textarea cols=\"40\" rows=\"10\" maxlength=\"2000\" class=\"wpcf7-form-control wpcf7-textarea\" aria-invalid=\"false\" name=\"competencies\"><\/textarea><\/span> <\/label>\n\n<label>Pourquoi devrions-nous vous engager? <span class=\"wpcf7-form-control-wrap\" data-name=\"why-hire\"><textarea cols=\"40\" rows=\"10\" maxlength=\"2000\" class=\"wpcf7-form-control wpcf7-textarea\" aria-invalid=\"false\" name=\"why-hire\"><\/textarea><\/span> <\/label>\n\n<label>Sur quelle offre d'emploi souhaites-tu poser ta candidature?* <\/label>\n<label> \n    <span class=\"wpcf7-form-control-wrap\" data-name=\"Firstchoice\"><select class=\"wpcf7-form-control wpcf7-select wpcf7-validates-as-required\" aria-required=\"true\" aria-invalid=\"false\" name=\"Firstchoice\"><option value=\"Choisissez\">Choisissez<\/option><option value=\"Aucun poste pr\u00e9cis\">Aucun poste pr\u00e9cis<\/option><option value=\"Continued Care Counsellor\">Continued Care Counsellor<\/option><option value=\"Community Counsellor (Kangirsuk)\">Community Counsellor (Kangirsuk)<\/option><option value=\"Community Counsellor (Puvirnituq)\">Community Counsellor (Puvirnituq)<\/option><option value=\"Coordinator - Attendants\">Coordinator - Attendants<\/option><option value=\"Coordinator - Youth Services\">Coordinator - Youth Services<\/option><option value=\"Development Officer, Grants and Donations\">Development Officer, Grants and Donations<\/option><option value=\"Interpreter\">Interpreter<\/option><option value=\"Janitor\">Janitor<\/option><option value=\"Maintenance Worker\">Maintenance Worker<\/option><option value=\"Recovery Counsellor\">Recovery Counsellor<\/option><option value=\"Teacher\/Tutor\">Teacher\/Tutor<\/option><\/select><\/span> \n<\/label>\n\n\n<label> Lettre de motivation ou CV\n<span class=\"wpcf7-form-control-wrap\" data-name=\"LettredemotivationCV\"><input size=\"40\" class=\"wpcf7-form-control wpcf7-file\" accept=\".png,.jpg,.doc,.ppt,.pdf,.docx\" aria-invalid=\"false\" type=\"file\" name=\"LettredemotivationCV\" \/><\/span><\/label>\n\n<label> T\u00e9l\u00e9charger des documents\n<span class=\"wpcf7-form-control-wrap\" data-name=\"Document\"><input size=\"40\" class=\"wpcf7-form-control wpcf7-file\" accept=\".png,.jpg,.doc,.ppt,.pdf,.docx\" aria-invalid=\"false\" type=\"file\" name=\"Document\" \/><\/span><\/label>\n\n<label style=\"margin-bottom:30px;\">O\u00f9 as-tu entendu parler des opportunit\u00e9s de carri\u00e8re d\u2019Isuarsivik?\n<span class=\"wpcf7-form-control-wrap\" data-name=\"Pointdecontact\"><select class=\"wpcf7-form-control wpcf7-select\" aria-invalid=\"false\" name=\"Pointdecontact\"><option value=\"Revue\/Journaux\">Revue\/Journaux<\/option><option value=\"M\u00e9dias sociaux (Facebook, Instagram, Linkedin, etc.)\">M\u00e9dias sociaux (Facebook, Instagram, Linkedin, etc.)<\/option><option value=\"Pr\u00e9sentoirs dans les a\u00e9roports et co-ops\">Pr\u00e9sentoirs dans les a\u00e9roports et co-ops<\/option><option value=\"D\u00e9pliants\/Envois postaux\">D\u00e9pliants\/Envois postaux<\/option><option value=\"Famille\/Amis\">Famille\/Amis<\/option><option value=\"Spotify\">Spotify<\/option><option value=\"Autres\">Autres<\/option><\/select><\/span><\/label>\n<\/div>\n\n<input class=\"wpcf7-form-control wpcf7-submit has-spinner\" type=\"submit\" value=\"Envoyer votre candidature\" \/>\n<\/div><input type=\"hidden\" id=\"ct_checkjs_cf7_7f24d240521d99071c93af3917215ef7\" name=\"ct_checkjs_cf7\" value=\"0\" \/><div class=\"wpcf7-response-output\" aria-hidden=\"true\"><\/div>\n<\/form>\n<\/div>\n[\/vc_column_text][\/vc_column][\/vc_row]<\/p>\n<\/div>","protected":false},"excerpt":{"rendered":"<p>[vc_row][vc_column offset=\u00a0\u00bbvc_hidden-xs\u00a0\u00bb][vc_empty_space height=\u00a0\u00bb60px\u00a0\u00bb][\/vc_column][\/vc_row][vc_row][vc_column][vc_column_text] Candidature spontann\u00e9e [\/vc_column_text][\/vc_column][\/vc_row][vc_row css=\u00a0\u00bb.vc_custom_1651607315423{margin-top: 150px !important;padding-bottom: 100px !important;background-color: #8bb9ad !important;}\u00a0\u00bb el_class=\u00a0\u00bbjob-form-SA\u00a0\u00bb][vc_column][vc_column_text css=\u00a0\u00bb.vc_custom_1651783922397{background-color: #f8f8f5 !important;border-radius: 35px !important;}\u00a0\u00bb el_class=\u00a0\u00bbformulaire-career\u00a0\u00bb][\/vc_column_text][\/vc_column][\/vc_row]<\/p>\n","protected":false},"author":9,"featured_media":0,"parent":0,"menu_order":0,"comment_status":"closed","ping_status":"closed","template":"page-templates\/fullwidth-template.php","meta":{"footnotes":""},"wf_page_folders":[243],"class_list":["post-14188","page","type-page","status-publish","hentry"],"_links":{"self":[{"href":"https:\/\/isuarsivik.ca\/fr\/wp-json\/wp\/v2\/pages\/14188","targetHints":{"allow":["GET"]}}],"collection":[{"href":"https:\/\/isuarsivik.ca\/fr\/wp-json\/wp\/v2\/pages"}],"about":[{"href":"https:\/\/isuarsivik.ca\/fr\/wp-json\/wp\/v2\/types\/page"}],"author":[{"embeddable":true,"href":"https:\/\/isuarsivik.ca\/fr\/wp-json\/wp\/v2\/users\/9"}],"replies":[{"embeddable":true,"href":"https:\/\/isuarsivik.ca\/fr\/wp-json\/wp\/v2\/comments?post=14188"}],"version-history":[{"count":0,"href":"https:\/\/isuarsivik.ca\/fr\/wp-json\/wp\/v2\/pages\/14188\/revisions"}],"wp:attachment":[{"href":"https:\/\/isuarsivik.ca\/fr\/wp-json\/wp\/v2\/media?parent=14188"}],"wp:term":[{"taxonomy":"wf_page_folders","embeddable":true,"href":"https:\/\/isuarsivik.ca\/fr\/wp-json\/wp\/v2\/wf_page_folders?post=14188"}],"curies":[{"name":"wp","href":"https:\/\/api.w.org\/{rel}","templated":true}]}}