{"id":13629,"date":"2022-05-05T16:13:16","date_gmt":"2022-05-05T20:13:16","guid":{"rendered":"https:\/\/isuarsivik.ca\/?page_id=13629"},"modified":"2023-11-16T08:14:26","modified_gmt":"2023-11-16T13:14:26","slug":"perspectives-de-carriere","status":"publish","type":"page","link":"https:\/\/isuarsivik.ca\/fr\/perspectives-de-carriere\/","title":{"rendered":"Opportunit\u00e9s de carri\u00e8re"},"content":{"rendered":"<div class=\"wpb-content-wrapper\"><p>[vc_row css=\u00a0\u00bb.vc_custom_1688989177212{padding-top: 5% !important;padding-bottom: 3% !important;background-color: #f8f8f5 !important;background-position: 0 0 !important;background-repeat: repeat !important;}\u00a0\u00bb][vc_column parallax=\u00a0\u00bbcontent-moving\u00a0\u00bb font_color=\u00a0\u00bb#ffffff\u00a0\u00bb offset=\u00a0\u00bbvc_col-xs-12&Prime; css=\u00a0\u00bb.vc_custom_1651770009725{background-image: url(https:\/\/isuarsivik.ca\/wp-content\/uploads\/2022\/01\/shape-1.png?id=12080) !important;background-position: 0 0 !important;background-repeat: no-repeat !important;}\u00a0\u00bb][vc_column_text css=\u00a0\u00bb.vc_custom_1688987789789{padding-bottom: 40px !important;}\u00a0\u00bb]<\/p>\n<h1>L&rsquo;un des meilleurs milieux<br \/>\nde travail au Nunavik<\/h1>\n<p>[\/vc_column_text][vc_row_inner css=\u00a0\u00bb.vc_custom_1688988084722{margin-bottom: 60px !important;}\u00a0\u00bb][vc_column_inner width=\u00a0\u00bb2\/3&Prime;][vc_column_text css=\u00a0\u00bb.vc_custom_1688988108642{padding-bottom: 30px !important;}\u00a0\u00bb]<\/p>\n<p class=\"body-large\" style=\"color: #454040;\">Nous t&rsquo;offrons la chance exceptionnelle d\u2019investir dans ta croissance personnelle, d\u2019aider les gens autour de toi, de te sentir valoriser et de profiter de conditions de travail flexibles.<\/p>\n<p>[\/vc_column_text][vc_btn title=\u00a0\u00bbVoir nos offres d&#8217;emploi\u00a0\u00bb style=\u00a0\u00bbcustom\u00a0\u00bb custom_background=\u00a0\u00bb#cc9a2e\u00a0\u00bb custom_text=\u00a0\u00bb#ffffff\u00a0\u00bb shape=\u00a0\u00bbround\u00a0\u00bb align=\u00a0\u00bbleft\u00a0\u00bb link=\u00a0\u00bburl:https%3A%2F%2Fisuarsivik.ca%2Ffr%2Fnos-offres-demploi%2F|title:Nos%20offres%20d&#8217;emploi\u00a0\u00bb el_class=\u00a0\u00bbbutton-2023&Prime;][\/vc_column_inner][vc_column_inner width=\u00a0\u00bb1\/3&Prime;][\/vc_column_inner][\/vc_row_inner][\/vc_column][\/vc_row][vc_row el_class=\u00a0\u00bbCurved-section-top\u00a0\u00bb][vc_column][vc_column_text]<\/p>\n<section>\n<div class=\"content\"><\/div>\n<p><!-- content --><br \/>\n<\/section>\n<p>[\/vc_column_text][\/vc_column][\/vc_row][vc_row el_class=\u00a0\u00bbintro-avantages\u00a0\u00bb css=\u00a0\u00bb.vc_custom_1650395381193{background-color: #8bb9ad !important;}\u00a0\u00bb][vc_column][vc_row_inner gap=\u00a0\u00bb35&Prime; css=\u00a0\u00bb.vc_custom_1651671441279{padding-bottom: 100px !important;}\u00a0\u00bb][vc_column_inner width=\u00a0\u00bb1\/2&Prime; css=\u00a0\u00bb.vc_custom_1651770254375{padding-top: 50px !important;}\u00a0\u00bb][vc_column_text css=\u00a0\u00bb.vc_custom_1683721778441{padding-bottom: 40px !important;}\u00a0\u00bb]<\/p>\n<h3 style=\"color: #ffffff;\">Vue imprenable<br \/>\nsur la rivi\u00e8re Koksoak<\/h3>\n<p>[\/vc_column_text][vc_column_text]<\/p>\n<p style=\"color: #ffffff;\">Sois l\u2019un. e des premier. \u00e8re. s \u00e0 profiter de notre milieu de travail le plus ensoleill\u00e9, vibrants et relaxants du Nunavik. Notre nouveau b\u00e2timent rendra ton quotidien plus motivant!<\/p>\n<p>[\/vc_column_text][\/vc_column_inner][vc_column_inner width=\u00a0\u00bb1\/2&Prime;][vc_single_image image=\u00a0\u00bb15159&Prime; img_size=\u00a0\u00bb476&#215;350&Prime;][\/vc_column_inner][\/vc_row_inner][vc_row_inner gap=\u00a0\u00bb35&Prime; css=\u00a0\u00bb.vc_custom_1651673589223{padding-bottom: 120px !important;}\u00a0\u00bb][vc_column_inner width=\u00a0\u00bb1\/2&Prime;][vc_single_image image=\u00a0\u00bb14110&Prime; img_size=\u00a0\u00bbfull\u00a0\u00bb][\/vc_column_inner][vc_column_inner width=\u00a0\u00bb1\/2&Prime; css=\u00a0\u00bb.vc_custom_1651770376269{padding-top: 50px !important;}\u00a0\u00bb][vc_column_text css=\u00a0\u00bb.vc_custom_1683721813030{padding-bottom: 40px !important;}\u00a0\u00bb]<\/p>\n<h3 style=\"color: #ffffff;\">Valorisation de la langue<br \/>\net de la culture inuites<\/h3>\n<p>[\/vc_column_text][vc_column_text]<\/p>\n<p style=\"color: #ffffff;\">Afin de remplir notre mission et de mieux servir les Nunavimmiut dans leur chemin vers la gu\u00e9rison, Isuarsivik favorise et promeut l\u2019emploi de b\u00e9n\u00e9ficiaires de l\u2019une des ententes sur les revendications territoriales des Inuits. Tous les employ\u00e9. e. s peuvent b\u00e9n\u00e9ficier de la prime Ilarkusik. Apprenez-en plus \u00e0 l\u2019embauche!<\/p>\n<p>[\/vc_column_text][\/vc_column_inner][\/vc_row_inner][vc_row_inner gap=\u00a0\u00bb35&Prime; css=\u00a0\u00bb.vc_custom_1685456130904{padding-bottom: 120px !important;}\u00a0\u00bb][vc_column_inner width=\u00a0\u00bb1\/2&Prime;][vc_column_text css=\u00a0\u00bb.vc_custom_1685456061532{padding-bottom: 40px !important;}\u00a0\u00bb]<\/p>\n<h3 style=\"color: #ffffff;\">Des logements confortables<br \/>\nr\u00e9serv\u00e9s au personnel<\/h3>\n<p style=\"color: #ffffff;\">Isuarsivik offre des logements modernes et de construction r\u00e9cente \u00e0 son personnel et \u00e0 leurs proches. Nos trois quadruplex de 1 \u00e0 2 chambres \u00e0 coucher peuvent accueillir jusqu\u2019\u00e0 12 personnes ou familles.<\/p>\n<p>[\/vc_column_text][\/vc_column_inner][vc_column_inner width=\u00a0\u00bb1\/2&Prime;][vc_single_image image=\u00a0\u00bb17835&Prime; img_size=\u00a0\u00bbfull\u00a0\u00bb][\/vc_column_inner][\/vc_row_inner][vc_row_inner gap=\u00a0\u00bb35&Prime;][vc_column_inner width=\u00a0\u00bb1\/2&Prime;][vc_single_image image=\u00a0\u00bb14158&Prime; img_size=\u00a0\u00bb84&#215;110&Prime; css=\u00a0\u00bb.vc_custom_1651770698087{padding-bottom: 30px !important;}\u00a0\u00bb][vc_column_text css=\u00a0\u00bb.vc_custom_1685454201801{padding-bottom: 40px !important;}\u00a0\u00bb]<\/p>\n<h3 style=\"color: #ffffff;\">Apprendre et grandir<br \/>\navec nous<\/h3>\n<p style=\"color: #ffffff;\">Avez-vous l\u2019impression d\u2019\u00eatre trop investi. e dans votre propre parcours de gu\u00e9rison pour travailler avec nous? Ne soyez pas aussi dur. e envers vous-m\u00eame. Notre \u00e9quipe essaie toujours de se montrer positive alors laissez-nous vous traiter comme un membre de la famille au sein de notre \u00e9quipe positive Isuarsivik vous permettra de renforcer votre propre bien-\u00eatre et d\u2019avoir acc\u00e8s \u00e0 des formations r\u00e9guli\u00e8res. De plus, vous serez entour\u00e9. e de coll\u00e8gues qui cheminent aussi.<\/p>\n<p>[\/vc_column_text][\/vc_column_inner][vc_column_inner width=\u00a0\u00bb1\/2&Prime;][vc_single_image image=\u00a0\u00bb14161&Prime; img_size=\u00a0\u00bb100&#215;88&Prime; css=\u00a0\u00bb.vc_custom_1651770703318{padding-bottom: 30px !important;}\u00a0\u00bb][vc_column_text css=\u00a0\u00bb.vc_custom_1685454272113{padding-bottom: 40px !important;}\u00a0\u00bb]<\/p>\n<h3 style=\"color: #ffffff;\">Conditions de travail<br \/>\nint\u00e9ressantes<\/h3>\n<p style=\"color: #ffffff;\">Nous offrons les avantages sociaux comp\u00e9titifs du secteur de la sant\u00e9. Par-dessus tout, Isuarsivik t\u2019offrira un parfait \u00e9quilibre entre ta vie professionnelle et personnelle et tu b\u00e9n\u00e9ficieras de plusieurs semaines de vacances par ann\u00e9e ainsi que d\u2019une indemnit\u00e9 de vie ch\u00e8re et d\u2019une indemnit\u00e9 de transport.<\/p>\n<p>[\/vc_column_text][\/vc_column_inner][\/vc_row_inner][\/vc_column][\/vc_row][vc_row el_class=\u00a0\u00bbcontainer-gradient-green\u00a0\u00bb css=\u00a0\u00bb.vc_custom_1688989414056{margin-bottom: 100px !important;padding-top: 100px !important;padding-right: 10% !important;padding-left: 10% !important;}\u00a0\u00bb][vc_column css=\u00a0\u00bb.vc_custom_1688989937364{padding-top: 3% !important;padding-right: 5% !important;padding-bottom: 3% !important;padding-left: 5% !important;background-color: #f8f8f5 !important;border-radius: 35px !important;}\u00a0\u00bb][vc_column_text css=\u00a0\u00bb.vc_custom_1688989806850{padding-bottom: 20px !important;}\u00a0\u00bb]<\/p>\n<h3 style=\"color: #4f675d; text-transform: none; text-align: center;\">Tu aimerais joindre notre famille ?<\/h3>\n<p>[\/vc_column_text][vc_column_text css=\u00a0\u00bb.vc_custom_1688989839302{padding-bottom: 30px !important;}\u00a0\u00bb]<\/p>\n<p style=\"text-align: center;\">Tu aimerais joindre notre famille, mais tu ne voies aucune offre d\u2019emploi qui correspond \u00e0 tes comp\u00e9tences? Nous aimerions te parler! Envoie-nous ta candidature spontan\u00e9e et nous communiquerons avec toi.<\/p>\n<p>[\/vc_column_text][vc_row_inner][vc_column_inner][vc_btn title=\u00a0\u00bbNos offres d&#8217;emploi\u00a0\u00bb style=\u00a0\u00bbcustom\u00a0\u00bb custom_background=\u00a0\u00bb#cc9a2e\u00a0\u00bb custom_text=\u00a0\u00bb#ffffff\u00a0\u00bb shape=\u00a0\u00bbround\u00a0\u00bb align=\u00a0\u00bbcenter\u00a0\u00bb link=\u00a0\u00bburl:https%3A%2F%2Fisuarsivik.ca%2Ffr%2Fnos-offres-demploi%2F|title:Nos%20offres%20d&#8217;emploi\u00a0\u00bb el_class=\u00a0\u00bbbutton-2023&Prime;][vc_btn title=\u00a0\u00bbSoumettre ma candidature\u00a0\u00bb style=\u00a0\u00bbcustom\u00a0\u00bb custom_background=\u00a0\u00bb#cc9a2e\u00a0\u00bb custom_text=\u00a0\u00bb#ffffff\u00a0\u00bb shape=\u00a0\u00bbround\u00a0\u00bb align=\u00a0\u00bbcenter\u00a0\u00bb link=\u00a0\u00bburl:https%3A%2F%2Fisuarsivik.ca%2Ffr%2Fcandidature-spontannee%2F|title:Nos%20offres%20d&#8217;emploi\u00a0\u00bb el_class=\u00a0\u00bbbutton-2023&Prime;][\/vc_column_inner][\/vc_row_inner][\/vc_column][\/vc_row]<\/p>\n<\/div>","protected":false},"excerpt":{"rendered":"<p>[vc_row css=\u00a0\u00bb.vc_custom_1688989177212{padding-top: 5% !important;padding-bottom: 3% !important;background-color: #f8f8f5 !important;background-position: 0 0 !important;background-repeat: repeat !important;}\u00a0\u00bb][vc_column parallax=\u00a0\u00bbcontent-moving\u00a0\u00bb font_color=\u00a0\u00bb#ffffff\u00a0\u00bb offset=\u00a0\u00bbvc_col-xs-12&Prime; css=\u00a0\u00bb.vc_custom_1651770009725{background-image: url(https:\/\/isuarsivik.ca\/wp-content\/uploads\/2022\/01\/shape-1.png?id=12080) !important;background-position: 0 0 !important;background-repeat: no-repeat !important;}\u00a0\u00bb][vc_column_text css=\u00a0\u00bb.vc_custom_1688987789789{padding-bottom: 40px !important;}\u00a0\u00bb] L&rsquo;un des meilleurs milieux de travail au Nunavik [\/vc_column_text][vc_row_inner css=\u00a0\u00bb.vc_custom_1688988084722{margin-bottom: 60px !important;}\u00a0\u00bb][vc_column_inner width=\u00a0\u00bb2\/3&Prime;][vc_column_text &hellip; <a href=\"https:\/\/isuarsivik.ca\/fr\/perspectives-de-carriere\/\">Continue reading <span class=\"meta-nav\">&rarr;<\/span><\/a><\/p>\n","protected":false},"author":9,"featured_media":0,"parent":0,"menu_order":0,"comment_status":"closed","ping_status":"closed","template":"page-templates\/fullwidth-template.php","meta":{"footnotes":""},"wf_page_folders":[243,257],"class_list":["post-13629","page","type-page","status-publish","hentry"],"_links":{"self":[{"href":"https:\/\/isuarsivik.ca\/fr\/wp-json\/wp\/v2\/pages\/13629","targetHints":{"allow":["GET"]}}],"collection":[{"href":"https:\/\/isuarsivik.ca\/fr\/wp-json\/wp\/v2\/pages"}],"about":[{"href":"https:\/\/isuarsivik.ca\/fr\/wp-json\/wp\/v2\/types\/page"}],"author":[{"embeddable":true,"href":"https:\/\/isuarsivik.ca\/fr\/wp-json\/wp\/v2\/users\/9"}],"replies":[{"embeddable":true,"href":"https:\/\/isuarsivik.ca\/fr\/wp-json\/wp\/v2\/comments?post=13629"}],"version-history":[{"count":0,"href":"https:\/\/isuarsivik.ca\/fr\/wp-json\/wp\/v2\/pages\/13629\/revisions"}],"wp:attachment":[{"href":"https:\/\/isuarsivik.ca\/fr\/wp-json\/wp\/v2\/media?parent=13629"}],"wp:term":[{"taxonomy":"wf_page_folders","embeddable":true,"href":"https:\/\/isuarsivik.ca\/fr\/wp-json\/wp\/v2\/wf_page_folders?post=13629"}],"curies":[{"name":"wp","href":"https:\/\/api.w.org\/{rel}","templated":true}]}}